{"id":1042,"date":"2022-06-22T12:01:16","date_gmt":"2022-06-22T12:01:16","guid":{"rendered":"https:\/\/adamile.com\/?page_id=1042"},"modified":"2022-06-23T10:18:39","modified_gmt":"2022-06-23T10:18:39","slug":"emplazamiento","status":"publish","type":"page","link":"https:\/\/adamile.com\/en\/emplazamiento\/","title":{"rendered":"Emplazamiento"},"content":{"rendered":"<div data-elementor-type=\"wp-page\" data-elementor-id=\"1042\" class=\"elementor elementor-1042\">\n\t\t\t\t\t\t<div class=\"elementor-inner\">\n\t\t\t\t<div class=\"elementor-section-wrap\">\n\t\t\t\t\t\t\t\t\t<section class=\"elementor-section elementor-top-section elementor-element elementor-element-6d8767be elementor-section-boxed elementor-section-height-default elementor-section-height-default\" data-id=\"6d8767be\" data-element_type=\"section\">\n\t\t\t\t\t\t<div class=\"elementor-container elementor-column-gap-default\">\n\t\t\t\t\t\t\t<div class=\"elementor-row\">\n\t\t\t\t\t<div class=\"elementor-column elementor-col-100 elementor-top-column elementor-element elementor-element-13f6179a\" data-id=\"13f6179a\" data-element_type=\"column\">\n\t\t\t<div class=\"elementor-column-wrap elementor-element-populated\">\n\t\t\t\t\t\t\t<div class=\"elementor-widget-wrap\">\n\t\t\t\t\t\t<div class=\"elementor-element elementor-element-72ace2c elementor-arrows-position-inside elementor-pagination-position-outside elementor-widget elementor-widget-image-carousel\" data-id=\"72ace2c\" data-element_type=\"widget\" data-settings=\"{&quot;slides_to_show&quot;:&quot;1&quot;,&quot;navigation&quot;:&quot;both&quot;,&quot;autoplay&quot;:&quot;yes&quot;,&quot;pause_on_hover&quot;:&quot;yes&quot;,&quot;pause_on_interaction&quot;:&quot;yes&quot;,&quot;autoplay_speed&quot;:5000,&quot;infinite&quot;:&quot;yes&quot;,&quot;effect&quot;:&quot;slide&quot;,&quot;speed&quot;:500}\" data-widget_type=\"image-carousel.default\">\n\t\t\t\t<div class=\"elementor-widget-container\">\n\t\t\t\t\t<div class=\"elementor-image-carousel-wrapper swiper-container\" dir=\"ltr\">\n\t\t\t<div class=\"elementor-image-carousel swiper-wrapper\">\n\t\t\t\t\t\t\t\t<div class=\"swiper-slide\"><figure class=\"swiper-slide-inner\"><img class=\"swiper-slide-image\" src=\"https:\/\/adamile.com\/wp-content\/uploads\/A-Casa-de-Torres.png\" alt=\"Hospedaje\" \/><\/figure><\/div><div class=\"swiper-slide\"><figure class=\"swiper-slide-inner\"><img class=\"swiper-slide-image\" src=\"https:\/\/adamile.com\/wp-content\/uploads\/WhatsApp-Image-2022-06-23-at-10.00.39-AM-1.jpeg\" alt=\"Yeguas en el pasto\" \/><\/figure><\/div><div class=\"swiper-slide\"><figure class=\"swiper-slide-inner\"><img class=\"swiper-slide-image\" src=\"https:\/\/adamile.com\/wp-content\/uploads\/WhatsApp-Image-2022-06-23-at-9.46.14-AM.jpeg\" alt=\"Finca\" \/><\/figure><\/div>\t\t\t<\/div>\n\t\t\t\t\t\t\t\t\t\t\t\t<div class=\"swiper-pagination\"><\/div>\n\t\t\t\t\t\t\t\t\t\t\t\t\t<div class=\"elementor-swiper-button elementor-swiper-button-prev\">\n\t\t\t\t\t\t<i aria-hidden=\"true\" class=\"eicon-chevron-left\"><\/i>\t\t\t\t\t\t<span class=\"elementor-screen-only\">Previous<\/span>\n\t\t\t\t\t<\/div>\n\t\t\t\t\t<div class=\"elementor-swiper-button elementor-swiper-button-next\">\n\t\t\t\t\t\t<i aria-hidden=\"true\" class=\"eicon-chevron-right\"><\/i>\t\t\t\t\t\t<span class=\"elementor-screen-only\">Next<\/span>\n\t\t\t\t\t<\/div>\n\t\t\t\t\t\t\t\t\t<\/div>\n\t\t\t\t<\/div>\n\t\t\t\t<\/div>\n\t\t\t\t<div class=\"elementor-element elementor-element-12b7141 elementor-align-center elementor-widget elementor-widget-button\" data-id=\"12b7141\" data-element_type=\"widget\" data-widget_type=\"button.default\">\n\t\t\t\t<div class=\"elementor-widget-container\">\n\t\t\t\t\t<div class=\"elementor-button-wrapper\">\n\t\t\t<a href=\"https:\/\/casa-vacaciones-sanxenxo.es\/contacto\/\" class=\"elementor-button-link elementor-button elementor-size-md\" role=\"button\">\n\t\t\t\t\t\t<span class=\"elementor-button-content-wrapper\">\n\t\t\t\t\t\t<span class=\"elementor-button-text\">Reserva en Casa de Torres<\/span>\n\t\t<\/span>\n\t\t\t\t\t<\/a>\n\t\t<\/div>\n\t\t\t\t<\/div>\n\t\t\t\t<\/div>\n\t\t\t\t<div class=\"elementor-element elementor-element-71f70cf5 elementor-invisible elementor-widget elementor-widget-text-editor\" data-id=\"71f70cf5\" data-element_type=\"widget\" data-settings=\"{&quot;_animation&quot;:&quot;fadeInRight&quot;,&quot;_animation_delay&quot;:100}\" data-widget_type=\"text-editor.default\">\n\t\t\t\t<div class=\"elementor-widget-container\">\n\t\t\t\t\t\t\t\t<div class=\"elementor-text-editor elementor-clearfix\">\n\t\t\t\t<p>CASA DE TORRES<\/p>\n<p>Actualmente nuestro emplazamiento principal se sit\u00faa en Coir\u00f3n, Pontevedra.<\/p>\n<p>Gracias a la colaboraci\u00f3n de Casa de Torres, disponemos de casi 3 hect\u00e1reas de fincas donde nuestros caballos pueden moverse libremente, alternando diferentes tipos de terreno, pasos de agua y pasto variado para que disfruten de una alimentaci\u00f3n base equilibrada.<\/p>\n<p>Casa de Torres<\/p>\n<p>Dispone de alquiler de una preciosa casa de campo para 10 personas, con 250 m\u00b2 \u00fatiles y 1600 m\u00b2 de finca, <strong>cinco dormitorios, tres ba\u00f1os y tres zonas comunes repartidos en dos alturas,&nbsp;amueblada y completamente equipada<\/strong>.<\/p>\n<p>Antigua Casa de Labranza tradicional, reformada en 1923 para adaptarla al gusto por el estilo colonial de la \u00e9poca, y renovada en 2017. Mantiene los elementos caracter\u00edsticos de una vivienda rural tradicional como son el h\u00f3rreo, pozo y corral adem\u00e1s de una bodega, tal y como sucede en muchas viviendas t\u00edpicas de la zona del Saln\u00e9s.<span id=\"more-8\"><\/span><\/p>\n<p>A<strong>&nbsp;tan s\u00f3lo 400 m del centro de la localidad de Dena, donde hay toda clase de servicios disponibles<\/strong>: comercios, plaza de abastos, panader\u00edas, cafeter\u00edas, bancos\u2026<\/p>\n<p>Las&nbsp;<a href=\"https:\/\/casa-vacaciones-sanxenxo.es\/acerca-de\/\">instalaciones&nbsp;<\/a>han sido rehabilitadas en 2017 para dotarlas de mayor confort, respetando los materiales y el mobiliario, que ha sido restaurado por uno de los mejores profesionales del ramo, para renovar el se\u00f1or\u00edo y calidez de la que siempre ha hecho gala la propiedad.<\/p>\t\t\t\t\t<\/div>\n\t\t\t\t\t\t<\/div>\n\t\t\t\t<\/div>\n\t\t\t\t\t\t<\/div>\n\t\t\t\t\t<\/div>\n\t\t<\/div>\n\t\t\t\t\t\t\t\t<\/div>\n\t\t\t\t\t<\/div>\n\t\t<\/section>\n\t\t\t\t\t\t\t\t\t<\/div>\n\t\t\t<\/div>\n\t\t\t\t\t<\/div>","protected":false},"excerpt":{"rendered":"<p>Anterior Siguiente Reserva en Casa de Torres CASA DE TORRES Actualmente nuestro emplazamiento principal se sit\u00faa en Coir\u00f3n, Pontevedra. Gracias a la colaboraci\u00f3n de Casa de Torres, disponemos de casi 3 hect\u00e1reas de fincas donde nuestros caballos pueden moverse libremente, alternando diferentes tipos de terreno, pasos de agua y pasto variado para que disfruten de [&hellip;]<\/p>","protected":false},"author":3,"featured_media":1043,"parent":0,"menu_order":0,"comment_status":"closed","ping_status":"closed","template":"elementor_header_footer","meta":[],"yoast_head":"<!-- This site is optimized with the Yoast SEO plugin v19.7.1 - https:\/\/yoast.com\/wordpress\/plugins\/seo\/ -->\n<title>Emplazamiento - Adamile<\/title>\n<meta name=\"robots\" content=\"index, follow, max-snippet:-1, max-image-preview:large, max-video-preview:-1\" \/>\n<link rel=\"canonical\" href=\"https:\/\/adamile.com\/en\/emplazamiento\/\" \/>\n<meta property=\"og:locale\" content=\"en_GB\" \/>\n<meta property=\"og:type\" content=\"article\" \/>\n<meta property=\"og:title\" content=\"Emplazamiento - Adamile\" \/>\n<meta property=\"og:description\" content=\"Anterior Siguiente Reserva en Casa de Torres CASA DE TORRES Actualmente nuestro emplazamiento principal se sit\u00faa en Coir\u00f3n, Pontevedra. Gracias a la colaboraci\u00f3n de Casa de Torres, disponemos de casi 3 hect\u00e1reas de fincas donde nuestros caballos pueden moverse libremente, alternando diferentes tipos de terreno, pasos de agua y pasto variado para que disfruten de [&hellip;]\" \/>\n<meta property=\"og:url\" content=\"https:\/\/adamile.com\/en\/emplazamiento\/\" \/>\n<meta property=\"og:site_name\" content=\"Adamile\" \/>\n<meta property=\"article:publisher\" content=\"https:\/\/www.facebook.com\/ada.kyouyama\" \/>\n<meta property=\"article:modified_time\" content=\"2022-06-23T10:18:39+00:00\" \/>\n<meta property=\"og:image\" content=\"https:\/\/adamile.com\/wp-content\/uploads\/A-Casa-de-Torres.png\" \/>\n\t<meta property=\"og:image:width\" content=\"1164\" \/>\n\t<meta property=\"og:image:height\" content=\"697\" \/>\n\t<meta property=\"og:image:type\" content=\"image\/png\" \/>\n<meta name=\"twitter:card\" content=\"summary_large_image\" \/>\n<meta name=\"twitter:label1\" content=\"Estimated reading time\" \/>\n\t<meta name=\"twitter:data1\" content=\"3 minutes\" \/>\n<script type=\"application\/ld+json\" class=\"yoast-schema-graph\">{\"@context\":\"https:\/\/schema.org\",\"@graph\":[{\"@type\":\"WebPage\",\"@id\":\"https:\/\/adamile.com\/emplazamiento\/\",\"url\":\"https:\/\/adamile.com\/emplazamiento\/\",\"name\":\"Emplazamiento - Adamile\",\"isPartOf\":{\"@id\":\"https:\/\/adamile.com\/#website\"},\"datePublished\":\"2022-06-22T12:01:16+00:00\",\"dateModified\":\"2022-06-23T10:18:39+00:00\",\"breadcrumb\":{\"@id\":\"https:\/\/adamile.com\/emplazamiento\/#breadcrumb\"},\"inLanguage\":\"en-GB\",\"potentialAction\":[{\"@type\":\"ReadAction\",\"target\":[\"https:\/\/adamile.com\/emplazamiento\/\"]}]},{\"@type\":\"BreadcrumbList\",\"@id\":\"https:\/\/adamile.com\/emplazamiento\/#breadcrumb\",\"itemListElement\":[{\"@type\":\"ListItem\",\"position\":1,\"name\":\"Portada\",\"item\":\"https:\/\/adamile.com\/\"},{\"@type\":\"ListItem\",\"position\":2,\"name\":\"Emplazamiento\"}]},{\"@type\":\"WebSite\",\"@id\":\"https:\/\/adamile.com\/#website\",\"url\":\"https:\/\/adamile.com\/\",\"name\":\"Adamile\",\"description\":\"Entrenamiento de caballos para raid\",\"publisher\":{\"@id\":\"https:\/\/adamile.com\/#organization\"},\"potentialAction\":[{\"@type\":\"SearchAction\",\"target\":{\"@type\":\"EntryPoint\",\"urlTemplate\":\"https:\/\/adamile.com\/?s={search_term_string}\"},\"query-input\":\"required name=search_term_string\"}],\"inLanguage\":\"en-GB\"},{\"@type\":\"Organization\",\"@id\":\"https:\/\/adamile.com\/#organization\",\"name\":\"ADAMILE\",\"url\":\"https:\/\/adamile.com\/\",\"sameAs\":[\"https:\/\/www.instagram.com\/_adamile\/\",\"https:\/\/www.facebook.com\/ada.kyouyama\"],\"logo\":{\"@type\":\"ImageObject\",\"inLanguage\":\"en-GB\",\"@id\":\"https:\/\/adamile.com\/#\/schema\/logo\/image\/\",\"url\":\"https:\/\/adamile.com\/wp-content\/uploads\/ada_logomail.png\",\"contentUrl\":\"https:\/\/adamile.com\/wp-content\/uploads\/ada_logomail.png\",\"width\":320,\"height\":298,\"caption\":\"ADAMILE\"},\"image\":{\"@id\":\"https:\/\/adamile.com\/#\/schema\/logo\/image\/\"}}]}<\/script>\n<!-- \/ Yoast SEO plugin. -->","yoast_head_json":{"title":"Emplazamiento - Adamile","robots":{"index":"index","follow":"follow","max-snippet":"max-snippet:-1","max-image-preview":"max-image-preview:large","max-video-preview":"max-video-preview:-1"},"canonical":"https:\/\/adamile.com\/en\/emplazamiento\/","og_locale":"en_GB","og_type":"article","og_title":"Emplazamiento - Adamile","og_description":"Anterior Siguiente Reserva en Casa de Torres CASA DE TORRES Actualmente nuestro emplazamiento principal se sit\u00faa en Coir\u00f3n, Pontevedra. Gracias a la colaboraci\u00f3n de Casa de Torres, disponemos de casi 3 hect\u00e1reas de fincas donde nuestros caballos pueden moverse libremente, alternando diferentes tipos de terreno, pasos de agua y pasto variado para que disfruten de [&hellip;]","og_url":"https:\/\/adamile.com\/en\/emplazamiento\/","og_site_name":"Adamile","article_publisher":"https:\/\/www.facebook.com\/ada.kyouyama","article_modified_time":"2022-06-23T10:18:39+00:00","og_image":[{"width":1164,"height":697,"url":"https:\/\/adamile.com\/wp-content\/uploads\/A-Casa-de-Torres.png","type":"image\/png"}],"twitter_card":"summary_large_image","twitter_misc":{"Estimated reading time":"3 minutes"},"schema":{"@context":"https:\/\/schema.org","@graph":[{"@type":"WebPage","@id":"https:\/\/adamile.com\/emplazamiento\/","url":"https:\/\/adamile.com\/emplazamiento\/","name":"Emplazamiento - Adamile","isPartOf":{"@id":"https:\/\/adamile.com\/#website"},"datePublished":"2022-06-22T12:01:16+00:00","dateModified":"2022-06-23T10:18:39+00:00","breadcrumb":{"@id":"https:\/\/adamile.com\/emplazamiento\/#breadcrumb"},"inLanguage":"en-GB","potentialAction":[{"@type":"ReadAction","target":["https:\/\/adamile.com\/emplazamiento\/"]}]},{"@type":"BreadcrumbList","@id":"https:\/\/adamile.com\/emplazamiento\/#breadcrumb","itemListElement":[{"@type":"ListItem","position":1,"name":"Portada","item":"https:\/\/adamile.com\/"},{"@type":"ListItem","position":2,"name":"Emplazamiento"}]},{"@type":"WebSite","@id":"https:\/\/adamile.com\/#website","url":"https:\/\/adamile.com\/","name":"Adamile","description":"Entrenamiento de caballos para raid","publisher":{"@id":"https:\/\/adamile.com\/#organization"},"potentialAction":[{"@type":"SearchAction","target":{"@type":"EntryPoint","urlTemplate":"https:\/\/adamile.com\/?s={search_term_string}"},"query-input":"required name=search_term_string"}],"inLanguage":"en-GB"},{"@type":"Organization","@id":"https:\/\/adamile.com\/#organization","name":"ADAMILE","url":"https:\/\/adamile.com\/","sameAs":["https:\/\/www.instagram.com\/_adamile\/","https:\/\/www.facebook.com\/ada.kyouyama"],"logo":{"@type":"ImageObject","inLanguage":"en-GB","@id":"https:\/\/adamile.com\/#\/schema\/logo\/image\/","url":"https:\/\/adamile.com\/wp-content\/uploads\/ada_logomail.png","contentUrl":"https:\/\/adamile.com\/wp-content\/uploads\/ada_logomail.png","width":320,"height":298,"caption":"ADAMILE"},"image":{"@id":"https:\/\/adamile.com\/#\/schema\/logo\/image\/"}}]}},"_links":{"self":[{"href":"https:\/\/adamile.com\/en\/wp-json\/wp\/v2\/pages\/1042"}],"collection":[{"href":"https:\/\/adamile.com\/en\/wp-json\/wp\/v2\/pages"}],"about":[{"href":"https:\/\/adamile.com\/en\/wp-json\/wp\/v2\/types\/page"}],"author":[{"embeddable":true,"href":"https:\/\/adamile.com\/en\/wp-json\/wp\/v2\/users\/3"}],"replies":[{"embeddable":true,"href":"https:\/\/adamile.com\/en\/wp-json\/wp\/v2\/comments?post=1042"}],"version-history":[{"count":10,"href":"https:\/\/adamile.com\/en\/wp-json\/wp\/v2\/pages\/1042\/revisions"}],"predecessor-version":[{"id":1059,"href":"https:\/\/adamile.com\/en\/wp-json\/wp\/v2\/pages\/1042\/revisions\/1059"}],"wp:featuredmedia":[{"embeddable":true,"href":"https:\/\/adamile.com\/en\/wp-json\/wp\/v2\/media\/1043"}],"wp:attachment":[{"href":"https:\/\/adamile.com\/en\/wp-json\/wp\/v2\/media?parent=1042"}],"curies":[{"name":"wp","href":"https:\/\/api.w.org\/{rel}","templated":true}]}}