{"id":115,"date":"2018-03-08T20:43:30","date_gmt":"2018-03-08T20:43:30","guid":{"rendered":"http:\/\/www.ilumiun.com\/?page_id=115"},"modified":"2020-05-04T14:28:34","modified_gmt":"2020-05-04T14:28:34","slug":"contacta-con-nosotros","status":"publish","type":"page","link":"https:\/\/adamile.com\/en\/contacta-con-nosotros\/","title":{"rendered":"Contacta con nosotros"},"content":{"rendered":"<div data-elementor-type=\"wp-post\" data-elementor-id=\"115\" class=\"elementor elementor-115\">\n\t\t\t\t\t\t<div class=\"elementor-inner\">\n\t\t\t\t<div class=\"elementor-section-wrap\">\n\t\t\t\t\t\t\t\t\t<section class=\"elementor-section elementor-top-section elementor-element elementor-element-58e6c7d5 elementor-section-boxed elementor-section-height-default elementor-section-height-default\" data-id=\"58e6c7d5\" data-element_type=\"section\">\n\t\t\t\t\t\t<div class=\"elementor-container elementor-column-gap-default\">\n\t\t\t\t\t\t\t<div class=\"elementor-row\">\n\t\t\t\t\t<div class=\"elementor-column elementor-col-100 elementor-top-column elementor-element elementor-element-5a86ddad\" data-id=\"5a86ddad\" data-element_type=\"column\">\n\t\t\t<div class=\"elementor-column-wrap elementor-element-populated\">\n\t\t\t\t\t\t\t<div class=\"elementor-widget-wrap\">\n\t\t\t\t\t\t<section class=\"elementor-section elementor-inner-section elementor-element elementor-element-04a1556 elementor-section-full_width elementor-section-height-default elementor-section-height-default\" data-id=\"04a1556\" data-element_type=\"section\">\n\t\t\t\t\t\t<div class=\"elementor-container elementor-column-gap-no\">\n\t\t\t\t\t\t\t<div class=\"elementor-row\">\n\t\t\t\t\t<div class=\"elementor-column elementor-col-50 elementor-inner-column elementor-element elementor-element-13686a8\" data-id=\"13686a8\" data-element_type=\"column\">\n\t\t\t<div class=\"elementor-column-wrap elementor-element-populated\">\n\t\t\t\t\t\t\t<div class=\"elementor-widget-wrap\">\n\t\t\t\t\t\t<div class=\"elementor-element elementor-element-3e7d670 elementor-widget elementor-widget-text-editor\" data-id=\"3e7d670\" data-element_type=\"widget\" data-widget_type=\"text-editor.default\">\n\t\t\t\t<div class=\"elementor-widget-container\">\n\t\t\t\t\t\t\t\t<div class=\"elementor-text-editor elementor-clearfix\">\n\t\t\t\t<p style=\"text-align: center;\"><strong>Direcci\u00f3n de contacto:<\/strong><br \/>Montalvo s\/n<br \/>36979 &#8211; Sanxenxo<br \/>Pontevedra<\/p>\t\t\t\t\t<\/div>\n\t\t\t\t\t\t<\/div>\n\t\t\t\t<\/div>\n\t\t\t\t<div class=\"elementor-element elementor-element-665845f elementor-widget elementor-widget-heading\" data-id=\"665845f\" data-element_type=\"widget\" data-widget_type=\"heading.default\">\n\t\t\t\t<div class=\"elementor-widget-container\">\n\t\t\t<h2 class=\"elementor-heading-title elementor-size-default\">Tlf.: <b>+34 685153272<\/b><\/h2>\t\t<\/div>\n\t\t\t\t<\/div>\n\t\t\t\t\t\t<\/div>\n\t\t\t\t\t<\/div>\n\t\t<\/div>\n\t\t\t\t<div class=\"elementor-column elementor-col-50 elementor-inner-column elementor-element elementor-element-3500ceb\" data-id=\"3500ceb\" data-element_type=\"column\">\n\t\t\t<div class=\"elementor-column-wrap elementor-element-populated\">\n\t\t\t\t\t\t\t<div class=\"elementor-widget-wrap\">\n\t\t\t\t\t\t<div class=\"elementor-element elementor-element-f85ed06 elementor-widget elementor-widget-image\" data-id=\"f85ed06\" data-element_type=\"widget\" data-widget_type=\"image.default\">\n\t\t\t\t<div class=\"elementor-widget-container\">\n\t\t\t\t\t\t\t\t<div class=\"elementor-image\">\n\t\t\t\t\t\t\t\t\t\t\t\t<img width=\"430\" height=\"400\" src=\"https:\/\/adamile.com\/wp-content\/uploads\/ADAMILE_430x400_colormsk2.png\" class=\"attachment-large size-large\" alt=\"\" loading=\"lazy\" srcset=\"https:\/\/adamile.com\/wp-content\/uploads\/ADAMILE_430x400_colormsk2.png 430w, https:\/\/adamile.com\/wp-content\/uploads\/ADAMILE_430x400_colormsk2-300x279.png 300w\" sizes=\"(max-width: 430px) 100vw, 430px\" \/>\t\t\t\t\t\t\t\t\t\t\t\t\t\t<\/div>\n\t\t\t\t\t\t<\/div>\n\t\t\t\t<\/div>\n\t\t\t\t\t\t<\/div>\n\t\t\t\t\t<\/div>\n\t\t<\/div>\n\t\t\t\t\t\t\t\t<\/div>\n\t\t\t\t\t<\/div>\n\t\t<\/section>\n\t\t\t\t<div class=\"elementor-element elementor-element-519e2f03 elementor-widget elementor-widget-shortcode\" data-id=\"519e2f03\" data-element_type=\"widget\" data-widget_type=\"shortcode.default\">\n\t\t\t\t<div class=\"elementor-widget-container\">\n\t\t\t\t\t<div class=\"elementor-shortcode\"><div class=\"frm_forms  with_frm_style frm_style_formidable-style\" id=\"frm_form_2_container\" data-token=\"d55f3e1a6d7f145a73ddfc9a9004bf5d\">\n<form enctype=\"multipart\/form-data\" method=\"post\" class=\"frm-show-form\" id=\"form_contact-form\"  data-token=\"d55f3e1a6d7f145a73ddfc9a9004bf5d\" action=\"\">\n<div class=\"frm_form_fields\">\n<fieldset>\n<legend class=\"frm_screen_reader\">Contacta con nosotros<\/legend>\r\n\r\n<div class=\"frm_fields_container\">\n<input type=\"hidden\" name=\"frm_action\" value=\"create\" \/>\n<input type=\"hidden\" name=\"form_id\" value=\"2\" \/>\n<input type=\"hidden\" name=\"frm_hide_fields_2\" id=\"frm_hide_fields_2\" value=\"\" \/>\n<input type=\"hidden\" name=\"form_key\" value=\"contact-form\" \/>\n<input type=\"hidden\" name=\"item_meta[0]\" value=\"\" \/>\n<input type=\"hidden\" id=\"frm_submit_entry_2\" name=\"frm_submit_entry_2\" value=\"981107225c\" \/><input type=\"hidden\" name=\"_wp_http_referer\" value=\"\/en\/wp-json\/wp\/v2\/pages\/115\" \/><div id=\"frm_field_6_container\" class=\"frm_form_field form-field  frm_required_field frm_top_container frm_full\">\r\n    <label for=\"field_qh4icy2\" class=\"frm_primary_label\">Nombre\r\n        <span class=\"frm_required\">*<\/span>\r\n    <\/label>\r\n    <input type=\"text\" id=\"field_qh4icy2\" name=\"item_meta[6]\" value=\"\"  maxlength=\"60\" data-reqmsg=\"Este campo no puede estar en blanco.\" aria-required=\"true\" data-invmsg=\"Name no es v\u00e1lido\" aria-invalid=\"false\"   aria-describedby=\"frm_desc_field_qh4icy2\"\/>\r\n    <div class=\"frm_description\" id=\"frm_desc_field_qh4icy2\">Nombre y apellidos<\/div>\r\n    \r\n<\/div>\n<div id=\"frm_field_7_container\" class=\"frm_form_field form-field  frm_top_container frm_full\">\r\n    <label for=\"field_ocfup12\" class=\"frm_primary_label\">Entidad\r\n        <span class=\"frm_required\"><\/span>\r\n    <\/label>\r\n    <input type=\"text\" id=\"field_ocfup12\" name=\"item_meta[7]\" value=\"\"  maxlength=\"60\" data-invmsg=\"Last no es v\u00e1lido\" aria-invalid=\"false\"   aria-describedby=\"frm_desc_field_ocfup12\"\/>\r\n    <div class=\"frm_description\" id=\"frm_desc_field_ocfup12\">Empresa, Asociaci\u00f3n, Organismo P\u00fablico,... <\/div>\r\n    \r\n<\/div>\n<div id=\"frm_field_11_container\" class=\"frm_form_field form-field  frm_top_container\">\r\n    <label for=\"field_h6pyl\" class=\"frm_primary_label\">Tel\u00e9fono de contacto\r\n        <span class=\"frm_required\"><\/span>\r\n    <\/label>\r\n    <input type=\"tel\" id=\"field_h6pyl\" name=\"item_meta[11]\" value=\"\"  maxlength=\"25\" data-invmsg=\"Phone no es v\u00e1lido\" aria-invalid=\"false\" pattern=\"((\\+\\d{1,3}(-|.| )?\\(?\\d\\)?(-| |.)?\\d{1,5})|(\\(?\\d{2,6}\\)?))(-|.| )?(\\d{3,4})(-|.| )?(\\d{4})(( x| ext)\\d{1,5}){0,1}$\"   aria-describedby=\"frm_desc_field_h6pyl\"\/>\r\n    <div class=\"frm_description\" id=\"frm_desc_field_h6pyl\">Tel\u00e9fono m\u00f3vil o fijo de contacto<\/div>\r\n    \r\n<\/div>\n<div id=\"frm_field_8_container\" class=\"frm_form_field form-field  frm_required_field frm_top_container frm_full\">\r\n    <label for=\"field_29yf4d2\" class=\"frm_primary_label\">Email\r\n        <span class=\"frm_required\">*<\/span>\r\n    <\/label>\r\n    <input type=\"email\" id=\"field_29yf4d2\" name=\"item_meta[8]\" value=\"\"  maxlength=\"80\" data-reqmsg=\"Este campo no puede estar en blanco.\" aria-required=\"true\" data-invmsg=\"Please enter a valid email address\" aria-invalid=\"false\"   aria-describedby=\"frm_desc_field_29yf4d2\"\/>\r\n    <div class=\"frm_description\" id=\"frm_desc_field_29yf4d2\">Correo electr\u00f3nico<\/div>\r\n    \r\n<\/div>\n<div id=\"frm_field_9_container\" class=\"frm_form_field form-field  frm_required_field frm_top_container frm_full\">\r\n    <label for=\"field_e6lis62\" class=\"frm_primary_label\">Asunto\r\n        <span class=\"frm_required\"><\/span>\r\n    <\/label>\r\n    <input type=\"text\" id=\"field_e6lis62\" name=\"item_meta[9]\" value=\"\"  data-reqmsg=\"Este campo no puede estar en blanco.\" aria-required=\"true\" data-invmsg=\"Subject no es v\u00e1lido\" aria-invalid=\"false\"  \/>\r\n    \r\n    \r\n<\/div>\n<div id=\"frm_field_10_container\" class=\"frm_form_field form-field  frm_required_field frm_top_container frm_full\">\r\n    <label for=\"field_9jv0r12\" class=\"frm_primary_label\">Mensaje\r\n        <span class=\"frm_required\"><\/span>\r\n    <\/label>\r\n    <textarea name=\"item_meta[10]\" id=\"field_9jv0r12\" rows=\"5\"  data-reqmsg=\"Este campo no puede estar en blanco.\" aria-required=\"true\" data-invmsg=\"Mensaje is invalid\" aria-invalid=\"false\"  ><\/textarea>\r\n    \r\n    \r\n<\/div>\n<div id=\"frm_field_13_container\" class=\"frm_form_field form-field  frm_required_field frm_top_container vertical_radio\">\r\n    <label for=\"field_da9ta\" class=\"frm_primary_label\">Casillas de verificaci\u00f3n\r\n        <span class=\"frm_required\">*<\/span>\r\n    <\/label>\r\n    <div class=\"frm_opt_container\">\t\t<div class=\"frm_checkbox\" id=\"frm_checkbox_13-0\"><label for=\"field_da9ta-0\"><input type=\"checkbox\" name=\"item_meta[13][]\" id=\"field_da9ta-0\" value=\"He le\u00eddo y acepto.\"  data-reqmsg=\"Este campo no puede estar en blanco.\" aria-required=\"true\" data-invmsg=\"Casillas de verificaci\u00f3n is invalid\" aria-invalid=\"false\"   \/> He le\u00eddo y acepto.<\/label><\/div>\n<\/div>\r\n    <div class=\"frm_description\" id=\"frm_desc_field_da9ta\">En cumplimiento con lo establecido en la Normativa de Protecci\u00f3n de Datos de Car\u00e1cter Personal le informamos que los datos que nos facilite mediante la cumplimentaci\u00f3n y env\u00edo del presente formulario pasar\u00e1n a formar parte de un fichero propiedad de ADAMILE. Le informamos que con el env\u00edo del presente formulario usted consiente en que los datos incluidos en el mismo sean tratados y\/o cedidos a terceros con el fin de poder atender la consulta o petici\u00f3n que nos formule. Asimismo usted nos est\u00e1 autorizando expresamente para enviarle informaci\u00f3n comercial sobre los productos y servicios de ADAMILE. En todo caso usted puede ejercer los derechos de acceso, rectificaci\u00f3n, cancelaci\u00f3n y oposici\u00f3n mediante escrito dirigido a nuestro domicilio.<\/div>\r\n    \r\n<\/div>\n<div id=\"frm_field_15_container\" class=\"frm_form_field form-field  frm_none_container\">\r\n    <label  class=\"frm_primary_label\">reCAPTCHA\r\n        <span class=\"frm_required\"><\/span>\r\n    <\/label>\r\n    \r\n    \r\n    \r\n<\/div>\n<div id=\"frm_field_16_container\" class=\"frm_form_field form-field  frm_top_container\">\r\n    <label for=\"field_ona1l\" id=\"field_ona1l_label\" class=\"frm_primary_label\">Correo electr\u00f3nico\r\n        <span class=\"frm_required\"><\/span>\r\n    <\/label>\r\n    <input type=\"email\" id=\"field_ona1l\" name=\"item_meta[16]\" value=\"\"  data-invmsg=\"Correo electr\u00f3nico is invalid\" aria-invalid=\"false\"  \/>\r\n    \r\n    \r\n<\/div>\n\t<input type=\"hidden\" name=\"item_key\" value=\"\" \/>\n\t\t\t\t<div class=\"frm_verify\" >\n\t\t\t\t<label for=\"frm_email_2\">\n\t\t\t\t\tIf you are human, leave this field blank.\t\t\t\t<\/label>\n\t\t\t\t<input type=\"email\" class=\"frm_verify\" id=\"frm_email_2\" name=\"frm_verify\" value=\"\"  \/>\n\t\t\t<\/div>\n\t\t<div class=\"frm_submit\">\r\n\r\n<button class=\"frm_button_submit\" type=\"submit\"  >Enviar<\/button>\r\n\r\n<\/div><\/div>\n<\/fieldset>\n<\/div>\n<p style=\"display: none !important;\"><label>&#916;<textarea name=\"ak_hp_textarea\" cols=\"45\" rows=\"8\" maxlength=\"100\"><\/textarea><\/label><input type=\"hidden\" id=\"ak_js_1\" name=\"ak_js\" value=\"148\"\/><script>document.getElementById( \"ak_js_1\" ).setAttribute( \"value\", ( new Date() ).getTime() );<\/script><\/p><input type=\"hidden\" name=\"trp-form-language\" value=\"en\"\/><\/form>\n<\/div>\n<\/div>\n\t\t\t\t<\/div>\n\t\t\t\t<\/div>\n\t\t\t\t\t\t<\/div>\n\t\t\t\t\t<\/div>\n\t\t<\/div>\n\t\t\t\t\t\t\t\t<\/div>\n\t\t\t\t\t<\/div>\n\t\t<\/section>\n\t\t\t\t<section class=\"elementor-section elementor-top-section elementor-element elementor-element-ae6230d elementor-section-full_width elementor-section-height-default elementor-section-height-default\" data-id=\"ae6230d\" data-element_type=\"section\" data-settings=\"{&quot;background_background&quot;:&quot;classic&quot;}\">\n\t\t\t\t\t\t\t<div class=\"elementor-background-overlay\"><\/div>\n\t\t\t\t\t\t\t<div class=\"elementor-container elementor-column-gap-default\">\n\t\t\t\t\t\t\t<div class=\"elementor-row\">\n\t\t\t\t\t<div class=\"elementor-column elementor-col-100 elementor-top-column elementor-element elementor-element-413938d\" data-id=\"413938d\" data-element_type=\"column\">\n\t\t\t<div class=\"elementor-column-wrap elementor-element-populated\">\n\t\t\t\t\t\t\t<div class=\"elementor-widget-wrap\">\n\t\t\t\t\t\t<div class=\"elementor-element elementor-element-8a4f04d elementor-widget elementor-widget-heading\" data-id=\"8a4f04d\" data-element_type=\"widget\" data-widget_type=\"heading.default\">\n\t\t\t\t<div class=\"elementor-widget-container\">\n\t\t\t<h2 class=\"elementor-heading-title elementor-size-default\">Encu\u00e9ntranos en:<\/h2>\t\t<\/div>\n\t\t\t\t<\/div>\n\t\t\t\t<div class=\"elementor-element elementor-element-9ae3be1 elementor-widget elementor-widget-spacer\" data-id=\"9ae3be1\" data-element_type=\"widget\" data-widget_type=\"spacer.default\">\n\t\t\t\t<div class=\"elementor-widget-container\">\n\t\t\t\t\t<div class=\"elementor-spacer\">\n\t\t\t<div class=\"elementor-spacer-inner\"><\/div>\n\t\t<\/div>\n\t\t\t\t<\/div>\n\t\t\t\t<\/div>\n\t\t\t\t<div class=\"elementor-element elementor-element-f946454 elementor-widget elementor-widget-google_maps\" data-id=\"f946454\" data-element_type=\"widget\" data-widget_type=\"google_maps.default\">\n\t\t\t\t<div class=\"elementor-widget-container\">\n\t\t\t\t\t<div class=\"elementor-custom-embed\">\n\t\t\t<iframe frameborder=\"0\" scrolling=\"no\" marginheight=\"0\" marginwidth=\"0\"\n\t\t\t\t\tsrc=\"https:\/\/maps.google.com\/maps?q=Montalvo&#038;t=m&#038;z=12&#038;output=embed&#038;iwloc=near\"\n\t\t\t\t\ttitle=\"Montalvo\"\n\t\t\t\t\taria-label=\"Montalvo\"\n\t\t\t><\/iframe>\n\t\t<\/div>\n\t\t\t\t<\/div>\n\t\t\t\t<\/div>\n\t\t\t\t\t\t<\/div>\n\t\t\t\t\t<\/div>\n\t\t<\/div>\n\t\t\t\t\t\t\t\t<\/div>\n\t\t\t\t\t<\/div>\n\t\t<\/section>\n\t\t\t\t\t\t\t\t\t<\/div>\n\t\t\t<\/div>\n\t\t\t\t\t<\/div>","protected":false},"excerpt":{"rendered":"<p>Direcci\u00f3n de contacto: Montalvo s\/n 36979 &#8211; Sanxenxo Pontevedra Tlf.: +34 685153272 Encu\u00e9ntranos en:<\/p>","protected":false},"author":2,"featured_media":0,"parent":0,"menu_order":0,"comment_status":"closed","ping_status":"closed","template":"","meta":[],"yoast_head":"<!-- This site is optimized with the Yoast SEO plugin v19.7.1 - https:\/\/yoast.com\/wordpress\/plugins\/seo\/ -->\n<title>Contacta con nosotros - Adamile<\/title>\n<meta name=\"description\" content=\"Contacta con nosotros para comprar, alquilar o simplemente disfrutar de alguna de nuestras incre\u00edbles yeguas nacidas para el deporte.\" \/>\n<meta name=\"robots\" content=\"index, follow, max-snippet:-1, max-image-preview:large, max-video-preview:-1\" \/>\n<link rel=\"canonical\" href=\"https:\/\/adamile.com\/en\/contacta-con-nosotros\/\" \/>\n<meta property=\"og:locale\" content=\"en_GB\" \/>\n<meta property=\"og:type\" content=\"article\" \/>\n<meta property=\"og:title\" content=\"Contacta con nosotros - Adamile\" \/>\n<meta property=\"og:description\" content=\"Contacta con nosotros para comprar, alquilar o simplemente disfrutar de alguna de nuestras incre\u00edbles yeguas nacidas para el deporte.\" \/>\n<meta property=\"og:url\" content=\"https:\/\/adamile.com\/en\/contacta-con-nosotros\/\" \/>\n<meta property=\"og:site_name\" content=\"Adamile\" \/>\n<meta property=\"article:publisher\" content=\"https:\/\/www.facebook.com\/ada.kyouyama\" \/>\n<meta property=\"article:modified_time\" content=\"2020-05-04T14:28:34+00:00\" \/>\n<meta property=\"og:image\" content=\"https:\/\/adamile.com\/wp-content\/uploads\/ADAMILE_430x400_colormsk2.png\" \/>\n<meta name=\"twitter:card\" content=\"summary_large_image\" \/>\n<script type=\"application\/ld+json\" class=\"yoast-schema-graph\">{\"@context\":\"https:\/\/schema.org\",\"@graph\":[{\"@type\":\"WebPage\",\"@id\":\"https:\/\/adamile.com\/contacta-con-nosotros\/\",\"url\":\"https:\/\/adamile.com\/contacta-con-nosotros\/\",\"name\":\"Contacta con nosotros - Adamile\",\"isPartOf\":{\"@id\":\"https:\/\/adamile.com\/#website\"},\"datePublished\":\"2018-03-08T20:43:30+00:00\",\"dateModified\":\"2020-05-04T14:28:34+00:00\",\"description\":\"Contacta con nosotros para comprar, alquilar o simplemente disfrutar de alguna de nuestras incre\u00edbles yeguas nacidas para el deporte.\",\"breadcrumb\":{\"@id\":\"https:\/\/adamile.com\/contacta-con-nosotros\/#breadcrumb\"},\"inLanguage\":\"en-GB\",\"potentialAction\":[{\"@type\":\"ReadAction\",\"target\":[\"https:\/\/adamile.com\/contacta-con-nosotros\/\"]}]},{\"@type\":\"BreadcrumbList\",\"@id\":\"https:\/\/adamile.com\/contacta-con-nosotros\/#breadcrumb\",\"itemListElement\":[{\"@type\":\"ListItem\",\"position\":1,\"name\":\"Portada\",\"item\":\"https:\/\/adamile.com\/\"},{\"@type\":\"ListItem\",\"position\":2,\"name\":\"Contacta con nosotros\"}]},{\"@type\":\"WebSite\",\"@id\":\"https:\/\/adamile.com\/#website\",\"url\":\"https:\/\/adamile.com\/\",\"name\":\"Adamile\",\"description\":\"Entrenamiento de caballos para raid\",\"publisher\":{\"@id\":\"https:\/\/adamile.com\/#organization\"},\"potentialAction\":[{\"@type\":\"SearchAction\",\"target\":{\"@type\":\"EntryPoint\",\"urlTemplate\":\"https:\/\/adamile.com\/?s={search_term_string}\"},\"query-input\":\"required name=search_term_string\"}],\"inLanguage\":\"en-GB\"},{\"@type\":\"Organization\",\"@id\":\"https:\/\/adamile.com\/#organization\",\"name\":\"ADAMILE\",\"url\":\"https:\/\/adamile.com\/\",\"sameAs\":[\"https:\/\/www.instagram.com\/_adamile\/\",\"https:\/\/www.facebook.com\/ada.kyouyama\"],\"logo\":{\"@type\":\"ImageObject\",\"inLanguage\":\"en-GB\",\"@id\":\"https:\/\/adamile.com\/#\/schema\/logo\/image\/\",\"url\":\"https:\/\/adamile.com\/wp-content\/uploads\/ada_logomail.png\",\"contentUrl\":\"https:\/\/adamile.com\/wp-content\/uploads\/ada_logomail.png\",\"width\":320,\"height\":298,\"caption\":\"ADAMILE\"},\"image\":{\"@id\":\"https:\/\/adamile.com\/#\/schema\/logo\/image\/\"}}]}<\/script>\n<!-- \/ Yoast SEO plugin. -->","yoast_head_json":{"title":"Contacta con nosotros - Adamile","description":"Contacta con nosotros para comprar, alquilar o simplemente disfrutar de alguna de nuestras incre\u00edbles yeguas nacidas para el deporte.","robots":{"index":"index","follow":"follow","max-snippet":"max-snippet:-1","max-image-preview":"max-image-preview:large","max-video-preview":"max-video-preview:-1"},"canonical":"https:\/\/adamile.com\/en\/contacta-con-nosotros\/","og_locale":"en_GB","og_type":"article","og_title":"Contacta con nosotros - Adamile","og_description":"Contacta con nosotros para comprar, alquilar o simplemente disfrutar de alguna de nuestras incre\u00edbles yeguas nacidas para el deporte.","og_url":"https:\/\/adamile.com\/en\/contacta-con-nosotros\/","og_site_name":"Adamile","article_publisher":"https:\/\/www.facebook.com\/ada.kyouyama","article_modified_time":"2020-05-04T14:28:34+00:00","og_image":[{"url":"https:\/\/adamile.com\/wp-content\/uploads\/ADAMILE_430x400_colormsk2.png"}],"twitter_card":"summary_large_image","schema":{"@context":"https:\/\/schema.org","@graph":[{"@type":"WebPage","@id":"https:\/\/adamile.com\/contacta-con-nosotros\/","url":"https:\/\/adamile.com\/contacta-con-nosotros\/","name":"Contacta con nosotros - Adamile","isPartOf":{"@id":"https:\/\/adamile.com\/#website"},"datePublished":"2018-03-08T20:43:30+00:00","dateModified":"2020-05-04T14:28:34+00:00","description":"Contacta con nosotros para comprar, alquilar o simplemente disfrutar de alguna de nuestras incre\u00edbles yeguas nacidas para el deporte.","breadcrumb":{"@id":"https:\/\/adamile.com\/contacta-con-nosotros\/#breadcrumb"},"inLanguage":"en-GB","potentialAction":[{"@type":"ReadAction","target":["https:\/\/adamile.com\/contacta-con-nosotros\/"]}]},{"@type":"BreadcrumbList","@id":"https:\/\/adamile.com\/contacta-con-nosotros\/#breadcrumb","itemListElement":[{"@type":"ListItem","position":1,"name":"Portada","item":"https:\/\/adamile.com\/"},{"@type":"ListItem","position":2,"name":"Contacta con nosotros"}]},{"@type":"WebSite","@id":"https:\/\/adamile.com\/#website","url":"https:\/\/adamile.com\/","name":"Adamile","description":"Entrenamiento de caballos para raid","publisher":{"@id":"https:\/\/adamile.com\/#organization"},"potentialAction":[{"@type":"SearchAction","target":{"@type":"EntryPoint","urlTemplate":"https:\/\/adamile.com\/?s={search_term_string}"},"query-input":"required name=search_term_string"}],"inLanguage":"en-GB"},{"@type":"Organization","@id":"https:\/\/adamile.com\/#organization","name":"ADAMILE","url":"https:\/\/adamile.com\/","sameAs":["https:\/\/www.instagram.com\/_adamile\/","https:\/\/www.facebook.com\/ada.kyouyama"],"logo":{"@type":"ImageObject","inLanguage":"en-GB","@id":"https:\/\/adamile.com\/#\/schema\/logo\/image\/","url":"https:\/\/adamile.com\/wp-content\/uploads\/ada_logomail.png","contentUrl":"https:\/\/adamile.com\/wp-content\/uploads\/ada_logomail.png","width":320,"height":298,"caption":"ADAMILE"},"image":{"@id":"https:\/\/adamile.com\/#\/schema\/logo\/image\/"}}]}},"_links":{"self":[{"href":"https:\/\/adamile.com\/en\/wp-json\/wp\/v2\/pages\/115"}],"collection":[{"href":"https:\/\/adamile.com\/en\/wp-json\/wp\/v2\/pages"}],"about":[{"href":"https:\/\/adamile.com\/en\/wp-json\/wp\/v2\/types\/page"}],"author":[{"embeddable":true,"href":"https:\/\/adamile.com\/en\/wp-json\/wp\/v2\/users\/2"}],"replies":[{"embeddable":true,"href":"https:\/\/adamile.com\/en\/wp-json\/wp\/v2\/comments?post=115"}],"version-history":[{"count":11,"href":"https:\/\/adamile.com\/en\/wp-json\/wp\/v2\/pages\/115\/revisions"}],"predecessor-version":[{"id":829,"href":"https:\/\/adamile.com\/en\/wp-json\/wp\/v2\/pages\/115\/revisions\/829"}],"wp:attachment":[{"href":"https:\/\/adamile.com\/en\/wp-json\/wp\/v2\/media?parent=115"}],"curies":[{"name":"wp","href":"https:\/\/api.w.org\/{rel}","templated":true}]}}