{"id":254,"date":"2020-02-22T10:07:38","date_gmt":"2020-02-22T10:07:38","guid":{"rendered":"https:\/\/adamile.com\/?page_id=254"},"modified":"2020-06-25T14:15:13","modified_gmt":"2020-06-25T14:15:13","slug":"rutas-y-servicios-en-galicia","status":"publish","type":"page","link":"https:\/\/adamile.com\/en\/rutas-y-servicios-en-galicia\/","title":{"rendered":"Rutas y Servicios en Galicia"},"content":{"rendered":"<p>Ofrecemos rutas en Galicia personalizadas de varios d\u00edas para jinetes experimentados y tambi\u00e9n clases para los que quieran aprender. \u00a1Cont\u00e1ctanos!<\/p>\n<p>Si quieres montar a caballo en Pontevedra, este es tu sitio.<\/p>\n<p>Tendr\u00e1s a tu disposici\u00f3n <strong>caballos nacidos para el deporte<\/strong>, formados en raid y preparados para recorrer largas distancias.<\/p>\n<p>\u00a1Aseguramos grupo reducido! Huye de las t\u00edpicas rutas, te ofrecemos unas <strong>vacaciones deportivas<\/strong>.<\/p>\n<p>Disfruta de un entorno espectacular y pon a prueba tu capacidad f\u00edsica, <strong>\u00bfcu\u00e1ntos kil\u00f3metros a caballo puedes hacer?<\/strong> Despu\u00e9s de una buena jornada de playa y monta\u00f1a con una de estas incre\u00edbles yeguas, descansa y recup\u00e9rate conociendo\u00a0la <strong>gastronom\u00eda<\/strong> gallega.<\/p>\n<h3>\u00bfQu\u00e9 son las rutas Endurance?<\/h3>\n<p>Es un concepto de ruta larga diferente.<\/p>\n<p>Normalmente, las rutas largas o de varios d\u00edas que ofrecen incluyen mucho paso y est\u00e1n dise\u00f1adas para que, casi cualquier persona pueda hacerlas.<\/p>\n<p>Las Rutas Endurance son entrenamientos, la mayor parte del tiempo se va a trote y en lugares donde el terreno lo permita, a galope. En una de estas rutas, en menos de 3 horas recorremos 25km con subidas y bajadas, sitios estrechos, pasos de agua y lugares amplios que dan pie a <span style=\"color: #ff6600;\"><strong><a style=\"color: #ff6600;\" href=\"https:\/\/www.instagram.com\/p\/B-hkU0aAhrm\/?utm_source=ig_web_copy_link\">galopar<\/a><\/strong><\/span>.<\/p>\n<p>En las rutas de varios d\u00edas, hay paradas donde podremos asistir a los caballos y a nosotros mismos. Se hacen, adem\u00e1s paradas para descansar y comer. Pasar 6-7 horas a caballo a este ritmo es toda una aventura.<\/p>\n<p>Estos caballos est\u00e1n entrenados y preparados para hacer este tipo de rutas ya que son caballos de deporte con un alto porcentaje de \u00e1rabe, lo que les ofrece una gran resistencia, que, de la mano de un buen entrenamiento y una correcta alimentaci\u00f3n, hacen que puedan expresar todo su potencial.<\/p>\n<p>Siente el vigor de caballos nacidos para el deporte. \u00a1Ven a Sanxenxo y prueba la experiencia!<\/p>\n<div class=\"woocommerce columns-3\">\r\n<ul class=\"products oceanwp-row clr grid\">\r\n<li class=\"entry has-media has-product-nav col span_1_of_3 owp-content-center owp-thumbs-layout-horizontal owp-btn-normal owp-tabs-layout-horizontal has-no-thumbnails product type-product post-897 status-publish first onbackorder product_cat-otros-servicios has-post-thumbnail virtual purchasable product-type-simple\">\n\t<div class=\"product-inner clr\">\n\t<div class=\"woo-entry-image clr\">\n\t\t<a href=\"https:\/\/adamile.com\/en\/product\/clases-a-domicilio\/\" class=\"woocommerce-LoopProduct-link\"><img width=\"400\" height=\"400\" src=\"https:\/\/adamile.com\/wp-content\/uploads\/WhatsApp-Image-2020-06-23-at-00.11.38-400x400.jpeg\" class=\"woo-entry-image-main\" alt=\"Clases a domicilio\" loading=\"lazy\" itemprop=\"image\" srcset=\"https:\/\/adamile.com\/wp-content\/uploads\/WhatsApp-Image-2020-06-23-at-00.11.38-400x400.jpeg 400w, https:\/\/adamile.com\/wp-content\/uploads\/WhatsApp-Image-2020-06-23-at-00.11.38-150x150.jpeg 150w, https:\/\/adamile.com\/wp-content\/uploads\/WhatsApp-Image-2020-06-23-at-00.11.38-100x100.jpeg 100w\" sizes=\"(max-width: 400px) 100vw, 400px\" \/><\/a>\t<\/div><!-- .woo-entry-image -->\n\n\t<ul class=\"woo-entry-inner clr\"><li class=\"image-wrap\">\n\t<div class=\"woo-entry-image clr\">\n\t\t<a href=\"https:\/\/adamile.com\/en\/product\/clases-a-domicilio\/\" class=\"woocommerce-LoopProduct-link\"><img width=\"400\" height=\"400\" src=\"https:\/\/adamile.com\/wp-content\/uploads\/WhatsApp-Image-2020-06-23-at-00.11.38-400x400.jpeg\" class=\"woo-entry-image-main\" alt=\"Clases a domicilio\" loading=\"lazy\" itemprop=\"image\" srcset=\"https:\/\/adamile.com\/wp-content\/uploads\/WhatsApp-Image-2020-06-23-at-00.11.38-400x400.jpeg 400w, https:\/\/adamile.com\/wp-content\/uploads\/WhatsApp-Image-2020-06-23-at-00.11.38-150x150.jpeg 150w, https:\/\/adamile.com\/wp-content\/uploads\/WhatsApp-Image-2020-06-23-at-00.11.38-100x100.jpeg 100w\" sizes=\"(max-width: 400px) 100vw, 400px\" \/><\/a>\t<\/div><!-- .woo-entry-image -->\n\n\t<\/li><li class=\"category\"><a href=\"https:\/\/adamile.com\/en\/product-category\/otros-servicios\/\" rel=\"tag\">Otros servicios<\/a><\/li><li class=\"title\"><h2><a href=\"https:\/\/adamile.com\/en\/product\/clases-a-domicilio\/\">Clases a domicilio<\/a><\/h2><\/li><li class=\"price-wrap\">\n\t<span class=\"price\"><span class=\"woocommerce-Price-amount amount\"><bdi>25,00<span class=\"woocommerce-Price-currencySymbol\">&euro;<\/span><\/bdi><\/span><\/span>\n<\/li><li class=\"btn-wrap clr\"><a href=\"?add-to-cart=897\" data-quantity=\"1\" class=\"button product_type_simple add_to_cart_button ajax_add_to_cart\" data-product_id=\"897\" data-product_sku=\"\" aria-label=\"Add \u201cClases a domicilio\u201d to your basket\" rel=\"nofollow\" data-no-translation=\"\" data-trp-gettext=\"\" data-no-translation-aria-label=\"\">Add to basket<\/a><\/li><\/ul><\/div><!-- .product-inner .clr --><\/li>\n<li class=\"entry has-media has-product-nav col span_1_of_3 owp-content-center owp-thumbs-layout-horizontal owp-btn-normal owp-tabs-layout-horizontal has-no-thumbnails product type-product post-893 status-publish instock product_cat-otros-servicios has-post-thumbnail virtual purchasable product-type-simple\">\n\t<div class=\"product-inner clr\">\n\t<div class=\"woo-entry-image clr\">\n\t\t<a href=\"https:\/\/adamile.com\/en\/product\/clases-de-doma\/\" class=\"woocommerce-LoopProduct-link\"><img width=\"400\" height=\"400\" src=\"https:\/\/adamile.com\/wp-content\/uploads\/WhatsApp-Image-2020-06-23-at-00.11.37-400x400.jpeg\" class=\"woo-entry-image-main\" alt=\"Clases de doma\" loading=\"lazy\" itemprop=\"image\" srcset=\"https:\/\/adamile.com\/wp-content\/uploads\/WhatsApp-Image-2020-06-23-at-00.11.37-400x400.jpeg 400w, https:\/\/adamile.com\/wp-content\/uploads\/WhatsApp-Image-2020-06-23-at-00.11.37-150x150.jpeg 150w, https:\/\/adamile.com\/wp-content\/uploads\/WhatsApp-Image-2020-06-23-at-00.11.37-100x100.jpeg 100w\" sizes=\"(max-width: 400px) 100vw, 400px\" \/><\/a>\t<\/div><!-- .woo-entry-image -->\n\n\t<ul class=\"woo-entry-inner clr\"><li class=\"image-wrap\">\n\t<div class=\"woo-entry-image clr\">\n\t\t<a href=\"https:\/\/adamile.com\/en\/product\/clases-de-doma\/\" class=\"woocommerce-LoopProduct-link\"><img width=\"400\" height=\"400\" src=\"https:\/\/adamile.com\/wp-content\/uploads\/WhatsApp-Image-2020-06-23-at-00.11.37-400x400.jpeg\" class=\"woo-entry-image-main\" alt=\"Clases de doma\" loading=\"lazy\" itemprop=\"image\" srcset=\"https:\/\/adamile.com\/wp-content\/uploads\/WhatsApp-Image-2020-06-23-at-00.11.37-400x400.jpeg 400w, https:\/\/adamile.com\/wp-content\/uploads\/WhatsApp-Image-2020-06-23-at-00.11.37-150x150.jpeg 150w, https:\/\/adamile.com\/wp-content\/uploads\/WhatsApp-Image-2020-06-23-at-00.11.37-100x100.jpeg 100w\" sizes=\"(max-width: 400px) 100vw, 400px\" \/><\/a>\t<\/div><!-- .woo-entry-image -->\n\n\t<\/li><li class=\"category\"><a href=\"https:\/\/adamile.com\/en\/product-category\/otros-servicios\/\" rel=\"tag\">Otros servicios<\/a><\/li><li class=\"title\"><h2><a href=\"https:\/\/adamile.com\/en\/product\/clases-de-doma\/\">Clases de doma<\/a><\/h2><\/li><li class=\"price-wrap\">\n\t<span class=\"price\"><span class=\"woocommerce-Price-amount amount\"><bdi>25,00<span class=\"woocommerce-Price-currencySymbol\">&euro;<\/span><\/bdi><\/span><\/span>\n<\/li><li class=\"btn-wrap clr\"><a href=\"?add-to-cart=893\" data-quantity=\"1\" class=\"button product_type_simple add_to_cart_button ajax_add_to_cart\" data-product_id=\"893\" data-product_sku=\"\" aria-label=\"Add \u201cClases de doma\u201d to your basket\" rel=\"nofollow\" data-no-translation=\"\" data-trp-gettext=\"\" data-no-translation-aria-label=\"\">Add to basket<\/a><\/li><\/ul><\/div><!-- .product-inner .clr --><\/li>\n<li class=\"entry has-media has-product-nav col span_1_of_3 owp-content-center owp-thumbs-layout-horizontal owp-btn-normal owp-tabs-layout-horizontal has-no-thumbnails product type-product post-881 status-publish last instock product_cat-otros-servicios has-post-thumbnail virtual purchasable product-type-simple\">\n\t<div class=\"product-inner clr\">\n\t<div class=\"woo-entry-image clr\">\n\t\t<a href=\"https:\/\/adamile.com\/en\/product\/clases-para-ninos\/\" class=\"woocommerce-LoopProduct-link\"><img width=\"400\" height=\"400\" src=\"https:\/\/adamile.com\/wp-content\/uploads\/IMG_20200125_212623-400x400.jpg\" class=\"woo-entry-image-main\" alt=\"Clases para ni\u00f1os\" loading=\"lazy\" itemprop=\"image\" srcset=\"https:\/\/adamile.com\/wp-content\/uploads\/IMG_20200125_212623-400x400.jpg 400w, https:\/\/adamile.com\/wp-content\/uploads\/IMG_20200125_212623-150x150.jpg 150w, https:\/\/adamile.com\/wp-content\/uploads\/IMG_20200125_212623-100x100.jpg 100w\" sizes=\"(max-width: 400px) 100vw, 400px\" \/><\/a>\t<\/div><!-- .woo-entry-image -->\n\n\t<ul class=\"woo-entry-inner clr\"><li class=\"image-wrap\">\n\t<div class=\"woo-entry-image clr\">\n\t\t<a href=\"https:\/\/adamile.com\/en\/product\/clases-para-ninos\/\" class=\"woocommerce-LoopProduct-link\"><img width=\"400\" height=\"400\" src=\"https:\/\/adamile.com\/wp-content\/uploads\/IMG_20200125_212623-400x400.jpg\" class=\"woo-entry-image-main\" alt=\"Clases para ni\u00f1os\" loading=\"lazy\" itemprop=\"image\" srcset=\"https:\/\/adamile.com\/wp-content\/uploads\/IMG_20200125_212623-400x400.jpg 400w, https:\/\/adamile.com\/wp-content\/uploads\/IMG_20200125_212623-150x150.jpg 150w, https:\/\/adamile.com\/wp-content\/uploads\/IMG_20200125_212623-100x100.jpg 100w\" sizes=\"(max-width: 400px) 100vw, 400px\" \/><\/a>\t<\/div><!-- .woo-entry-image -->\n\n\t<\/li><li class=\"category\"><a href=\"https:\/\/adamile.com\/en\/product-category\/otros-servicios\/\" rel=\"tag\">Otros servicios<\/a><\/li><li class=\"title\"><h2><a href=\"https:\/\/adamile.com\/en\/product\/clases-para-ninos\/\">Clases para ni\u00f1os<\/a><\/h2><\/li><li class=\"price-wrap\">\n\t<span class=\"price\"><span class=\"woocommerce-Price-amount amount\"><bdi>20,00<span class=\"woocommerce-Price-currencySymbol\">&euro;<\/span><\/bdi><\/span><\/span>\n<\/li><li class=\"btn-wrap clr\"><a href=\"?add-to-cart=881\" data-quantity=\"1\" class=\"button product_type_simple add_to_cart_button ajax_add_to_cart\" data-product_id=\"881\" data-product_sku=\"\" aria-label=\"Add \u201cClases para ni\u00f1os\u201d to your basket\" rel=\"nofollow\" data-no-translation=\"\" data-trp-gettext=\"\" data-no-translation-aria-label=\"\">Add to basket<\/a><\/li><\/ul><\/div><!-- .product-inner .clr --><\/li>\n<li class=\"entry has-media has-product-nav col span_1_of_3 owp-content-center owp-thumbs-layout-horizontal owp-btn-normal owp-tabs-layout-horizontal has-no-thumbnails product type-product post-853 status-publish first instock product_cat-otros-servicios has-post-thumbnail virtual purchasable product-type-simple\">\n\t<div class=\"product-inner clr\">\n\t<div class=\"woo-entry-image clr\">\n\t\t<a href=\"https:\/\/adamile.com\/en\/product\/doma-de-potros\/\" class=\"woocommerce-LoopProduct-link\"><img width=\"400\" height=\"400\" src=\"https:\/\/adamile.com\/wp-content\/uploads\/WhatsApp-Image-2020-05-12-at-15.12.17-2-e1589299104886-400x400.jpeg\" class=\"woo-entry-image-main\" alt=\"Doma de potros\" loading=\"lazy\" itemprop=\"image\" srcset=\"https:\/\/adamile.com\/wp-content\/uploads\/WhatsApp-Image-2020-05-12-at-15.12.17-2-e1589299104886-400x400.jpeg 400w, https:\/\/adamile.com\/wp-content\/uploads\/WhatsApp-Image-2020-05-12-at-15.12.17-2-e1589299104886-150x150.jpeg 150w, https:\/\/adamile.com\/wp-content\/uploads\/WhatsApp-Image-2020-05-12-at-15.12.17-2-e1589299104886-100x100.jpeg 100w\" sizes=\"(max-width: 400px) 100vw, 400px\" \/><\/a>\t<\/div><!-- .woo-entry-image -->\n\n\t<ul class=\"woo-entry-inner clr\"><li class=\"image-wrap\">\n\t<div class=\"woo-entry-image clr\">\n\t\t<a href=\"https:\/\/adamile.com\/en\/product\/doma-de-potros\/\" class=\"woocommerce-LoopProduct-link\"><img width=\"400\" height=\"400\" src=\"https:\/\/adamile.com\/wp-content\/uploads\/WhatsApp-Image-2020-05-12-at-15.12.17-2-e1589299104886-400x400.jpeg\" class=\"woo-entry-image-main\" alt=\"Doma de potros\" loading=\"lazy\" itemprop=\"image\" srcset=\"https:\/\/adamile.com\/wp-content\/uploads\/WhatsApp-Image-2020-05-12-at-15.12.17-2-e1589299104886-400x400.jpeg 400w, https:\/\/adamile.com\/wp-content\/uploads\/WhatsApp-Image-2020-05-12-at-15.12.17-2-e1589299104886-150x150.jpeg 150w, https:\/\/adamile.com\/wp-content\/uploads\/WhatsApp-Image-2020-05-12-at-15.12.17-2-e1589299104886-100x100.jpeg 100w\" sizes=\"(max-width: 400px) 100vw, 400px\" \/><\/a>\t<\/div><!-- .woo-entry-image -->\n\n\t<\/li><li class=\"category\"><a href=\"https:\/\/adamile.com\/en\/product-category\/otros-servicios\/\" rel=\"tag\">Otros servicios<\/a><\/li><li class=\"title\"><h2><a href=\"https:\/\/adamile.com\/en\/product\/doma-de-potros\/\">Doma de potros<\/a><\/h2><\/li><li class=\"price-wrap\">\n\t<span class=\"price\"><span class=\"woocommerce-Price-amount amount\"><bdi>500,00<span class=\"woocommerce-Price-currencySymbol\">&euro;<\/span><\/bdi><\/span><\/span>\n<\/li><li class=\"btn-wrap clr\"><a href=\"?add-to-cart=853\" data-quantity=\"1\" class=\"button product_type_simple add_to_cart_button ajax_add_to_cart\" data-product_id=\"853\" data-product_sku=\"\" aria-label=\"Add \u201cDoma de potros\u201d to your basket\" rel=\"nofollow\" data-no-translation=\"\" data-trp-gettext=\"\" data-no-translation-aria-label=\"\">Add to basket<\/a><\/li><\/ul><\/div><!-- .product-inner .clr --><\/li>\n<li class=\"entry has-media has-rating has-product-nav col span_1_of_3 owp-content-center owp-thumbs-layout-horizontal owp-btn-normal owp-tabs-layout-horizontal has-no-thumbnails product type-product post-952 status-publish outofstock product_cat-otros-servicios has-post-thumbnail shipping-taxable product-type-simple\">\n\t<div class=\"product-inner clr\">\n\t<div class=\"woo-entry-image clr\">\n\t\t<a href=\"https:\/\/adamile.com\/en\/product\/transporte-de-caballos\/\" class=\"woocommerce-LoopProduct-link\"><img width=\"400\" height=\"400\" src=\"https:\/\/adamile.com\/wp-content\/uploads\/Remolque-Carro-400x400.jpg\" class=\"woo-entry-image-main\" alt=\"Transporte de caballos (NO DISPONIBLE)\" loading=\"lazy\" itemprop=\"image\" srcset=\"https:\/\/adamile.com\/wp-content\/uploads\/Remolque-Carro-400x400.jpg 400w, https:\/\/adamile.com\/wp-content\/uploads\/Remolque-Carro-150x150.jpg 150w, https:\/\/adamile.com\/wp-content\/uploads\/Remolque-Carro-100x100.jpg 100w\" sizes=\"(max-width: 400px) 100vw, 400px\" \/><\/a>\t<\/div><!-- .woo-entry-image -->\n\n\t<ul class=\"woo-entry-inner clr\"><li class=\"image-wrap\">\t\t\t\t<div class=\"outofstock-badge\">\n\t\t\t\t\tOut of Stock\t\t\t\t<\/div><!-- .product-entry-out-of-stock-badge -->\n\t\t\t\t\n\t<div class=\"woo-entry-image clr\">\n\t\t<a href=\"https:\/\/adamile.com\/en\/product\/transporte-de-caballos\/\" class=\"woocommerce-LoopProduct-link\"><img width=\"400\" height=\"400\" src=\"https:\/\/adamile.com\/wp-content\/uploads\/Remolque-Carro-400x400.jpg\" class=\"woo-entry-image-main\" alt=\"Transporte de caballos (NO DISPONIBLE)\" loading=\"lazy\" itemprop=\"image\" srcset=\"https:\/\/adamile.com\/wp-content\/uploads\/Remolque-Carro-400x400.jpg 400w, https:\/\/adamile.com\/wp-content\/uploads\/Remolque-Carro-150x150.jpg 150w, https:\/\/adamile.com\/wp-content\/uploads\/Remolque-Carro-100x100.jpg 100w\" sizes=\"(max-width: 400px) 100vw, 400px\" \/><\/a>\t<\/div><!-- .woo-entry-image -->\n\n\t<\/li><li class=\"category\"><a href=\"https:\/\/adamile.com\/en\/product-category\/otros-servicios\/\" rel=\"tag\">Otros servicios<\/a><\/li><li class=\"title\"><h2><a href=\"https:\/\/adamile.com\/en\/product\/transporte-de-caballos\/\">Transporte de caballos (NO DISPONIBLE)<\/a><\/h2><\/li><li class=\"price-wrap\">\n<\/li><li class=\"btn-wrap clr\"><a href=\"https:\/\/adamile.com\/en\/product\/transporte-de-caballos\/\" data-quantity=\"1\" class=\"button product_type_simple\" data-product_id=\"952\" data-product_sku=\"\" aria-label=\"Read more about \u201cTransporte de caballos (NO DISPONIBLE)\u201d\" rel=\"nofollow\" data-no-translation=\"\" data-trp-gettext=\"\" data-no-translation-aria-label=\"\">Read more<\/a><\/li><\/ul><\/div><!-- .product-inner .clr --><\/li>\n<\/ul>\n<\/div>\n<p>&nbsp;<\/p>","protected":false},"excerpt":{"rendered":"<p>Ofrecemos rutas en Galicia personalizadas de varios d\u00edas para jinetes experimentados y tambi\u00e9n clases para los que quieran aprender. \u00a1Cont\u00e1ctanos! Si quieres montar a caballo en Pontevedra, este es tu sitio. Tendr\u00e1s a tu disposici\u00f3n caballos nacidos para el deporte, formados en raid y preparados para recorrer largas distancias. \u00a1Aseguramos grupo reducido! Huye de las [&hellip;]<\/p>","protected":false},"author":1,"featured_media":0,"parent":0,"menu_order":0,"comment_status":"closed","ping_status":"closed","template":"","meta":[],"yoast_head":"<!-- This site is optimized with the Yoast SEO plugin v19.7.1 - https:\/\/yoast.com\/wordpress\/plugins\/seo\/ -->\n<title>Rutas y Servicios en Galicia - Adamile<\/title>\n<meta name=\"description\" content=\"Entrena caballos de competici\u00f3n en Sanxenxo por playas y monta\u00f1as. Rutas en Galicia. Monta y disfruta del entorno y la gastronom\u00eda.\" \/>\n<meta name=\"robots\" content=\"index, follow, max-snippet:-1, max-image-preview:large, max-video-preview:-1\" \/>\n<link rel=\"canonical\" href=\"https:\/\/adamile.com\/en\/rutas-y-servicios-en-galicia\/\" \/>\n<meta property=\"og:locale\" content=\"en_GB\" \/>\n<meta property=\"og:type\" content=\"article\" \/>\n<meta property=\"og:title\" content=\"Rutas y Servicios en Galicia - Adamile\" \/>\n<meta property=\"og:description\" content=\"Entrena caballos de competici\u00f3n en Sanxenxo por playas y monta\u00f1as. Rutas en Galicia. Monta y disfruta del entorno y la gastronom\u00eda.\" \/>\n<meta property=\"og:url\" content=\"https:\/\/adamile.com\/en\/rutas-y-servicios-en-galicia\/\" \/>\n<meta property=\"og:site_name\" content=\"Adamile\" \/>\n<meta property=\"article:publisher\" content=\"https:\/\/www.facebook.com\/ada.kyouyama\" \/>\n<meta property=\"article:modified_time\" content=\"2020-06-25T14:15:13+00:00\" \/>\n<meta name=\"twitter:card\" content=\"summary_large_image\" \/>\n<meta name=\"twitter:label1\" content=\"Estimated reading time\" \/>\n\t<meta name=\"twitter:data1\" content=\"2 minutes\" \/>\n<script type=\"application\/ld+json\" class=\"yoast-schema-graph\">{\"@context\":\"https:\/\/schema.org\",\"@graph\":[{\"@type\":\"WebPage\",\"@id\":\"https:\/\/adamile.com\/rutas-y-servicios-en-galicia\/\",\"url\":\"https:\/\/adamile.com\/rutas-y-servicios-en-galicia\/\",\"name\":\"Rutas y Servicios en Galicia - Adamile\",\"isPartOf\":{\"@id\":\"https:\/\/adamile.com\/#website\"},\"datePublished\":\"2020-02-22T10:07:38+00:00\",\"dateModified\":\"2020-06-25T14:15:13+00:00\",\"description\":\"Entrena caballos de competici\u00f3n en Sanxenxo por playas y monta\u00f1as. Rutas en Galicia. Monta y disfruta del entorno y la gastronom\u00eda.\",\"breadcrumb\":{\"@id\":\"https:\/\/adamile.com\/rutas-y-servicios-en-galicia\/#breadcrumb\"},\"inLanguage\":\"en-GB\",\"potentialAction\":[{\"@type\":\"ReadAction\",\"target\":[\"https:\/\/adamile.com\/rutas-y-servicios-en-galicia\/\"]}]},{\"@type\":\"BreadcrumbList\",\"@id\":\"https:\/\/adamile.com\/rutas-y-servicios-en-galicia\/#breadcrumb\",\"itemListElement\":[{\"@type\":\"ListItem\",\"position\":1,\"name\":\"Portada\",\"item\":\"https:\/\/adamile.com\/\"},{\"@type\":\"ListItem\",\"position\":2,\"name\":\"Rutas y Servicios en Galicia\"}]},{\"@type\":\"WebSite\",\"@id\":\"https:\/\/adamile.com\/#website\",\"url\":\"https:\/\/adamile.com\/\",\"name\":\"Adamile\",\"description\":\"Entrenamiento de caballos para raid\",\"publisher\":{\"@id\":\"https:\/\/adamile.com\/#organization\"},\"potentialAction\":[{\"@type\":\"SearchAction\",\"target\":{\"@type\":\"EntryPoint\",\"urlTemplate\":\"https:\/\/adamile.com\/?s={search_term_string}\"},\"query-input\":\"required name=search_term_string\"}],\"inLanguage\":\"en-GB\"},{\"@type\":\"Organization\",\"@id\":\"https:\/\/adamile.com\/#organization\",\"name\":\"ADAMILE\",\"url\":\"https:\/\/adamile.com\/\",\"sameAs\":[\"https:\/\/www.instagram.com\/_adamile\/\",\"https:\/\/www.facebook.com\/ada.kyouyama\"],\"logo\":{\"@type\":\"ImageObject\",\"inLanguage\":\"en-GB\",\"@id\":\"https:\/\/adamile.com\/#\/schema\/logo\/image\/\",\"url\":\"https:\/\/adamile.com\/wp-content\/uploads\/ada_logomail.png\",\"contentUrl\":\"https:\/\/adamile.com\/wp-content\/uploads\/ada_logomail.png\",\"width\":320,\"height\":298,\"caption\":\"ADAMILE\"},\"image\":{\"@id\":\"https:\/\/adamile.com\/#\/schema\/logo\/image\/\"}}]}<\/script>\n<!-- \/ Yoast SEO plugin. -->","yoast_head_json":{"title":"Rutas y Servicios en Galicia - Adamile","description":"Entrena caballos de competici\u00f3n en Sanxenxo por playas y monta\u00f1as. Rutas en Galicia. Monta y disfruta del entorno y la gastronom\u00eda.","robots":{"index":"index","follow":"follow","max-snippet":"max-snippet:-1","max-image-preview":"max-image-preview:large","max-video-preview":"max-video-preview:-1"},"canonical":"https:\/\/adamile.com\/en\/rutas-y-servicios-en-galicia\/","og_locale":"en_GB","og_type":"article","og_title":"Rutas y Servicios en Galicia - Adamile","og_description":"Entrena caballos de competici\u00f3n en Sanxenxo por playas y monta\u00f1as. Rutas en Galicia. Monta y disfruta del entorno y la gastronom\u00eda.","og_url":"https:\/\/adamile.com\/en\/rutas-y-servicios-en-galicia\/","og_site_name":"Adamile","article_publisher":"https:\/\/www.facebook.com\/ada.kyouyama","article_modified_time":"2020-06-25T14:15:13+00:00","twitter_card":"summary_large_image","twitter_misc":{"Estimated reading time":"2 minutes"},"schema":{"@context":"https:\/\/schema.org","@graph":[{"@type":"WebPage","@id":"https:\/\/adamile.com\/rutas-y-servicios-en-galicia\/","url":"https:\/\/adamile.com\/rutas-y-servicios-en-galicia\/","name":"Rutas y Servicios en Galicia - Adamile","isPartOf":{"@id":"https:\/\/adamile.com\/#website"},"datePublished":"2020-02-22T10:07:38+00:00","dateModified":"2020-06-25T14:15:13+00:00","description":"Entrena caballos de competici\u00f3n en Sanxenxo por playas y monta\u00f1as. Rutas en Galicia. Monta y disfruta del entorno y la gastronom\u00eda.","breadcrumb":{"@id":"https:\/\/adamile.com\/rutas-y-servicios-en-galicia\/#breadcrumb"},"inLanguage":"en-GB","potentialAction":[{"@type":"ReadAction","target":["https:\/\/adamile.com\/rutas-y-servicios-en-galicia\/"]}]},{"@type":"BreadcrumbList","@id":"https:\/\/adamile.com\/rutas-y-servicios-en-galicia\/#breadcrumb","itemListElement":[{"@type":"ListItem","position":1,"name":"Portada","item":"https:\/\/adamile.com\/"},{"@type":"ListItem","position":2,"name":"Rutas y Servicios en Galicia"}]},{"@type":"WebSite","@id":"https:\/\/adamile.com\/#website","url":"https:\/\/adamile.com\/","name":"Adamile","description":"Entrenamiento de caballos para raid","publisher":{"@id":"https:\/\/adamile.com\/#organization"},"potentialAction":[{"@type":"SearchAction","target":{"@type":"EntryPoint","urlTemplate":"https:\/\/adamile.com\/?s={search_term_string}"},"query-input":"required name=search_term_string"}],"inLanguage":"en-GB"},{"@type":"Organization","@id":"https:\/\/adamile.com\/#organization","name":"ADAMILE","url":"https:\/\/adamile.com\/","sameAs":["https:\/\/www.instagram.com\/_adamile\/","https:\/\/www.facebook.com\/ada.kyouyama"],"logo":{"@type":"ImageObject","inLanguage":"en-GB","@id":"https:\/\/adamile.com\/#\/schema\/logo\/image\/","url":"https:\/\/adamile.com\/wp-content\/uploads\/ada_logomail.png","contentUrl":"https:\/\/adamile.com\/wp-content\/uploads\/ada_logomail.png","width":320,"height":298,"caption":"ADAMILE"},"image":{"@id":"https:\/\/adamile.com\/#\/schema\/logo\/image\/"}}]}},"_links":{"self":[{"href":"https:\/\/adamile.com\/en\/wp-json\/wp\/v2\/pages\/254"}],"collection":[{"href":"https:\/\/adamile.com\/en\/wp-json\/wp\/v2\/pages"}],"about":[{"href":"https:\/\/adamile.com\/en\/wp-json\/wp\/v2\/types\/page"}],"author":[{"embeddable":true,"href":"https:\/\/adamile.com\/en\/wp-json\/wp\/v2\/users\/1"}],"replies":[{"embeddable":true,"href":"https:\/\/adamile.com\/en\/wp-json\/wp\/v2\/comments?post=254"}],"version-history":[{"count":10,"href":"https:\/\/adamile.com\/en\/wp-json\/wp\/v2\/pages\/254\/revisions"}],"predecessor-version":[{"id":900,"href":"https:\/\/adamile.com\/en\/wp-json\/wp\/v2\/pages\/254\/revisions\/900"}],"wp:attachment":[{"href":"https:\/\/adamile.com\/en\/wp-json\/wp\/v2\/media?parent=254"}],"curies":[{"name":"wp","href":"https:\/\/api.w.org\/{rel}","templated":true}]}}