{"id":651,"date":"2020-04-27T14:14:23","date_gmt":"2020-04-27T14:14:23","guid":{"rendered":"https:\/\/adamile.com\/?page_id=651"},"modified":"2024-12-17T15:30:35","modified_gmt":"2024-12-17T15:30:35","slug":"equipo-equino","status":"publish","type":"page","link":"https:\/\/adamile.com\/en\/equipo-equino\/","title":{"rendered":"Equipo Equino"},"content":{"rendered":"<div data-elementor-type=\"wp-page\" data-elementor-id=\"651\" class=\"elementor elementor-651\">\n\t\t\t\t\t\t<div class=\"elementor-inner\">\n\t\t\t\t<div class=\"elementor-section-wrap\">\n\t\t\t\t\t\t\t\t\t<section class=\"elementor-section elementor-top-section elementor-element elementor-element-0f554e4 elementor-section-boxed elementor-section-height-default elementor-section-height-default elementor-invisible\" data-id=\"0f554e4\" data-element_type=\"section\" data-settings=\"{&quot;background_background&quot;:&quot;classic&quot;,&quot;animation&quot;:&quot;fadeInUp&quot;}\">\n\t\t\t\t\t\t<div class=\"elementor-container elementor-column-gap-default\">\n\t\t\t\t\t\t\t<div class=\"elementor-row\">\n\t\t\t\t\t<div class=\"elementor-column elementor-col-100 elementor-top-column elementor-element elementor-element-b628d04\" data-id=\"b628d04\" data-element_type=\"column\">\n\t\t\t<div class=\"elementor-column-wrap elementor-element-populated\">\n\t\t\t\t\t\t\t<div class=\"elementor-widget-wrap\">\n\t\t\t\t\t\t<div class=\"elementor-element elementor-element-91b8f2b elementor-widget elementor-widget-heading\" data-id=\"91b8f2b\" data-element_type=\"widget\" data-widget_type=\"heading.default\">\n\t\t\t\t<div class=\"elementor-widget-container\">\n\t\t\t<h2 class=\"elementor-heading-title elementor-size-default\">\u00a1 Ven a conocer nuestra manada !<\/h2>\t\t<\/div>\n\t\t\t\t<\/div>\n\t\t\t\t\t\t<\/div>\n\t\t\t\t\t<\/div>\n\t\t<\/div>\n\t\t\t\t\t\t\t\t<\/div>\n\t\t\t\t\t<\/div>\n\t\t<\/section>\n\t\t\t\t<section class=\"elementor-section elementor-top-section elementor-element elementor-element-1b508f2 elementor-section-full_width elementor-section-stretched elementor-section-height-default elementor-section-height-default elementor-invisible\" data-id=\"1b508f2\" data-element_type=\"section\" data-settings=\"{&quot;background_background&quot;:&quot;classic&quot;,&quot;stretch_section&quot;:&quot;section-stretched&quot;,&quot;animation&quot;:&quot;fadeInDown&quot;}\">\n\t\t\t\t\t\t<div class=\"elementor-container elementor-column-gap-default\">\n\t\t\t\t\t\t\t<div class=\"elementor-row\">\n\t\t\t\t\t<div class=\"elementor-column elementor-col-100 elementor-top-column elementor-element elementor-element-e160dd5\" data-id=\"e160dd5\" data-element_type=\"column\">\n\t\t\t<div class=\"elementor-column-wrap elementor-element-populated\">\n\t\t\t\t\t\t\t<div class=\"elementor-widget-wrap\">\n\t\t\t\t\t\t<div class=\"elementor-element elementor-element-afe5ba7 elementor-widget elementor-widget-image\" data-id=\"afe5ba7\" data-element_type=\"widget\" data-widget_type=\"image.default\">\n\t\t\t\t<div class=\"elementor-widget-container\">\n\t\t\t\t\t\t\t\t<div class=\"elementor-image\">\n\t\t\t\t\t\t\t\t\t\t\t\t<img width=\"1920\" height=\"749\" src=\"https:\/\/adamile.com\/wp-content\/uploads\/Manada2.jpg\" class=\"attachment-full size-full\" alt=\"\" loading=\"lazy\" srcset=\"https:\/\/adamile.com\/wp-content\/uploads\/Manada2.jpg 1920w, https:\/\/adamile.com\/wp-content\/uploads\/Manada2-300x117.jpg 300w, https:\/\/adamile.com\/wp-content\/uploads\/Manada2-1024x399.jpg 1024w, https:\/\/adamile.com\/wp-content\/uploads\/Manada2-768x300.jpg 768w, https:\/\/adamile.com\/wp-content\/uploads\/Manada2-1536x599.jpg 1536w, https:\/\/adamile.com\/wp-content\/uploads\/Manada2-800x312.jpg 800w\" sizes=\"(max-width: 1920px) 100vw, 1920px\" \/>\t\t\t\t\t\t\t\t\t\t\t\t\t\t<\/div>\n\t\t\t\t\t\t<\/div>\n\t\t\t\t<\/div>\n\t\t\t\t\t\t<\/div>\n\t\t\t\t\t<\/div>\n\t\t<\/div>\n\t\t\t\t\t\t\t\t<\/div>\n\t\t\t\t\t<\/div>\n\t\t<\/section>\n\t\t\t\t<section class=\"elementor-section elementor-top-section elementor-element elementor-element-d330d57 elementor-section-boxed elementor-section-height-default elementor-section-height-default\" data-id=\"d330d57\" data-element_type=\"section\" data-settings=\"{&quot;background_background&quot;:&quot;classic&quot;}\">\n\t\t\t\t\t\t<div class=\"elementor-container elementor-column-gap-default\">\n\t\t\t\t\t\t\t<div class=\"elementor-row\">\n\t\t\t\t\t<div class=\"elementor-column elementor-col-100 elementor-top-column elementor-element elementor-element-61684e5\" data-id=\"61684e5\" data-element_type=\"column\">\n\t\t\t<div class=\"elementor-column-wrap elementor-element-populated\">\n\t\t\t\t\t\t\t<div class=\"elementor-widget-wrap\">\n\t\t\t\t\t\t<div class=\"elementor-element elementor-element-6855a8d elementor-widget elementor-widget-text-editor\" data-id=\"6855a8d\" data-element_type=\"widget\" data-widget_type=\"text-editor.default\">\n\t\t\t\t<div class=\"elementor-widget-container\">\n\t\t\t\t\t\t\t\t<div class=\"elementor-text-editor elementor-clearfix\">\n\t\t\t\t<p>Nuestro equipo equino est\u00e1 actualmente formado por una manada de 3 yeguas que viven juntas en semilibertad.<\/p><p>Todas nuestras yeguas est\u00e1n disponibles para la venta, una de ellas tambi\u00e9n est\u00e1 disponible y entrenada para alquilar en carreras de raid.\u00a0<\/p>\t\t\t\t\t<\/div>\n\t\t\t\t\t\t<\/div>\n\t\t\t\t<\/div>\n\t\t\t\t\t\t<\/div>\n\t\t\t\t\t<\/div>\n\t\t<\/div>\n\t\t\t\t\t\t\t\t<\/div>\n\t\t\t\t\t<\/div>\n\t\t<\/section>\n\t\t\t\t<section class=\"elementor-section elementor-top-section elementor-element elementor-element-b22b372 elementor-section-boxed elementor-section-height-default elementor-section-height-default\" data-id=\"b22b372\" data-element_type=\"section\" data-settings=\"{&quot;background_background&quot;:&quot;classic&quot;}\">\n\t\t\t\t\t\t<div class=\"elementor-container elementor-column-gap-default\">\n\t\t\t\t\t\t\t<div class=\"elementor-row\">\n\t\t\t\t\t<div class=\"elementor-column elementor-col-100 elementor-top-column elementor-element elementor-element-24ae31b\" data-id=\"24ae31b\" data-element_type=\"column\">\n\t\t\t<div class=\"elementor-column-wrap elementor-element-populated\">\n\t\t\t\t\t\t\t<div class=\"elementor-widget-wrap\">\n\t\t\t\t\t\t<div class=\"elementor-element elementor-element-1871ae5 elementor-widget elementor-widget-text-editor\" data-id=\"1871ae5\" data-element_type=\"widget\" data-widget_type=\"text-editor.default\">\n\t\t\t\t<div class=\"elementor-widget-container\">\n\t\t\t\t\t\t\t\t<div class=\"elementor-text-editor elementor-clearfix\">\n\t\t\t\t<p style=\"text-align: left;\">Tenemos un sistema de rotaci\u00f3n de Paddock Paradise, cada cierto tiempo, las yeguas cambian de sitio para poder tener siempre hierba verde y espacio suficiente a su disposici\u00f3n, adem\u00e1s, por supuesto, de hierba seca, agua y sus raciones de pienso y vitaminas correspondientes en funci\u00f3n del entrenamiento que realicen.<\/p>\t\t\t\t\t<\/div>\n\t\t\t\t\t\t<\/div>\n\t\t\t\t<\/div>\n\t\t\t\t<section class=\"elementor-section elementor-inner-section elementor-element elementor-element-da730b7 elementor-section-boxed elementor-section-height-default elementor-section-height-default\" data-id=\"da730b7\" data-element_type=\"section\">\n\t\t\t\t\t\t<div class=\"elementor-container elementor-column-gap-default\">\n\t\t\t\t\t\t\t<div class=\"elementor-row\">\n\t\t\t\t\t<div class=\"elementor-column elementor-col-50 elementor-inner-column elementor-element elementor-element-df80ddf\" data-id=\"df80ddf\" data-element_type=\"column\" data-settings=\"{&quot;background_background&quot;:&quot;classic&quot;}\">\n\t\t\t<div class=\"elementor-column-wrap elementor-element-populated\">\n\t\t\t\t\t\t\t<div class=\"elementor-widget-wrap\">\n\t\t\t\t\t\t<div class=\"elementor-element elementor-element-2b6b8f9 elementor-widget elementor-widget-image\" data-id=\"2b6b8f9\" data-element_type=\"widget\" data-widget_type=\"image.default\">\n\t\t\t\t<div class=\"elementor-widget-container\">\n\t\t\t\t\t\t\t\t<div class=\"elementor-image\">\n\t\t\t\t\t\t\t\t\t\t\t\t<img width=\"480\" height=\"800\" src=\"https:\/\/adamile.com\/wp-content\/uploads\/cabalgar_montalvo.jpg\" class=\"attachment-full size-full\" alt=\"Vacaciones a caballo\" loading=\"lazy\" srcset=\"https:\/\/adamile.com\/wp-content\/uploads\/cabalgar_montalvo.jpg 480w, https:\/\/adamile.com\/wp-content\/uploads\/cabalgar_montalvo-180x300.jpg 180w\" sizes=\"(max-width: 480px) 100vw, 480px\" \/>\t\t\t\t\t\t\t\t\t\t\t\t\t\t<\/div>\n\t\t\t\t\t\t<\/div>\n\t\t\t\t<\/div>\n\t\t\t\t\t\t<\/div>\n\t\t\t\t\t<\/div>\n\t\t<\/div>\n\t\t\t\t<div class=\"elementor-column elementor-col-50 elementor-inner-column elementor-element elementor-element-7236db6\" data-id=\"7236db6\" data-element_type=\"column\">\n\t\t\t<div class=\"elementor-column-wrap elementor-element-populated\">\n\t\t\t\t\t\t\t<div class=\"elementor-widget-wrap\">\n\t\t\t\t\t\t<div class=\"elementor-element elementor-element-2a3a639 elementor-widget elementor-widget-text-editor\" data-id=\"2a3a639\" data-element_type=\"widget\" data-widget_type=\"text-editor.default\">\n\t\t\t\t<div class=\"elementor-widget-container\">\n\t\t\t\t\t\t\t\t<div class=\"elementor-text-editor elementor-clearfix\">\n\t\t\t\t<p style=\"text-align: center;\">Actualmente nos encontramos en la comunidad de Dena, Pontevedra. Disponemos de casi 3 hect\u00e1reas de terreno, propiedad de <strong><span style=\"text-decoration: underline;\"><span style=\"color: #ff9900; text-decoration: underline;\">Casa de Torres<\/span><\/span><\/strong>, sumada a una base en el Coraz\u00f3n de Cambados.\u00a0<\/p><p style=\"text-align: center;\">Mientras limpian el exceso de vegetaci\u00f3n y abonan estas tierras, disponen de espacio e hierba suficiente para que no tengan competencia de recursos, lo que permite que la convivencia en manada sea completamente equilibrada y segura. Tambi\u00e9n cuentan con arboleda y refugio donde resguardarse de las inclemencias del tiempo lluvia o calor por ellas mismas.\u00a0<\/p><p style=\"text-align: center;\">Gracias a este sistema de paddock din\u00e1mico o paddock paradise, se favorece el movimiento constante durante todo el d\u00eda, y que puedan comer durante las 16 horas al d\u00eda que se estima que come un caballo en libertad. Recorren as\u00ed, una media de 20km al d\u00eda sin salir del paddock.<\/p><p style=\"text-align: center;\">Esto reduce en un 90% las posibilidades de padecer enfermedades como c\u00f3licos, infosuras, agarrotamiento muscular&#8230; y mantienen una salud mental de la que carecen los caballos estabulados.<\/p><p style=\"text-align: center;\">Puedes conocerlas m\u00e1s de cerca en nuestra cuenta de Instagram <strong><em><span style=\"color: #ff9900;\"><a style=\"color: #ff9900;\" href=\"https:\/\/www.instagram.com\/_adamile\/\">AdaMile<\/a><\/span><\/em><\/strong><\/p>\t\t\t\t\t<\/div>\n\t\t\t\t\t\t<\/div>\n\t\t\t\t<\/div>\n\t\t\t\t\t\t<\/div>\n\t\t\t\t\t<\/div>\n\t\t<\/div>\n\t\t\t\t\t\t\t\t<\/div>\n\t\t\t\t\t<\/div>\n\t\t<\/section>\n\t\t\t\t\t\t<\/div>\n\t\t\t\t\t<\/div>\n\t\t<\/div>\n\t\t\t\t\t\t\t\t<\/div>\n\t\t\t\t\t<\/div>\n\t\t<\/section>\n\t\t\t\t\t\t\t\t\t<\/div>\n\t\t\t<\/div>\n\t\t\t\t\t<\/div>","protected":false},"excerpt":{"rendered":"<p>\u00a1 Ven a conocer nuestra manada ! Nuestro equipo equino est\u00e1 actualmente formado por una manada de 3 yeguas que viven juntas en semilibertad. Todas nuestras yeguas est\u00e1n disponibles para la venta, una de ellas tambi\u00e9n est\u00e1 disponible y entrenada para alquilar en carreras de raid.\u00a0 Tenemos un sistema de rotaci\u00f3n de Paddock Paradise, cada [&hellip;]<\/p>","protected":false},"author":3,"featured_media":623,"parent":0,"menu_order":0,"comment_status":"closed","ping_status":"closed","template":"","meta":[],"yoast_head":"<!-- This site is optimized with the Yoast SEO plugin v19.7.1 - https:\/\/yoast.com\/wordpress\/plugins\/seo\/ -->\n<title>Equipo Equino - Adamile<\/title>\n<meta name=\"description\" content=\"Nuestro equipo equino est\u00e1 actualmente formado por una manada de 3 yeguas que viven juntas en semilibertad. Con ellas haremos las Rutas Endurance.\" \/>\n<meta name=\"robots\" content=\"index, follow, max-snippet:-1, max-image-preview:large, max-video-preview:-1\" \/>\n<link rel=\"canonical\" href=\"https:\/\/adamile.com\/en\/equipo-equino\/\" \/>\n<meta property=\"og:locale\" content=\"en_GB\" \/>\n<meta property=\"og:type\" content=\"article\" \/>\n<meta property=\"og:title\" content=\"Equipo Equino - Adamile\" \/>\n<meta property=\"og:description\" content=\"Nuestro equipo equino est\u00e1 actualmente formado por una manada de 3 yeguas que viven juntas en semilibertad. Con ellas haremos las Rutas Endurance.\" \/>\n<meta property=\"og:url\" content=\"https:\/\/adamile.com\/en\/equipo-equino\/\" \/>\n<meta property=\"og:site_name\" content=\"Adamile\" \/>\n<meta property=\"article:publisher\" content=\"https:\/\/www.facebook.com\/ada.kyouyama\" \/>\n<meta property=\"article:modified_time\" content=\"2024-12-17T15:30:35+00:00\" \/>\n<meta property=\"og:image\" content=\"https:\/\/adamile.com\/wp-content\/uploads\/Manada-scaled.jpg\" \/>\n\t<meta property=\"og:image:width\" content=\"2560\" \/>\n\t<meta property=\"og:image:height\" content=\"1633\" \/>\n\t<meta property=\"og:image:type\" content=\"image\/jpeg\" \/>\n<meta name=\"twitter:card\" content=\"summary_large_image\" \/>\n<meta name=\"twitter:label1\" content=\"Estimated reading time\" \/>\n\t<meta name=\"twitter:data1\" content=\"2 minutes\" \/>\n<script type=\"application\/ld+json\" class=\"yoast-schema-graph\">{\"@context\":\"https:\/\/schema.org\",\"@graph\":[{\"@type\":\"WebPage\",\"@id\":\"https:\/\/adamile.com\/equipo-equino\/\",\"url\":\"https:\/\/adamile.com\/equipo-equino\/\",\"name\":\"Equipo Equino - Adamile\",\"isPartOf\":{\"@id\":\"https:\/\/adamile.com\/#website\"},\"datePublished\":\"2020-04-27T14:14:23+00:00\",\"dateModified\":\"2024-12-17T15:30:35+00:00\",\"description\":\"Nuestro equipo equino est\u00e1 actualmente formado por una manada de 3 yeguas que viven juntas en semilibertad. Con ellas haremos las Rutas Endurance.\",\"breadcrumb\":{\"@id\":\"https:\/\/adamile.com\/equipo-equino\/#breadcrumb\"},\"inLanguage\":\"en-GB\",\"potentialAction\":[{\"@type\":\"ReadAction\",\"target\":[\"https:\/\/adamile.com\/equipo-equino\/\"]}]},{\"@type\":\"BreadcrumbList\",\"@id\":\"https:\/\/adamile.com\/equipo-equino\/#breadcrumb\",\"itemListElement\":[{\"@type\":\"ListItem\",\"position\":1,\"name\":\"Portada\",\"item\":\"https:\/\/adamile.com\/\"},{\"@type\":\"ListItem\",\"position\":2,\"name\":\"Equipo Equino\"}]},{\"@type\":\"WebSite\",\"@id\":\"https:\/\/adamile.com\/#website\",\"url\":\"https:\/\/adamile.com\/\",\"name\":\"Adamile\",\"description\":\"Entrenamiento de caballos para raid\",\"publisher\":{\"@id\":\"https:\/\/adamile.com\/#organization\"},\"potentialAction\":[{\"@type\":\"SearchAction\",\"target\":{\"@type\":\"EntryPoint\",\"urlTemplate\":\"https:\/\/adamile.com\/?s={search_term_string}\"},\"query-input\":\"required name=search_term_string\"}],\"inLanguage\":\"en-GB\"},{\"@type\":\"Organization\",\"@id\":\"https:\/\/adamile.com\/#organization\",\"name\":\"ADAMILE\",\"url\":\"https:\/\/adamile.com\/\",\"sameAs\":[\"https:\/\/www.instagram.com\/_adamile\/\",\"https:\/\/www.facebook.com\/ada.kyouyama\"],\"logo\":{\"@type\":\"ImageObject\",\"inLanguage\":\"en-GB\",\"@id\":\"https:\/\/adamile.com\/#\/schema\/logo\/image\/\",\"url\":\"https:\/\/adamile.com\/wp-content\/uploads\/ada_logomail.png\",\"contentUrl\":\"https:\/\/adamile.com\/wp-content\/uploads\/ada_logomail.png\",\"width\":320,\"height\":298,\"caption\":\"ADAMILE\"},\"image\":{\"@id\":\"https:\/\/adamile.com\/#\/schema\/logo\/image\/\"}}]}<\/script>\n<!-- \/ Yoast SEO plugin. -->","yoast_head_json":{"title":"Equipo Equino - Adamile","description":"Nuestro equipo equino est\u00e1 actualmente formado por una manada de 3 yeguas que viven juntas en semilibertad. Con ellas haremos las Rutas Endurance.","robots":{"index":"index","follow":"follow","max-snippet":"max-snippet:-1","max-image-preview":"max-image-preview:large","max-video-preview":"max-video-preview:-1"},"canonical":"https:\/\/adamile.com\/en\/equipo-equino\/","og_locale":"en_GB","og_type":"article","og_title":"Equipo Equino - Adamile","og_description":"Nuestro equipo equino est\u00e1 actualmente formado por una manada de 3 yeguas que viven juntas en semilibertad. Con ellas haremos las Rutas Endurance.","og_url":"https:\/\/adamile.com\/en\/equipo-equino\/","og_site_name":"Adamile","article_publisher":"https:\/\/www.facebook.com\/ada.kyouyama","article_modified_time":"2024-12-17T15:30:35+00:00","og_image":[{"width":2560,"height":1633,"url":"https:\/\/adamile.com\/wp-content\/uploads\/Manada-scaled.jpg","type":"image\/jpeg"}],"twitter_card":"summary_large_image","twitter_misc":{"Estimated reading time":"2 minutes"},"schema":{"@context":"https:\/\/schema.org","@graph":[{"@type":"WebPage","@id":"https:\/\/adamile.com\/equipo-equino\/","url":"https:\/\/adamile.com\/equipo-equino\/","name":"Equipo Equino - Adamile","isPartOf":{"@id":"https:\/\/adamile.com\/#website"},"datePublished":"2020-04-27T14:14:23+00:00","dateModified":"2024-12-17T15:30:35+00:00","description":"Nuestro equipo equino est\u00e1 actualmente formado por una manada de 3 yeguas que viven juntas en semilibertad. Con ellas haremos las Rutas Endurance.","breadcrumb":{"@id":"https:\/\/adamile.com\/equipo-equino\/#breadcrumb"},"inLanguage":"en-GB","potentialAction":[{"@type":"ReadAction","target":["https:\/\/adamile.com\/equipo-equino\/"]}]},{"@type":"BreadcrumbList","@id":"https:\/\/adamile.com\/equipo-equino\/#breadcrumb","itemListElement":[{"@type":"ListItem","position":1,"name":"Portada","item":"https:\/\/adamile.com\/"},{"@type":"ListItem","position":2,"name":"Equipo Equino"}]},{"@type":"WebSite","@id":"https:\/\/adamile.com\/#website","url":"https:\/\/adamile.com\/","name":"Adamile","description":"Entrenamiento de caballos para raid","publisher":{"@id":"https:\/\/adamile.com\/#organization"},"potentialAction":[{"@type":"SearchAction","target":{"@type":"EntryPoint","urlTemplate":"https:\/\/adamile.com\/?s={search_term_string}"},"query-input":"required name=search_term_string"}],"inLanguage":"en-GB"},{"@type":"Organization","@id":"https:\/\/adamile.com\/#organization","name":"ADAMILE","url":"https:\/\/adamile.com\/","sameAs":["https:\/\/www.instagram.com\/_adamile\/","https:\/\/www.facebook.com\/ada.kyouyama"],"logo":{"@type":"ImageObject","inLanguage":"en-GB","@id":"https:\/\/adamile.com\/#\/schema\/logo\/image\/","url":"https:\/\/adamile.com\/wp-content\/uploads\/ada_logomail.png","contentUrl":"https:\/\/adamile.com\/wp-content\/uploads\/ada_logomail.png","width":320,"height":298,"caption":"ADAMILE"},"image":{"@id":"https:\/\/adamile.com\/#\/schema\/logo\/image\/"}}]}},"_links":{"self":[{"href":"https:\/\/adamile.com\/en\/wp-json\/wp\/v2\/pages\/651"}],"collection":[{"href":"https:\/\/adamile.com\/en\/wp-json\/wp\/v2\/pages"}],"about":[{"href":"https:\/\/adamile.com\/en\/wp-json\/wp\/v2\/types\/page"}],"author":[{"embeddable":true,"href":"https:\/\/adamile.com\/en\/wp-json\/wp\/v2\/users\/3"}],"replies":[{"embeddable":true,"href":"https:\/\/adamile.com\/en\/wp-json\/wp\/v2\/comments?post=651"}],"version-history":[{"count":26,"href":"https:\/\/adamile.com\/en\/wp-json\/wp\/v2\/pages\/651\/revisions"}],"predecessor-version":[{"id":1124,"href":"https:\/\/adamile.com\/en\/wp-json\/wp\/v2\/pages\/651\/revisions\/1124"}],"wp:featuredmedia":[{"embeddable":true,"href":"https:\/\/adamile.com\/en\/wp-json\/wp\/v2\/media\/623"}],"wp:attachment":[{"href":"https:\/\/adamile.com\/en\/wp-json\/wp\/v2\/media?parent=651"}],"curies":[{"name":"wp","href":"https:\/\/api.w.org\/{rel}","templated":true}]}}