{"id":771,"date":"2020-05-02T11:18:41","date_gmt":"2020-05-02T11:18:41","guid":{"rendered":"https:\/\/adamile.com\/?page_id=771"},"modified":"2020-05-02T11:18:41","modified_gmt":"2020-05-02T11:18:41","slug":"consentimiento-clientes","status":"publish","type":"page","link":"https:\/\/adamile.com\/en\/consentimiento-clientes\/","title":{"rendered":"Consentimiento clientes"},"content":{"rendered":"<p>CONSENTIMIENTO EXPRESO CLIENTES<br \/>\nEn aras a dar cumplimiento al Reglamento (UE) 2016\/679 del Parlamento Europeo y del Consejo, de 27 de abril de 2016,<br \/>\nrelativo a la protecci\u00f3n de las personas f\u00edsicas en lo que respecta al tratamiento de datos personales y a la libre circulaci\u00f3n de<br \/>\nestos datos, y siguiendo las Recomendaciones e Instrucciones emitidas por la Agencia Espa\u00f1ola de Protecci\u00f3n de Datos<br \/>\n(A.E.P.D.), SE INFORMA:<br \/>\n\uf0b7 Los datos de car\u00e1cter personal solicitados y facilitados por usted, son incorporados un fichero de titularidad privada<br \/>\ncuyo responsable y \u00fanico destinatario es AdaMile.<br \/>\n\uf0b7 Solo ser\u00e1n solicitados aquellos datos estrictamente necesarios para prestar adecuadamente los servicios solicitados,<br \/>\npudiendo ser necesario recoger datos de contacto de terceros, tales como representantes legales, tutores, o personas<br \/>\na cargo designadas por los mismos.<br \/>\n\uf0b7 Todos los datos recogidos cuentan con el compromiso de confidencialidad, con las medidas de seguridad establecidas<br \/>\nlegalmente, y bajo ning\u00fan concepto son cedidos o tratados por terceras personas, f\u00edsicas o jur\u00eddicas, sin el previo<br \/>\nconsentimiento del cliente, tutor o representante legal, salvo en aquellos casos en los que fuere imprescindible para<br \/>\nla correcta prestaci\u00f3n del servicio.<br \/>\n\uf0b7 Una vez finalizada la relaci\u00f3n entre la empresa y el cliente los datos ser\u00e1n archivados y conservados, durante un<br \/>\nperiodo tiempo m\u00ednimo de un a\u00f1o, tras lo cual seguir\u00e1 archivado o en su defecto ser\u00e1n<br \/>\ndevueltos \u00edntegramente al cliente o autorizado legal.<br \/>\n\uf0b7 Los datos que facilito ser\u00e1n incluidos en el Tratamiento denominado Clientes de AdaMile, con la finalidad de<br \/>\ngesti\u00f3n del servicio contratado, emisi\u00f3n de facturas, contacto&#8230;, todas las gestiones relacionadas con los clientes y<br \/>\nmanifiesto mi consentimiento. Tambi\u00e9n se me ha informado de la posibilidad de ejercitar los derechos de acceso,<br \/>\nrectificaci\u00f3n, cancelaci\u00f3n y oposici\u00f3n, indic\u00e1ndolo por escrito a AdaMile con domicilio en<br \/>\n____Montalvo s\/n, Portonovo.<br \/>\n\uf0b7 Los datos personales sean cedidos por AdaMile a las entidades que prestan servicios a la misma.<\/p>","protected":false},"excerpt":{"rendered":"<p>CONSENTIMIENTO EXPRESO CLIENTES En aras a dar cumplimiento al Reglamento (UE) 2016\/679 del Parlamento Europeo y del Consejo, de 27 de abril de 2016, relativo a la protecci\u00f3n de las personas f\u00edsicas en lo que respecta al tratamiento de datos personales y a la libre circulaci\u00f3n de estos datos, y siguiendo las Recomendaciones e Instrucciones [&hellip;]<\/p>","protected":false},"author":3,"featured_media":0,"parent":0,"menu_order":0,"comment_status":"closed","ping_status":"closed","template":"","meta":[],"yoast_head":"<!-- This site is optimized with the Yoast SEO plugin v19.7.1 - https:\/\/yoast.com\/wordpress\/plugins\/seo\/ -->\n<title>Consentimiento clientes - Adamile<\/title>\n<meta name=\"description\" content=\"Consentimiento clientes. Reglamento (UE) 2016\/679 del Parlamento Europeo y del Consejo, de 27 de abril de 2016, relativo a la protecci\u00f3n de datos.\" \/>\n<meta name=\"robots\" content=\"index, follow, max-snippet:-1, max-image-preview:large, max-video-preview:-1\" \/>\n<link rel=\"canonical\" href=\"https:\/\/adamile.com\/en\/consentimiento-clientes\/\" \/>\n<meta property=\"og:locale\" content=\"en_GB\" \/>\n<meta property=\"og:type\" content=\"article\" \/>\n<meta property=\"og:title\" content=\"Consentimiento clientes - Adamile\" \/>\n<meta property=\"og:description\" content=\"Consentimiento clientes. Reglamento (UE) 2016\/679 del Parlamento Europeo y del Consejo, de 27 de abril de 2016, relativo a la protecci\u00f3n de datos.\" \/>\n<meta property=\"og:url\" content=\"https:\/\/adamile.com\/en\/consentimiento-clientes\/\" \/>\n<meta property=\"og:site_name\" content=\"Adamile\" \/>\n<meta property=\"article:publisher\" content=\"https:\/\/www.facebook.com\/ada.kyouyama\" \/>\n<meta name=\"twitter:card\" content=\"summary_large_image\" \/>\n<meta name=\"twitter:label1\" content=\"Estimated reading time\" \/>\n\t<meta name=\"twitter:data1\" content=\"2 minutes\" \/>\n<script type=\"application\/ld+json\" class=\"yoast-schema-graph\">{\"@context\":\"https:\/\/schema.org\",\"@graph\":[{\"@type\":\"WebPage\",\"@id\":\"https:\/\/adamile.com\/consentimiento-clientes\/\",\"url\":\"https:\/\/adamile.com\/consentimiento-clientes\/\",\"name\":\"Consentimiento clientes - Adamile\",\"isPartOf\":{\"@id\":\"https:\/\/adamile.com\/#website\"},\"datePublished\":\"2020-05-02T11:18:41+00:00\",\"dateModified\":\"2020-05-02T11:18:41+00:00\",\"description\":\"Consentimiento clientes. Reglamento (UE) 2016\/679 del Parlamento Europeo y del Consejo, de 27 de abril de 2016, relativo a la protecci\u00f3n de datos.\",\"breadcrumb\":{\"@id\":\"https:\/\/adamile.com\/consentimiento-clientes\/#breadcrumb\"},\"inLanguage\":\"en-GB\",\"potentialAction\":[{\"@type\":\"ReadAction\",\"target\":[\"https:\/\/adamile.com\/consentimiento-clientes\/\"]}]},{\"@type\":\"BreadcrumbList\",\"@id\":\"https:\/\/adamile.com\/consentimiento-clientes\/#breadcrumb\",\"itemListElement\":[{\"@type\":\"ListItem\",\"position\":1,\"name\":\"Portada\",\"item\":\"https:\/\/adamile.com\/\"},{\"@type\":\"ListItem\",\"position\":2,\"name\":\"Consentimiento clientes\"}]},{\"@type\":\"WebSite\",\"@id\":\"https:\/\/adamile.com\/#website\",\"url\":\"https:\/\/adamile.com\/\",\"name\":\"Adamile\",\"description\":\"Entrenamiento de caballos para raid\",\"publisher\":{\"@id\":\"https:\/\/adamile.com\/#organization\"},\"potentialAction\":[{\"@type\":\"SearchAction\",\"target\":{\"@type\":\"EntryPoint\",\"urlTemplate\":\"https:\/\/adamile.com\/?s={search_term_string}\"},\"query-input\":\"required name=search_term_string\"}],\"inLanguage\":\"en-GB\"},{\"@type\":\"Organization\",\"@id\":\"https:\/\/adamile.com\/#organization\",\"name\":\"ADAMILE\",\"url\":\"https:\/\/adamile.com\/\",\"sameAs\":[\"https:\/\/www.instagram.com\/_adamile\/\",\"https:\/\/www.facebook.com\/ada.kyouyama\"],\"logo\":{\"@type\":\"ImageObject\",\"inLanguage\":\"en-GB\",\"@id\":\"https:\/\/adamile.com\/#\/schema\/logo\/image\/\",\"url\":\"https:\/\/adamile.com\/wp-content\/uploads\/ada_logomail.png\",\"contentUrl\":\"https:\/\/adamile.com\/wp-content\/uploads\/ada_logomail.png\",\"width\":320,\"height\":298,\"caption\":\"ADAMILE\"},\"image\":{\"@id\":\"https:\/\/adamile.com\/#\/schema\/logo\/image\/\"}}]}<\/script>\n<!-- \/ Yoast SEO plugin. -->","yoast_head_json":{"title":"Consentimiento clientes - Adamile","description":"Consentimiento clientes. Reglamento (UE) 2016\/679 del Parlamento Europeo y del Consejo, de 27 de abril de 2016, relativo a la protecci\u00f3n de datos.","robots":{"index":"index","follow":"follow","max-snippet":"max-snippet:-1","max-image-preview":"max-image-preview:large","max-video-preview":"max-video-preview:-1"},"canonical":"https:\/\/adamile.com\/en\/consentimiento-clientes\/","og_locale":"en_GB","og_type":"article","og_title":"Consentimiento clientes - Adamile","og_description":"Consentimiento clientes. Reglamento (UE) 2016\/679 del Parlamento Europeo y del Consejo, de 27 de abril de 2016, relativo a la protecci\u00f3n de datos.","og_url":"https:\/\/adamile.com\/en\/consentimiento-clientes\/","og_site_name":"Adamile","article_publisher":"https:\/\/www.facebook.com\/ada.kyouyama","twitter_card":"summary_large_image","twitter_misc":{"Estimated reading time":"2 minutes"},"schema":{"@context":"https:\/\/schema.org","@graph":[{"@type":"WebPage","@id":"https:\/\/adamile.com\/consentimiento-clientes\/","url":"https:\/\/adamile.com\/consentimiento-clientes\/","name":"Consentimiento clientes - Adamile","isPartOf":{"@id":"https:\/\/adamile.com\/#website"},"datePublished":"2020-05-02T11:18:41+00:00","dateModified":"2020-05-02T11:18:41+00:00","description":"Consentimiento clientes. Reglamento (UE) 2016\/679 del Parlamento Europeo y del Consejo, de 27 de abril de 2016, relativo a la protecci\u00f3n de datos.","breadcrumb":{"@id":"https:\/\/adamile.com\/consentimiento-clientes\/#breadcrumb"},"inLanguage":"en-GB","potentialAction":[{"@type":"ReadAction","target":["https:\/\/adamile.com\/consentimiento-clientes\/"]}]},{"@type":"BreadcrumbList","@id":"https:\/\/adamile.com\/consentimiento-clientes\/#breadcrumb","itemListElement":[{"@type":"ListItem","position":1,"name":"Portada","item":"https:\/\/adamile.com\/"},{"@type":"ListItem","position":2,"name":"Consentimiento clientes"}]},{"@type":"WebSite","@id":"https:\/\/adamile.com\/#website","url":"https:\/\/adamile.com\/","name":"Adamile","description":"Entrenamiento de caballos para raid","publisher":{"@id":"https:\/\/adamile.com\/#organization"},"potentialAction":[{"@type":"SearchAction","target":{"@type":"EntryPoint","urlTemplate":"https:\/\/adamile.com\/?s={search_term_string}"},"query-input":"required name=search_term_string"}],"inLanguage":"en-GB"},{"@type":"Organization","@id":"https:\/\/adamile.com\/#organization","name":"ADAMILE","url":"https:\/\/adamile.com\/","sameAs":["https:\/\/www.instagram.com\/_adamile\/","https:\/\/www.facebook.com\/ada.kyouyama"],"logo":{"@type":"ImageObject","inLanguage":"en-GB","@id":"https:\/\/adamile.com\/#\/schema\/logo\/image\/","url":"https:\/\/adamile.com\/wp-content\/uploads\/ada_logomail.png","contentUrl":"https:\/\/adamile.com\/wp-content\/uploads\/ada_logomail.png","width":320,"height":298,"caption":"ADAMILE"},"image":{"@id":"https:\/\/adamile.com\/#\/schema\/logo\/image\/"}}]}},"_links":{"self":[{"href":"https:\/\/adamile.com\/en\/wp-json\/wp\/v2\/pages\/771"}],"collection":[{"href":"https:\/\/adamile.com\/en\/wp-json\/wp\/v2\/pages"}],"about":[{"href":"https:\/\/adamile.com\/en\/wp-json\/wp\/v2\/types\/page"}],"author":[{"embeddable":true,"href":"https:\/\/adamile.com\/en\/wp-json\/wp\/v2\/users\/3"}],"replies":[{"embeddable":true,"href":"https:\/\/adamile.com\/en\/wp-json\/wp\/v2\/comments?post=771"}],"version-history":[{"count":1,"href":"https:\/\/adamile.com\/en\/wp-json\/wp\/v2\/pages\/771\/revisions"}],"predecessor-version":[{"id":772,"href":"https:\/\/adamile.com\/en\/wp-json\/wp\/v2\/pages\/771\/revisions\/772"}],"wp:attachment":[{"href":"https:\/\/adamile.com\/en\/wp-json\/wp\/v2\/media?parent=771"}],"curies":[{"name":"wp","href":"https:\/\/api.w.org\/{rel}","templated":true}]}}