{"id":1007,"date":"2022-06-21T11:58:35","date_gmt":"2022-06-21T11:58:35","guid":{"rendered":"https:\/\/adamile.com\/?post_type=product&#038;p=1007"},"modified":"2024-12-17T14:07:36","modified_gmt":"2024-12-17T14:07:36","slug":"caballo-de-raid-compra-venta-profesional-centro-de-entrenamiento","status":"publish","type":"product","link":"https:\/\/adamile.com\/en\/product\/caballo-de-raid-compra-venta-profesional-centro-de-entrenamiento\/","title":{"rendered":"Deojanan\u00e1"},"content":{"rendered":"<p>Yegua Anglo-\u00e1rabe al 25%, con una talla de 152cm a la cruz.<\/p>\n<p>Ganadora CEI 1* y best condition en la carrera de Ademuz en noviembre de 2022<\/p>\n<p>Bronce en el campeonato gallego CEI 1* 2024.<\/p>\n<p>Lista para CEI 120KM<\/p>\n<p>Coraz\u00f3n TOP<\/p>\n<p>Deojanan\u00e1 se encuentra a la venta, esta yegua es hija de L\u00e1zaro (A\u00e1 50%) y nieta por parte de madre de A\u00fapa t\u00fa (PSI).<\/p>\n<p><a href=\"http:\/\/aa-incecca.tragsatec.es\/aa-incecca\/caballos\/fichaProducto.xhtml\"><span style=\"color: #ff6600;\">AECCAA<\/span><\/a><\/p>\n<p><span style=\"color: #ff6600;\"><a style=\"color: #ff6600;\" href=\"http:\/\/www.purasangreingles.com\/psi\/genealogia.jsp\">PSI<\/a><\/span><\/p>\n<p>Muy galopadora, car\u00e1cter el\u00e9ctrico, disfruta del trabajo, siempre est\u00e1 dispuesta a entrenar. Incansable. Muy cari\u00f1osa y amigable con otros caballos y humanos.<\/p>\n<p>Actualmente prepar\u00e1ndose para su segunda carrera de 100km en el centro de preparaci\u00f3n f\u00edsica Ada Mile<\/p>\n<p>&nbsp;<\/p>\n<p><span style=\"color: #ff6600;\"><a style=\"color: #ff6600;\" href=\"https:\/\/larareylopez.wixsite.com\/fotografia\">Fotograf\u00eda de portada<\/a><\/span><\/p>","protected":false},"excerpt":{"rendered":"<p>Deojanan\u00e1 (L\u00e1zaro 50% x Niebla)<\/p>\n<p>Nacida en 2016.<\/p>\n<p>1\u00ba puesto y BEST CONDITION en CEI 1* Ademuz 2022.<\/p>\n<p>3er puesto en Campeonato gallego 100km de Pol 2024.<\/p>\n<p>Talla 1,52m.<\/p>","protected":false},"featured_media":1085,"comment_status":"open","ping_status":"closed","template":"","meta":[],"product_cat":[71,73],"product_tag":[],"yoast_head":"<!-- This site is optimized with the Yoast SEO plugin v19.7.1 - https:\/\/yoast.com\/wordpress\/plugins\/seo\/ -->\n<title>Deojanan\u00e1 - Adamile<\/title>\n<meta name=\"description\" content=\"Compra esta yegua de raid con preparaci\u00f3n profesional para el m\u00e1s alto nivel. Clasificada y lista para correr CEI 120km. Tambi\u00e9n disponible para alquiler.\" \/>\n<meta name=\"robots\" content=\"index, follow, max-snippet:-1, max-image-preview:large, max-video-preview:-1\" \/>\n<link rel=\"canonical\" href=\"https:\/\/adamile.com\/en\/product\/caballo-de-raid-compra-venta-profesional-centro-de-entrenamiento\/\" \/>\n<meta property=\"og:locale\" content=\"en_GB\" \/>\n<meta property=\"og:type\" content=\"article\" \/>\n<meta property=\"og:title\" content=\"Deojanan\u00e1 - Adamile\" \/>\n<meta property=\"og:description\" content=\"Compra esta yegua de raid con preparaci\u00f3n profesional para el m\u00e1s alto nivel. Clasificada y lista para correr CEI 120km. Tambi\u00e9n disponible para alquiler.\" \/>\n<meta property=\"og:url\" content=\"https:\/\/adamile.com\/en\/product\/caballo-de-raid-compra-venta-profesional-centro-de-entrenamiento\/\" \/>\n<meta property=\"og:site_name\" content=\"Adamile\" \/>\n<meta property=\"article:publisher\" content=\"https:\/\/www.facebook.com\/ada.kyouyama\" \/>\n<meta property=\"article:modified_time\" content=\"2024-12-17T14:07:36+00:00\" \/>\n<meta property=\"og:image\" content=\"https:\/\/adamile.com\/wp-content\/uploads\/WhatsApp-Image-2023-02-21-at-01.20.58-1.jpeg\" \/>\n\t<meta property=\"og:image:width\" content=\"2048\" \/>\n\t<meta property=\"og:image:height\" content=\"2021\" \/>\n\t<meta property=\"og:image:type\" content=\"image\/jpeg\" \/>\n<meta name=\"twitter:card\" content=\"summary_large_image\" \/>\n<meta name=\"twitter:label1\" content=\"Estimated reading time\" \/>\n\t<meta name=\"twitter:data1\" content=\"1 minute\" \/>\n<script type=\"application\/ld+json\" class=\"yoast-schema-graph\">{\"@context\":\"https:\/\/schema.org\",\"@graph\":[{\"@type\":\"WebPage\",\"@id\":\"https:\/\/adamile.com\/producto\/caballo-de-raid-compra-venta-profesional-centro-de-entrenamiento\/\",\"url\":\"https:\/\/adamile.com\/producto\/caballo-de-raid-compra-venta-profesional-centro-de-entrenamiento\/\",\"name\":\"Deojanan\u00e1 - Adamile\",\"isPartOf\":{\"@id\":\"https:\/\/adamile.com\/#website\"},\"datePublished\":\"2022-06-21T11:58:35+00:00\",\"dateModified\":\"2024-12-17T14:07:36+00:00\",\"description\":\"Compra esta yegua de raid con preparaci\u00f3n profesional para el m\u00e1s alto nivel. Clasificada y lista para correr CEI 120km. Tambi\u00e9n disponible para alquiler.\",\"breadcrumb\":{\"@id\":\"https:\/\/adamile.com\/producto\/caballo-de-raid-compra-venta-profesional-centro-de-entrenamiento\/#breadcrumb\"},\"inLanguage\":\"en-GB\",\"potentialAction\":[{\"@type\":\"ReadAction\",\"target\":[\"https:\/\/adamile.com\/producto\/caballo-de-raid-compra-venta-profesional-centro-de-entrenamiento\/\"]}]},{\"@type\":\"BreadcrumbList\",\"@id\":\"https:\/\/adamile.com\/producto\/caballo-de-raid-compra-venta-profesional-centro-de-entrenamiento\/#breadcrumb\",\"itemListElement\":[{\"@type\":\"ListItem\",\"position\":1,\"name\":\"Portada\",\"item\":\"https:\/\/adamile.com\/\"},{\"@type\":\"ListItem\",\"position\":2,\"name\":\"Productos\",\"item\":\"https:\/\/adamile.com\/shop\/\"},{\"@type\":\"ListItem\",\"position\":3,\"name\":\"Deojanan\u00e1\"}]},{\"@type\":\"WebSite\",\"@id\":\"https:\/\/adamile.com\/#website\",\"url\":\"https:\/\/adamile.com\/\",\"name\":\"Adamile\",\"description\":\"Entrenamiento de caballos para raid\",\"publisher\":{\"@id\":\"https:\/\/adamile.com\/#organization\"},\"potentialAction\":[{\"@type\":\"SearchAction\",\"target\":{\"@type\":\"EntryPoint\",\"urlTemplate\":\"https:\/\/adamile.com\/?s={search_term_string}\"},\"query-input\":\"required name=search_term_string\"}],\"inLanguage\":\"en-GB\"},{\"@type\":\"Organization\",\"@id\":\"https:\/\/adamile.com\/#organization\",\"name\":\"ADAMILE\",\"url\":\"https:\/\/adamile.com\/\",\"sameAs\":[\"https:\/\/www.instagram.com\/_adamile\/\",\"https:\/\/www.facebook.com\/ada.kyouyama\"],\"logo\":{\"@type\":\"ImageObject\",\"inLanguage\":\"en-GB\",\"@id\":\"https:\/\/adamile.com\/#\/schema\/logo\/image\/\",\"url\":\"https:\/\/adamile.com\/wp-content\/uploads\/ada_logomail.png\",\"contentUrl\":\"https:\/\/adamile.com\/wp-content\/uploads\/ada_logomail.png\",\"width\":320,\"height\":298,\"caption\":\"ADAMILE\"},\"image\":{\"@id\":\"https:\/\/adamile.com\/#\/schema\/logo\/image\/\"}}]}<\/script>\n<!-- \/ Yoast SEO plugin. -->","yoast_head_json":{"title":"Deojanan\u00e1 - Adamile","description":"Compra esta yegua de raid con preparaci\u00f3n profesional para el m\u00e1s alto nivel. Clasificada y lista para correr CEI 120km. Tambi\u00e9n disponible para alquiler.","robots":{"index":"index","follow":"follow","max-snippet":"max-snippet:-1","max-image-preview":"max-image-preview:large","max-video-preview":"max-video-preview:-1"},"canonical":"https:\/\/adamile.com\/en\/product\/caballo-de-raid-compra-venta-profesional-centro-de-entrenamiento\/","og_locale":"en_GB","og_type":"article","og_title":"Deojanan\u00e1 - Adamile","og_description":"Compra esta yegua de raid con preparaci\u00f3n profesional para el m\u00e1s alto nivel. Clasificada y lista para correr CEI 120km. Tambi\u00e9n disponible para alquiler.","og_url":"https:\/\/adamile.com\/en\/product\/caballo-de-raid-compra-venta-profesional-centro-de-entrenamiento\/","og_site_name":"Adamile","article_publisher":"https:\/\/www.facebook.com\/ada.kyouyama","article_modified_time":"2024-12-17T14:07:36+00:00","og_image":[{"width":2048,"height":2021,"url":"https:\/\/adamile.com\/wp-content\/uploads\/WhatsApp-Image-2023-02-21-at-01.20.58-1.jpeg","type":"image\/jpeg"}],"twitter_card":"summary_large_image","twitter_misc":{"Estimated reading time":"1 minute"},"schema":{"@context":"https:\/\/schema.org","@graph":[{"@type":"WebPage","@id":"https:\/\/adamile.com\/producto\/caballo-de-raid-compra-venta-profesional-centro-de-entrenamiento\/","url":"https:\/\/adamile.com\/producto\/caballo-de-raid-compra-venta-profesional-centro-de-entrenamiento\/","name":"Deojanan\u00e1 - Adamile","isPartOf":{"@id":"https:\/\/adamile.com\/#website"},"datePublished":"2022-06-21T11:58:35+00:00","dateModified":"2024-12-17T14:07:36+00:00","description":"Compra esta yegua de raid con preparaci\u00f3n profesional para el m\u00e1s alto nivel. Clasificada y lista para correr CEI 120km. Tambi\u00e9n disponible para alquiler.","breadcrumb":{"@id":"https:\/\/adamile.com\/producto\/caballo-de-raid-compra-venta-profesional-centro-de-entrenamiento\/#breadcrumb"},"inLanguage":"en-GB","potentialAction":[{"@type":"ReadAction","target":["https:\/\/adamile.com\/producto\/caballo-de-raid-compra-venta-profesional-centro-de-entrenamiento\/"]}]},{"@type":"BreadcrumbList","@id":"https:\/\/adamile.com\/producto\/caballo-de-raid-compra-venta-profesional-centro-de-entrenamiento\/#breadcrumb","itemListElement":[{"@type":"ListItem","position":1,"name":"Portada","item":"https:\/\/adamile.com\/"},{"@type":"ListItem","position":2,"name":"Productos","item":"https:\/\/adamile.com\/shop\/"},{"@type":"ListItem","position":3,"name":"Deojanan\u00e1"}]},{"@type":"WebSite","@id":"https:\/\/adamile.com\/#website","url":"https:\/\/adamile.com\/","name":"Adamile","description":"Entrenamiento de caballos para raid","publisher":{"@id":"https:\/\/adamile.com\/#organization"},"potentialAction":[{"@type":"SearchAction","target":{"@type":"EntryPoint","urlTemplate":"https:\/\/adamile.com\/?s={search_term_string}"},"query-input":"required name=search_term_string"}],"inLanguage":"en-GB"},{"@type":"Organization","@id":"https:\/\/adamile.com\/#organization","name":"ADAMILE","url":"https:\/\/adamile.com\/","sameAs":["https:\/\/www.instagram.com\/_adamile\/","https:\/\/www.facebook.com\/ada.kyouyama"],"logo":{"@type":"ImageObject","inLanguage":"en-GB","@id":"https:\/\/adamile.com\/#\/schema\/logo\/image\/","url":"https:\/\/adamile.com\/wp-content\/uploads\/ada_logomail.png","contentUrl":"https:\/\/adamile.com\/wp-content\/uploads\/ada_logomail.png","width":320,"height":298,"caption":"ADAMILE"},"image":{"@id":"https:\/\/adamile.com\/#\/schema\/logo\/image\/"}}]}},"_links":{"self":[{"href":"https:\/\/adamile.com\/en\/wp-json\/wp\/v2\/product\/1007"}],"collection":[{"href":"https:\/\/adamile.com\/en\/wp-json\/wp\/v2\/product"}],"about":[{"href":"https:\/\/adamile.com\/en\/wp-json\/wp\/v2\/types\/product"}],"replies":[{"embeddable":true,"href":"https:\/\/adamile.com\/en\/wp-json\/wp\/v2\/comments?post=1007"}],"wp:featuredmedia":[{"embeddable":true,"href":"https:\/\/adamile.com\/en\/wp-json\/wp\/v2\/media\/1085"}],"wp:attachment":[{"href":"https:\/\/adamile.com\/en\/wp-json\/wp\/v2\/media?parent=1007"}],"wp:term":[{"taxonomy":"product_cat","embeddable":true,"href":"https:\/\/adamile.com\/en\/wp-json\/wp\/v2\/product_cat?post=1007"},{"taxonomy":"product_tag","embeddable":true,"href":"https:\/\/adamile.com\/en\/wp-json\/wp\/v2\/product_tag?post=1007"}],"curies":[{"name":"wp","href":"https:\/\/api.w.org\/{rel}","templated":true}]}}