{"id":1113,"date":"2024-12-17T15:21:24","date_gmt":"2024-12-17T15:21:24","guid":{"rendered":"https:\/\/adamile.com\/?post_type=product&#038;p=1113"},"modified":"2024-12-22T11:05:32","modified_gmt":"2024-12-22T11:05:32","slug":"alquiler-para-campeonato-del-mundo-de-caballos-jovenes","status":"publish","type":"product","link":"https:\/\/adamile.com\/en\/product\/alquiler-para-campeonato-del-mundo-de-caballos-jovenes\/","title":{"rendered":"Alquiler para Campeonato del mundo de caballos j\u00f3venes 2025"},"content":{"rendered":"<p>Alquiler para Campeonato del mundo de caballos j\u00f3venes 2025<\/p>\n<p>&nbsp;<\/p>\n<p>Caballos disponibles:<\/p>\n<p>Djoska<\/p>\n<p>Hija de Josco du cayrou y Black ninite, con un 80% de carreras terminadas y tres clasificaciones en podium, Djoska es una yegua pura raza \u00e1rabe divertida y vers\u00e1til con la que podr\u00e1s disfrutar galopando. Tiene un galope corto y suave para cuidarse en las bajadas y tambi\u00e9n un c\u00f3modo galope largo para los llanos.<\/p>\n<p>\u00bfQu\u00e9 debo hacer para correr el campeonato de caballos j\u00f3venes 2025?<\/p>\n<p>Para correr el campeonato de caballos j\u00f3venes, el binomio debe estar clasificado en una carrera de la misma distancia. Por tanto, el jinete debe correr previamente una carrera CEI2** 120KM con el caballo que elija para el mundial.<\/p>\n<p>El mundial se correr\u00e1 este a\u00f1o el 2 de agosto en Jullianges, Francia.<\/p>\n<p>&nbsp;<\/p>\n<p>\u00bfQuieres vivir esta experiencia?<\/p>\n<p>No dudes en contactar v\u00eda telef\u00f3nica o WhatsApp<\/p>","protected":false},"excerpt":{"rendered":"<p>Alquiler para Campeonato del mundo de caballos j\u00f3venes 2025 &nbsp; Caballos disponibles: Djoska Hija de Josco du cayrou y Black ninite, con un 80% de carreras terminadas y tres clasificaciones en podium, Djoska es una yegua pura raza \u00e1rabe divertida y vers\u00e1til con la que podr\u00e1s disfrutar galopando. Tiene un galope corto y suave para [&hellip;]<\/p>","protected":false},"featured_media":1114,"comment_status":"open","ping_status":"closed","template":"","meta":[],"product_cat":[73],"product_tag":[],"yoast_head":"<!-- This site is optimized with the Yoast SEO plugin v19.7.1 - https:\/\/yoast.com\/wordpress\/plugins\/seo\/ -->\n<title>Alquiler para Campeonato del mundo de caballos j\u00f3venes 2025 - Adamile<\/title>\n<meta name=\"description\" content=\"Alquiler para Campeonato del mundo de caballos j\u00f3venes\" \/>\n<meta name=\"robots\" content=\"index, follow, max-snippet:-1, max-image-preview:large, max-video-preview:-1\" \/>\n<link rel=\"canonical\" href=\"https:\/\/adamile.com\/en\/product\/alquiler-para-campeonato-del-mundo-de-caballos-jovenes\/\" \/>\n<meta property=\"og:locale\" content=\"en_GB\" \/>\n<meta property=\"og:type\" content=\"article\" \/>\n<meta property=\"og:title\" content=\"Alquiler para Campeonato del mundo de caballos j\u00f3venes 2025 - Adamile\" \/>\n<meta property=\"og:description\" content=\"Alquiler para Campeonato del mundo de caballos j\u00f3venes\" \/>\n<meta property=\"og:url\" content=\"https:\/\/adamile.com\/en\/product\/alquiler-para-campeonato-del-mundo-de-caballos-jovenes\/\" \/>\n<meta property=\"og:site_name\" content=\"Adamile\" \/>\n<meta property=\"article:publisher\" content=\"https:\/\/www.facebook.com\/ada.kyouyama\" \/>\n<meta property=\"article:modified_time\" content=\"2024-12-22T11:05:32+00:00\" \/>\n<meta property=\"og:image\" content=\"https:\/\/adamile.com\/wp-content\/uploads\/world-championship-of-young-horses.png\" \/>\n\t<meta property=\"og:image:width\" content=\"860\" \/>\n\t<meta property=\"og:image:height\" content=\"860\" \/>\n\t<meta property=\"og:image:type\" content=\"image\/png\" \/>\n<meta name=\"twitter:card\" content=\"summary_large_image\" \/>\n<meta name=\"twitter:label1\" content=\"Estimated reading time\" \/>\n\t<meta name=\"twitter:data1\" content=\"1 minute\" \/>\n<script type=\"application\/ld+json\" class=\"yoast-schema-graph\">{\"@context\":\"https:\/\/schema.org\",\"@graph\":[{\"@type\":\"WebPage\",\"@id\":\"https:\/\/adamile.com\/producto\/alquiler-para-campeonato-del-mundo-de-caballos-jovenes\/\",\"url\":\"https:\/\/adamile.com\/producto\/alquiler-para-campeonato-del-mundo-de-caballos-jovenes\/\",\"name\":\"Alquiler para Campeonato del mundo de caballos j\u00f3venes 2025 - Adamile\",\"isPartOf\":{\"@id\":\"https:\/\/adamile.com\/#website\"},\"datePublished\":\"2024-12-17T15:21:24+00:00\",\"dateModified\":\"2024-12-22T11:05:32+00:00\",\"description\":\"Alquiler para Campeonato del mundo de caballos j\u00f3venes\",\"breadcrumb\":{\"@id\":\"https:\/\/adamile.com\/producto\/alquiler-para-campeonato-del-mundo-de-caballos-jovenes\/#breadcrumb\"},\"inLanguage\":\"en-GB\",\"potentialAction\":[{\"@type\":\"ReadAction\",\"target\":[\"https:\/\/adamile.com\/producto\/alquiler-para-campeonato-del-mundo-de-caballos-jovenes\/\"]}]},{\"@type\":\"BreadcrumbList\",\"@id\":\"https:\/\/adamile.com\/producto\/alquiler-para-campeonato-del-mundo-de-caballos-jovenes\/#breadcrumb\",\"itemListElement\":[{\"@type\":\"ListItem\",\"position\":1,\"name\":\"Portada\",\"item\":\"https:\/\/adamile.com\/\"},{\"@type\":\"ListItem\",\"position\":2,\"name\":\"Productos\",\"item\":\"https:\/\/adamile.com\/shop\/\"},{\"@type\":\"ListItem\",\"position\":3,\"name\":\"Alquiler para Campeonato del mundo de caballos j\u00f3venes 2025\"}]},{\"@type\":\"WebSite\",\"@id\":\"https:\/\/adamile.com\/#website\",\"url\":\"https:\/\/adamile.com\/\",\"name\":\"Adamile\",\"description\":\"Entrenamiento de caballos para raid\",\"publisher\":{\"@id\":\"https:\/\/adamile.com\/#organization\"},\"potentialAction\":[{\"@type\":\"SearchAction\",\"target\":{\"@type\":\"EntryPoint\",\"urlTemplate\":\"https:\/\/adamile.com\/?s={search_term_string}\"},\"query-input\":\"required name=search_term_string\"}],\"inLanguage\":\"en-GB\"},{\"@type\":\"Organization\",\"@id\":\"https:\/\/adamile.com\/#organization\",\"name\":\"ADAMILE\",\"url\":\"https:\/\/adamile.com\/\",\"sameAs\":[\"https:\/\/www.instagram.com\/_adamile\/\",\"https:\/\/www.facebook.com\/ada.kyouyama\"],\"logo\":{\"@type\":\"ImageObject\",\"inLanguage\":\"en-GB\",\"@id\":\"https:\/\/adamile.com\/#\/schema\/logo\/image\/\",\"url\":\"https:\/\/adamile.com\/wp-content\/uploads\/ada_logomail.png\",\"contentUrl\":\"https:\/\/adamile.com\/wp-content\/uploads\/ada_logomail.png\",\"width\":320,\"height\":298,\"caption\":\"ADAMILE\"},\"image\":{\"@id\":\"https:\/\/adamile.com\/#\/schema\/logo\/image\/\"}}]}<\/script>\n<!-- \/ Yoast SEO plugin. -->","yoast_head_json":{"title":"Alquiler para Campeonato del mundo de caballos j\u00f3venes 2025 - Adamile","description":"Alquiler para Campeonato del mundo de caballos j\u00f3venes","robots":{"index":"index","follow":"follow","max-snippet":"max-snippet:-1","max-image-preview":"max-image-preview:large","max-video-preview":"max-video-preview:-1"},"canonical":"https:\/\/adamile.com\/en\/product\/alquiler-para-campeonato-del-mundo-de-caballos-jovenes\/","og_locale":"en_GB","og_type":"article","og_title":"Alquiler para Campeonato del mundo de caballos j\u00f3venes 2025 - Adamile","og_description":"Alquiler para Campeonato del mundo de caballos j\u00f3venes","og_url":"https:\/\/adamile.com\/en\/product\/alquiler-para-campeonato-del-mundo-de-caballos-jovenes\/","og_site_name":"Adamile","article_publisher":"https:\/\/www.facebook.com\/ada.kyouyama","article_modified_time":"2024-12-22T11:05:32+00:00","og_image":[{"width":860,"height":860,"url":"https:\/\/adamile.com\/wp-content\/uploads\/world-championship-of-young-horses.png","type":"image\/png"}],"twitter_card":"summary_large_image","twitter_misc":{"Estimated reading time":"1 minute"},"schema":{"@context":"https:\/\/schema.org","@graph":[{"@type":"WebPage","@id":"https:\/\/adamile.com\/producto\/alquiler-para-campeonato-del-mundo-de-caballos-jovenes\/","url":"https:\/\/adamile.com\/producto\/alquiler-para-campeonato-del-mundo-de-caballos-jovenes\/","name":"Alquiler para Campeonato del mundo de caballos j\u00f3venes 2025 - Adamile","isPartOf":{"@id":"https:\/\/adamile.com\/#website"},"datePublished":"2024-12-17T15:21:24+00:00","dateModified":"2024-12-22T11:05:32+00:00","description":"Alquiler para Campeonato del mundo de caballos j\u00f3venes","breadcrumb":{"@id":"https:\/\/adamile.com\/producto\/alquiler-para-campeonato-del-mundo-de-caballos-jovenes\/#breadcrumb"},"inLanguage":"en-GB","potentialAction":[{"@type":"ReadAction","target":["https:\/\/adamile.com\/producto\/alquiler-para-campeonato-del-mundo-de-caballos-jovenes\/"]}]},{"@type":"BreadcrumbList","@id":"https:\/\/adamile.com\/producto\/alquiler-para-campeonato-del-mundo-de-caballos-jovenes\/#breadcrumb","itemListElement":[{"@type":"ListItem","position":1,"name":"Portada","item":"https:\/\/adamile.com\/"},{"@type":"ListItem","position":2,"name":"Productos","item":"https:\/\/adamile.com\/shop\/"},{"@type":"ListItem","position":3,"name":"Alquiler para Campeonato del mundo de caballos j\u00f3venes 2025"}]},{"@type":"WebSite","@id":"https:\/\/adamile.com\/#website","url":"https:\/\/adamile.com\/","name":"Adamile","description":"Entrenamiento de caballos para raid","publisher":{"@id":"https:\/\/adamile.com\/#organization"},"potentialAction":[{"@type":"SearchAction","target":{"@type":"EntryPoint","urlTemplate":"https:\/\/adamile.com\/?s={search_term_string}"},"query-input":"required name=search_term_string"}],"inLanguage":"en-GB"},{"@type":"Organization","@id":"https:\/\/adamile.com\/#organization","name":"ADAMILE","url":"https:\/\/adamile.com\/","sameAs":["https:\/\/www.instagram.com\/_adamile\/","https:\/\/www.facebook.com\/ada.kyouyama"],"logo":{"@type":"ImageObject","inLanguage":"en-GB","@id":"https:\/\/adamile.com\/#\/schema\/logo\/image\/","url":"https:\/\/adamile.com\/wp-content\/uploads\/ada_logomail.png","contentUrl":"https:\/\/adamile.com\/wp-content\/uploads\/ada_logomail.png","width":320,"height":298,"caption":"ADAMILE"},"image":{"@id":"https:\/\/adamile.com\/#\/schema\/logo\/image\/"}}]}},"_links":{"self":[{"href":"https:\/\/adamile.com\/en\/wp-json\/wp\/v2\/product\/1113"}],"collection":[{"href":"https:\/\/adamile.com\/en\/wp-json\/wp\/v2\/product"}],"about":[{"href":"https:\/\/adamile.com\/en\/wp-json\/wp\/v2\/types\/product"}],"replies":[{"embeddable":true,"href":"https:\/\/adamile.com\/en\/wp-json\/wp\/v2\/comments?post=1113"}],"wp:featuredmedia":[{"embeddable":true,"href":"https:\/\/adamile.com\/en\/wp-json\/wp\/v2\/media\/1114"}],"wp:attachment":[{"href":"https:\/\/adamile.com\/en\/wp-json\/wp\/v2\/media?parent=1113"}],"wp:term":[{"taxonomy":"product_cat","embeddable":true,"href":"https:\/\/adamile.com\/en\/wp-json\/wp\/v2\/product_cat?post=1113"},{"taxonomy":"product_tag","embeddable":true,"href":"https:\/\/adamile.com\/en\/wp-json\/wp\/v2\/product_tag?post=1113"}],"curies":[{"name":"wp","href":"https:\/\/api.w.org\/{rel}","templated":true}]}}