{"id":599,"date":"2020-04-24T18:23:24","date_gmt":"2020-04-24T18:23:24","guid":{"rendered":"https:\/\/adamile.com\/?post_type=product&#038;p=599"},"modified":"2021-10-24T12:55:03","modified_gmt":"2021-10-24T12:55:03","slug":"alma-de-la-encina-25","status":"publish","type":"product","link":"https:\/\/adamile.com\/en\/product\/alma-de-la-encina-25\/","title":{"rendered":"Alma de la Encina 25"},"content":{"rendered":"<p><img loading=\"lazy\" class=\"alignnone size-full wp-image-540\" src=\"https:\/\/adamile.com\/wp-content\/uploads\/anglo-arabe-yegua-10anos-157-cm-castano-caballos-de-doma-clasica-caballos-de-ocio-caballos-de-carrera-caballos-de-raid-cambados-1930134_1.jpg\" alt=\"Yegua anglo-arabe de 10 anos157cm color castano de doma clasica.\" width=\"800\" height=\"600\" srcset=\"https:\/\/adamile.com\/wp-content\/uploads\/anglo-arabe-yegua-10anos-157-cm-castano-caballos-de-doma-clasica-caballos-de-ocio-caballos-de-carrera-caballos-de-raid-cambados-1930134_1.jpg 800w, https:\/\/adamile.com\/wp-content\/uploads\/anglo-arabe-yegua-10anos-157-cm-castano-caballos-de-doma-clasica-caballos-de-ocio-caballos-de-carrera-caballos-de-raid-cambados-1930134_1-600x450.jpg 600w, https:\/\/adamile.com\/wp-content\/uploads\/anglo-arabe-yegua-10anos-157-cm-castano-caballos-de-doma-clasica-caballos-de-ocio-caballos-de-carrera-caballos-de-raid-cambados-1930134_1-300x225.jpg 300w, https:\/\/adamile.com\/wp-content\/uploads\/anglo-arabe-yegua-10anos-157-cm-castano-caballos-de-doma-clasica-caballos-de-ocio-caballos-de-carrera-caballos-de-raid-cambados-1930134_1-768x576.jpg 768w\" sizes=\"(max-width: 800px) 100vw, 800px\" \/><\/p>\n<p><strong>Alma de le encina 25<\/strong>. Esta anglo-\u00e1rabe de 1,57 est\u00e1 <span style=\"color: #ff6600;\"><em><strong><a style=\"color: #ff6600;\" href=\"https:\/\/data.fei.org\/Horse\/Performance.aspx?p=33F31DD6398F34A4631825B714AF6F54\" target=\"_blank\" rel=\"noopener noreferrer\">clasificada<\/a><\/strong><\/em><\/span> en 2**<\/p>\n<p><span style=\"color: #ffcc00;\">Ganadora<\/span> en Pol 1* 2021 a 19,7km\/h de media.<\/p>\n<p><span style=\"color: #ffcc00;\">Oro<\/span> por equipos en el campeonato amateur 2020 120km a 17,8km\/h de media.<\/p>\n<p>Est\u00e1 a la venta y tambi\u00e9n est\u00e1 disponible para alquiler temporada 2021.<\/p>\n<p>Yegua 100% fiable, muy dura, buenos aplomos. Compitiendo con herraje com\u00fan.<\/p>\n<p>Recuperaciones de 2 minutos y medio en 2** <span style=\"color: #000000;\"><strong><em><a style=\"color: #000000;\" href=\"https:\/\/adamile.com\/en\/cronicas-del-raid-de-porrua\/\" target=\"_blank\" rel=\"noopener noreferrer\">corriendo a 15-16km\/hora en monta\u00f1a<\/a><\/em><\/strong><\/span>.<\/p>\n<p>Yegua muy completa v\u00e1lida para amazonas y jinetes sin mucha experiencia.<\/p>\n<p>&nbsp;<\/p>\n<p><strong>Crianza.<\/strong> Toda su vida ha estado en semilibertad, lo que garantiza un buen desarrollo y funcionalidad. Propiocepci\u00f3n de 10, jam\u00e1s tropieza en ning\u00fan tipo de terreno. Tambi\u00e9n sabe estar en box.<\/p>\n<p>Hija de Z\u00edngara RD y nieta de Okapi, padre de Jaleo RD 50%, campe\u00f3n de Espa\u00f1a Junior en 2016.<\/p>\n<p>Fue criada en la ganader\u00eda Diego M\u00e9ndez Moreno, est\u00e1 registrada en la<em><span style=\"color: #ff6600;\"> <strong><a style=\"color: #ff6600;\" href=\"http:\/\/aa-incecca.tragsatec.es\/aa-incecca\/caballos\/fichaProducto.xhtml\" target=\"_blank\" rel=\"noopener noreferrer\">AECCAA<\/a><\/strong><\/span><\/em> (Asociaci\u00f3n Espa\u00f1ola de Criadores de Caballos Anglo-\u00e1rabes) con carta de media sangre. Cuenta con su libro <strong>FEI<\/strong> (Federation Equestrian International) v\u00e1lido hasta 2024, con el que puede viajar y correr en cualquier pa\u00eds registrado sin problemas.<\/p>\n<p><strong>En manada<\/strong> Alma es la l\u00edder, ella decide cu\u00e1l es el mejor sitio y d\u00f3nde hay que ir.<\/p>\n<p><strong>Cascos y patas. <\/strong>El desgaste de sus herraduras es muy sim\u00e9trico, prueba de que tiene muy buena pisada. Est\u00e1 completamente limpia, no tiene ning\u00fan sobrehueso ni tuvo nunca una lesi\u00f3n. Esto la convierte en una yegua 100% fiable.<\/p>\n<p><strong>Viajes<\/strong>. Viaja muy bien, sube y baja del van a la primera. Aunque los primeros 5 minutos est\u00e1 un poco inquieta en el remolque si va sola, enseguida se calma. Come y bebe durante largos trayectos y no pierde peso por el estr\u00e9s.<\/p>\n<p><strong>Durante las carreras<\/strong> tambi\u00e9n come constantemente, es toda una profesional, sabe tirar, quedarse atr\u00e1s y estar tranquila en vet-gate, siente el puls\u00f3metro y se relaja, gracias a esto siempre tiene recuperaciones incre\u00edbles. Est\u00e1 clasificada en CEI 2**, por lo que puede correr en cualquier evento de categor\u00eda inferior y tambi\u00e9n campeonatos de 160km con calificaci\u00f3n de 3***.<\/p>\n<p><strong>Pie a tierra<\/strong> es tranquila y se deja hacer de todo (esquilar, herrar, curar heridas, coretraining, estiramientos&#8230;) incluso estando completamente suelta y sin cabezada! Sin embargo, es distante, nunca va a acercarse a pedirte que le rasques.<\/p>\n<p><strong>Montada<\/strong> es una yegua muy activa y l\u00edder, le gusta ir delante, pero si la llevas relajada, sabe ir muy bien detr\u00e1s, no busca pegarse al de delante ni se queda atr\u00e1s, te escucha y va contigo. Tiene una predisposici\u00f3n al trabajo incre\u00edble, un paso largo (puedes sacarle f\u00e1cilmente un ritmo de 8-9km\/h en el calentamiento), trote y galope al ritmo que quieras. Su galope c\u00f3modo es a 23km\/h.<\/p>\n<p>Desde que est\u00e1 en mis manos jam\u00e1s se bot\u00f3 ni se puso de manos ni tir\u00f3 a nadie, no tiene malas intenciones. Solamente, en ocasiones puntuales, s\u00ed que se calienta y quiere correr o ir delante.<\/p>\n<p>Trabaja muy bien sola. La mayor\u00eda de los entrenamientos que hicimos fuimos sin otros caballos y aunque no tenga competencia, si le pides, te da lo que quieras y m\u00e1s. Poco antes de ir a nuestra \u00faltima competici\u00f3n, la puse a prueba en la playa y no tuvo problema en alcanzar, despu\u00e9s de 30km galopando y toda una semana de entrenamiento, los 53km\/hora.<\/p>\n<p>Otras disciplinas. Aunque su especialidad es el raid, en pista tambi\u00e9n tiene muy buenos movimientos, es muy equilibrada, por lo que trabaja bien a ambas manos, buena incurvaci\u00f3n en c\u00edrculos, mete mucho los pies y sabe trabajar con el dorso extendido y relajado. Sabe lo b\u00e1sico, c\u00edrculos, alargamientos y cesiones a la pierna. Es sensible, reacciona muy bien y tiene clase, disfrutas vi\u00e9ndola moverse en una pista.<\/p>\n<p>Alma tambi\u00e9n empieza a manejarse bien en saltos peque\u00f1os hasta 40-60cm, no es algo que practiquemos especialmente y nunca la prob\u00e9 con grandes obst\u00e1culos pero tiene bastante impulso y pienso que podr\u00eda funcionar tambi\u00e9n en esta disciplina.<\/p>\n<p>Alma de la Encina es una yegua muy completa v\u00e1lida para jinetes sin mucha experiencia y divertida para jinetes experimentados de nivel alto.<\/p>\n<p><strong>Si buscas un caballo completo, divertido y con garant\u00eda de trote, \u00a1Alma es tu yegua! No dudes en preguntar por ella.<\/strong><\/p>","protected":false},"excerpt":{"rendered":"<p>Yegua anglo-\u00e1rabe de 1,57 est\u00e1 clasificada en 2**.<\/p>\n<p>Est\u00e1 a la venta y tambi\u00e9n est\u00e1 disponible para alquiler temporada 2020.<\/p>\n<p>Yegua 100% fiable, muy dura, buenos aplomos. Compitiendo con herraje com\u00fan.<\/p>\n<p>Recuperaciones de 2 minutos y medio en 2** corriendo a 15-16km\/hora en monta\u00f1a.<\/p>","protected":false},"featured_media":968,"comment_status":"closed","ping_status":"closed","template":"","meta":[],"product_cat":[71],"product_tag":[],"yoast_head":"<!-- This site is optimized with the Yoast SEO plugin v19.7.1 - https:\/\/yoast.com\/wordpress\/plugins\/seo\/ -->\n<title>Alma de la Encina 25 - Adamile<\/title>\n<meta name=\"description\" content=\"Alma de la Encina 25 es una yegua anglo\u00e1rabe clasificada en dos estrellas, actualmente entrenando y disponible para la venta y alquiler.\" \/>\n<meta name=\"robots\" content=\"index, follow, max-snippet:-1, max-image-preview:large, max-video-preview:-1\" \/>\n<link rel=\"canonical\" href=\"https:\/\/adamile.com\/en\/product\/alma-de-la-encina-25\/\" \/>\n<meta property=\"og:locale\" content=\"en_GB\" \/>\n<meta property=\"og:type\" content=\"article\" \/>\n<meta property=\"og:title\" content=\"Alma de la Encina 25 - Adamile\" \/>\n<meta property=\"og:description\" content=\"Alma de la Encina 25 es una yegua anglo\u00e1rabe clasificada en dos estrellas, actualmente entrenando y disponible para la venta y alquiler.\" \/>\n<meta property=\"og:url\" content=\"https:\/\/adamile.com\/en\/product\/alma-de-la-encina-25\/\" \/>\n<meta property=\"og:site_name\" content=\"Adamile\" \/>\n<meta property=\"article:publisher\" content=\"https:\/\/www.facebook.com\/ada.kyouyama\" \/>\n<meta property=\"article:modified_time\" content=\"2021-10-24T12:55:03+00:00\" \/>\n<meta property=\"og:image\" content=\"https:\/\/adamile.com\/wp-content\/uploads\/Alma-vendida.jpg\" \/>\n\t<meta property=\"og:image:width\" content=\"714\" \/>\n\t<meta property=\"og:image:height\" content=\"714\" \/>\n\t<meta property=\"og:image:type\" content=\"image\/jpeg\" \/>\n<meta name=\"twitter:card\" content=\"summary_large_image\" \/>\n<meta name=\"twitter:label1\" content=\"Estimated reading time\" \/>\n\t<meta name=\"twitter:data1\" content=\"4 minutes\" \/>\n<script type=\"application\/ld+json\" class=\"yoast-schema-graph\">{\"@context\":\"https:\/\/schema.org\",\"@graph\":[{\"@type\":\"WebPage\",\"@id\":\"https:\/\/adamile.com\/producto\/alma-de-la-encina-25\/\",\"url\":\"https:\/\/adamile.com\/producto\/alma-de-la-encina-25\/\",\"name\":\"Alma de la Encina 25 - Adamile\",\"isPartOf\":{\"@id\":\"https:\/\/adamile.com\/#website\"},\"datePublished\":\"2020-04-24T18:23:24+00:00\",\"dateModified\":\"2021-10-24T12:55:03+00:00\",\"description\":\"Alma de la Encina 25 es una yegua anglo\u00e1rabe clasificada en dos estrellas, actualmente entrenando y disponible para la venta y alquiler.\",\"breadcrumb\":{\"@id\":\"https:\/\/adamile.com\/producto\/alma-de-la-encina-25\/#breadcrumb\"},\"inLanguage\":\"en-GB\",\"potentialAction\":[{\"@type\":\"ReadAction\",\"target\":[\"https:\/\/adamile.com\/producto\/alma-de-la-encina-25\/\"]}]},{\"@type\":\"BreadcrumbList\",\"@id\":\"https:\/\/adamile.com\/producto\/alma-de-la-encina-25\/#breadcrumb\",\"itemListElement\":[{\"@type\":\"ListItem\",\"position\":1,\"name\":\"Portada\",\"item\":\"https:\/\/adamile.com\/\"},{\"@type\":\"ListItem\",\"position\":2,\"name\":\"Productos\",\"item\":\"https:\/\/adamile.com\/shop\/\"},{\"@type\":\"ListItem\",\"position\":3,\"name\":\"Alma de la Encina 25\"}]},{\"@type\":\"WebSite\",\"@id\":\"https:\/\/adamile.com\/#website\",\"url\":\"https:\/\/adamile.com\/\",\"name\":\"Adamile\",\"description\":\"Entrenamiento de caballos para raid\",\"publisher\":{\"@id\":\"https:\/\/adamile.com\/#organization\"},\"potentialAction\":[{\"@type\":\"SearchAction\",\"target\":{\"@type\":\"EntryPoint\",\"urlTemplate\":\"https:\/\/adamile.com\/?s={search_term_string}\"},\"query-input\":\"required name=search_term_string\"}],\"inLanguage\":\"en-GB\"},{\"@type\":\"Organization\",\"@id\":\"https:\/\/adamile.com\/#organization\",\"name\":\"ADAMILE\",\"url\":\"https:\/\/adamile.com\/\",\"sameAs\":[\"https:\/\/www.instagram.com\/_adamile\/\",\"https:\/\/www.facebook.com\/ada.kyouyama\"],\"logo\":{\"@type\":\"ImageObject\",\"inLanguage\":\"en-GB\",\"@id\":\"https:\/\/adamile.com\/#\/schema\/logo\/image\/\",\"url\":\"https:\/\/adamile.com\/wp-content\/uploads\/ada_logomail.png\",\"contentUrl\":\"https:\/\/adamile.com\/wp-content\/uploads\/ada_logomail.png\",\"width\":320,\"height\":298,\"caption\":\"ADAMILE\"},\"image\":{\"@id\":\"https:\/\/adamile.com\/#\/schema\/logo\/image\/\"}}]}<\/script>\n<!-- \/ Yoast SEO plugin. -->","yoast_head_json":{"title":"Alma de la Encina 25 - Adamile","description":"Alma de la Encina 25 es una yegua anglo\u00e1rabe clasificada en dos estrellas, actualmente entrenando y disponible para la venta y alquiler.","robots":{"index":"index","follow":"follow","max-snippet":"max-snippet:-1","max-image-preview":"max-image-preview:large","max-video-preview":"max-video-preview:-1"},"canonical":"https:\/\/adamile.com\/en\/product\/alma-de-la-encina-25\/","og_locale":"en_GB","og_type":"article","og_title":"Alma de la Encina 25 - Adamile","og_description":"Alma de la Encina 25 es una yegua anglo\u00e1rabe clasificada en dos estrellas, actualmente entrenando y disponible para la venta y alquiler.","og_url":"https:\/\/adamile.com\/en\/product\/alma-de-la-encina-25\/","og_site_name":"Adamile","article_publisher":"https:\/\/www.facebook.com\/ada.kyouyama","article_modified_time":"2021-10-24T12:55:03+00:00","og_image":[{"width":714,"height":714,"url":"https:\/\/adamile.com\/wp-content\/uploads\/Alma-vendida.jpg","type":"image\/jpeg"}],"twitter_card":"summary_large_image","twitter_misc":{"Estimated reading time":"4 minutes"},"schema":{"@context":"https:\/\/schema.org","@graph":[{"@type":"WebPage","@id":"https:\/\/adamile.com\/producto\/alma-de-la-encina-25\/","url":"https:\/\/adamile.com\/producto\/alma-de-la-encina-25\/","name":"Alma de la Encina 25 - Adamile","isPartOf":{"@id":"https:\/\/adamile.com\/#website"},"datePublished":"2020-04-24T18:23:24+00:00","dateModified":"2021-10-24T12:55:03+00:00","description":"Alma de la Encina 25 es una yegua anglo\u00e1rabe clasificada en dos estrellas, actualmente entrenando y disponible para la venta y alquiler.","breadcrumb":{"@id":"https:\/\/adamile.com\/producto\/alma-de-la-encina-25\/#breadcrumb"},"inLanguage":"en-GB","potentialAction":[{"@type":"ReadAction","target":["https:\/\/adamile.com\/producto\/alma-de-la-encina-25\/"]}]},{"@type":"BreadcrumbList","@id":"https:\/\/adamile.com\/producto\/alma-de-la-encina-25\/#breadcrumb","itemListElement":[{"@type":"ListItem","position":1,"name":"Portada","item":"https:\/\/adamile.com\/"},{"@type":"ListItem","position":2,"name":"Productos","item":"https:\/\/adamile.com\/shop\/"},{"@type":"ListItem","position":3,"name":"Alma de la Encina 25"}]},{"@type":"WebSite","@id":"https:\/\/adamile.com\/#website","url":"https:\/\/adamile.com\/","name":"Adamile","description":"Entrenamiento de caballos para raid","publisher":{"@id":"https:\/\/adamile.com\/#organization"},"potentialAction":[{"@type":"SearchAction","target":{"@type":"EntryPoint","urlTemplate":"https:\/\/adamile.com\/?s={search_term_string}"},"query-input":"required name=search_term_string"}],"inLanguage":"en-GB"},{"@type":"Organization","@id":"https:\/\/adamile.com\/#organization","name":"ADAMILE","url":"https:\/\/adamile.com\/","sameAs":["https:\/\/www.instagram.com\/_adamile\/","https:\/\/www.facebook.com\/ada.kyouyama"],"logo":{"@type":"ImageObject","inLanguage":"en-GB","@id":"https:\/\/adamile.com\/#\/schema\/logo\/image\/","url":"https:\/\/adamile.com\/wp-content\/uploads\/ada_logomail.png","contentUrl":"https:\/\/adamile.com\/wp-content\/uploads\/ada_logomail.png","width":320,"height":298,"caption":"ADAMILE"},"image":{"@id":"https:\/\/adamile.com\/#\/schema\/logo\/image\/"}}]}},"_links":{"self":[{"href":"https:\/\/adamile.com\/en\/wp-json\/wp\/v2\/product\/599"}],"collection":[{"href":"https:\/\/adamile.com\/en\/wp-json\/wp\/v2\/product"}],"about":[{"href":"https:\/\/adamile.com\/en\/wp-json\/wp\/v2\/types\/product"}],"replies":[{"embeddable":true,"href":"https:\/\/adamile.com\/en\/wp-json\/wp\/v2\/comments?post=599"}],"wp:featuredmedia":[{"embeddable":true,"href":"https:\/\/adamile.com\/en\/wp-json\/wp\/v2\/media\/968"}],"wp:attachment":[{"href":"https:\/\/adamile.com\/en\/wp-json\/wp\/v2\/media?parent=599"}],"wp:term":[{"taxonomy":"product_cat","embeddable":true,"href":"https:\/\/adamile.com\/en\/wp-json\/wp\/v2\/product_cat?post=599"},{"taxonomy":"product_tag","embeddable":true,"href":"https:\/\/adamile.com\/en\/wp-json\/wp\/v2\/product_tag?post=599"}],"curies":[{"name":"wp","href":"https:\/\/api.w.org\/{rel}","templated":true}]}}