{"id":609,"date":"2020-04-24T18:52:33","date_gmt":"2020-04-24T18:52:33","guid":{"rendered":"https:\/\/adamile.com\/?post_type=product&#038;p=609"},"modified":"2025-05-10T13:57:55","modified_gmt":"2025-05-10T13:57:55","slug":"molinera","status":"publish","type":"product","link":"https:\/\/adamile.com\/en\/product\/molinera\/","title":{"rendered":"Molinera"},"content":{"rendered":"<h1 style=\"text-align: center;\">Molinera. Best Condition.<\/h1>\n<p style=\"text-align: center;\"><img loading=\"lazy\" class=\"alignnone wp-image-921 size-medium\" src=\"https:\/\/adamile.com\/wp-content\/uploads\/WhatsApp-Image-2020-10-27-at-13.30.54-2-287x300.jpeg\" alt=\"\" width=\"287\" height=\"300\" srcset=\"https:\/\/adamile.com\/wp-content\/uploads\/WhatsApp-Image-2020-10-27-at-13.30.54-2-287x300.jpeg 287w, https:\/\/adamile.com\/wp-content\/uploads\/WhatsApp-Image-2020-10-27-at-13.30.54-2.jpeg 559w\" sizes=\"(max-width: 287px) 100vw, 287px\" \/><\/p>\n<p style=\"text-align: center;\">Molinera, Anglo \u00e1rabe 2015<\/p>\n<p style=\"text-align: center;\">\u00daltima hija de Silver Edition, caballo australiano. Hermanos corriendo 160 a 24km\/hora en Emiratos \u00c1rabes. Con pasaporte.<\/p>\n<p style=\"text-align: center;\">\u00a1Coraz\u00f3n de menos de un minuto! Recuperaciones incre\u00edbles, 26ppm en reposo, tranco largo.<\/p>\n<p>Yegua polivalente, muy buenas aptitudes tambi\u00e9n para salto. Est\u00e1 saltando 1 metro en pista y algunos obst\u00e1culos en el cross.<\/p>\n<p style=\"text-align: center;\">Torda, talla 1,58m, buenos aplomos, \u00e1ngulos espectaculares, cascos muy duros, actualmente barefoot y funcionando, prueba de placas superada en 2019.<\/p>\n<p style=\"text-align: center;\"><strong>Clasificada en dos raids de 80km. Best condition su segundo 40.<\/strong><\/p>\n<p style=\"text-align: center;\">Solo disponible para venta. No esperes a que est\u00e9 clasificada \ud83d\ude09<\/p>\n<p><strong>Crianza.<\/strong> Toda su vida ha estado en semilibertad, lo que garantiza un buen desarrollo y funcionalidad. Buena propiocepci\u00f3n. Tambi\u00e9n sabe estar en box.<\/p>\n<p>Hija de Silver Edition, caballo australiano de 160, hermana de Maquaire Park Sedition, el cual ha corrido a medias de 25 y 26 km\/hora.<\/p>\n<p>Fue criada por Jes\u00fas Manuel Berna.<\/p>\n<p><strong>En manada<\/strong> Molinera es la potra de la manada, siempre anda brincando pero respeta muy bien el pastor el\u00e9ctrico.<\/p>\n<p><strong>Cascos y patas.\u00a0<\/strong>Buenos aplomos en general, ligeramente izquierda de la mano derecha. Cascos muy duros, actualmente descalza y entrenando sin complicaciones. Prueba de placas superada en 2019.<\/p>\n<p><strong>Viajes<\/strong>. Viaja muy bien, sube al van a la primera, prefiere salir por delante. Come y bebe durante largos trayectos y no pierde peso por el estr\u00e9s.<\/p>\n<p><strong>Durante las carreras<\/strong> tambi\u00e9n come y bebe, toda una profesional, sabe tirar, es dif\u00edcil llevarla atr\u00e1s distanciada si va en grupo, quiere ir con los de delante. Sabe estar tranquila en vet-gate, <strong>siempre llega recuperada en carrera<\/strong>\u00a0y en los entrenamientos recupera siempre en menos de 2 minutos.<em><strong> Un coraz\u00f3n incre\u00edble<\/strong>.<\/em><\/p>\n<p>Disfruta en las carreras.<\/p>\n<p><strong>Pie a tierra<\/strong> es curiosa y tranquila. Aunque tiene su car\u00e1cter y sabe decir No cuando no quiere algo, se deja hacer de todo (esquilar, herrar, curar heridas, coretraining, estiramientos&#8230;) incluso estando completamente suelta y sin cabezada! Es cari\u00f1osa, comilona e incluso un poco pesada, en el paddock siempre viene a saludar para que le rasques y le hagas caso.<\/p>\n<p><strong>Montada<\/strong> Solo sabe galopar a 30km\/h, llevarla a menos es todo un reto, en el trote puedes llevarla tranquila a 10-11, pero va muy c\u00f3moda trotando a 15-16km\/h. Sabe llevar un paso largo a 7-8km\/h. Trabaja bastante bien, mete pies y saca las manos que parece que flota, verla galopar es todo un espect\u00e1culo, tiene un tranco largu\u00edsimo, casi parece que no pierde un gramo galopando a 30.<\/p>\n<p>Es TREMENTAMENTE C\u00d3MODA, puedes hacer todos los entrenamientos a trote sentado que es como ir en un sof\u00e1. Vale para cualquier persona incluso ni\u00f1os, va con hackemore pero tambi\u00e9n sabe llevar filete. Se coloca y estira dorso con much\u00edsima facilidad, nunca va invertida. Es flexible y empuja.<\/p>\n<p>En doma solo hemos hecho c\u00edrculos, cesiones, cambios de mano, alargamientos&#8230;<\/p>\n<p><strong>Molinera es una aut\u00e9ntica yegua del desierto, la ver\u00e1s disfrutar corriendo. Nacida para el raid, divertida y cari\u00f1osa, es una potra con un incre\u00edble potencial.<\/strong><\/p>\n<p><strong><em><span style=\"color: #ff9900;\"><a style=\"color: #ff9900;\" href=\"https:\/\/adamile.com\/en\/contacta-con-nosotros\/\">\u00a1Pregunta sin compromiso!<\/a><\/span><\/em><\/strong><\/p>","protected":false},"excerpt":{"rendered":"<p>\u00daltima hija de Silver Edition, caballo australiano. Hermanos corriendo 160 a 24km\/hora en Emiratos \u00c1rabes. Con pasaporte.<\/p>\n<p>\u00a1Coraz\u00f3n de minuto! Recuperaciones incre\u00edbles, 26ppm en reposo, tranco largo.<\/p>\n<p>Torda, talla 1,59m, buenos aplomos, cascos muy duros, actualmente barefoot y funcionando, prueba de placas superada en 2019.<\/p>\n<p><strong>Clasificada para FEI.<\/strong><\/p>\n<p>Solo disponible para venta. No esperes a que est\u00e9 clasificada \ud83d\ude09<\/p>","protected":false},"featured_media":967,"comment_status":"closed","ping_status":"closed","template":"","meta":[],"product_cat":[71],"product_tag":[],"yoast_head":"<!-- This site is optimized with the Yoast SEO plugin v19.7.1 - https:\/\/yoast.com\/wordpress\/plugins\/seo\/ -->\n<title>Molinera - Adamile<\/title>\n<meta name=\"description\" content=\"Molinera es una aut\u00e9ntica yegua del desierto, la ver\u00e1s disfrutar corriendo. Divertida, cari\u00f1osa, movimientos de infarto y coraz\u00f3n de oro.\" \/>\n<meta name=\"robots\" content=\"index, follow, max-snippet:-1, max-image-preview:large, max-video-preview:-1\" \/>\n<link rel=\"canonical\" href=\"https:\/\/adamile.com\/en\/product\/molinera\/\" \/>\n<meta property=\"og:locale\" content=\"en_GB\" \/>\n<meta property=\"og:type\" content=\"article\" \/>\n<meta property=\"og:title\" content=\"Molinera - Adamile\" \/>\n<meta property=\"og:description\" content=\"Molinera es una aut\u00e9ntica yegua del desierto, la ver\u00e1s disfrutar corriendo. Divertida, cari\u00f1osa, movimientos de infarto y coraz\u00f3n de oro.\" \/>\n<meta property=\"og:url\" content=\"https:\/\/adamile.com\/en\/product\/molinera\/\" \/>\n<meta property=\"og:site_name\" content=\"Adamile\" \/>\n<meta property=\"article:publisher\" content=\"https:\/\/www.facebook.com\/ada.kyouyama\" \/>\n<meta property=\"article:modified_time\" content=\"2025-05-10T13:57:55+00:00\" \/>\n<meta property=\"og:image\" content=\"https:\/\/adamile.com\/wp-content\/uploads\/Molinera-vendida.jpg\" \/>\n\t<meta property=\"og:image:width\" content=\"822\" \/>\n\t<meta property=\"og:image:height\" content=\"713\" \/>\n\t<meta property=\"og:image:type\" content=\"image\/jpeg\" \/>\n<meta name=\"twitter:card\" content=\"summary_large_image\" \/>\n<meta name=\"twitter:label1\" content=\"Estimated reading time\" \/>\n\t<meta name=\"twitter:data1\" content=\"3 minutes\" \/>\n<script type=\"application\/ld+json\" class=\"yoast-schema-graph\">{\"@context\":\"https:\/\/schema.org\",\"@graph\":[{\"@type\":\"WebPage\",\"@id\":\"https:\/\/adamile.com\/producto\/molinera\/\",\"url\":\"https:\/\/adamile.com\/producto\/molinera\/\",\"name\":\"Molinera - Adamile\",\"isPartOf\":{\"@id\":\"https:\/\/adamile.com\/#website\"},\"datePublished\":\"2020-04-24T18:52:33+00:00\",\"dateModified\":\"2025-05-10T13:57:55+00:00\",\"description\":\"Molinera es una aut\u00e9ntica yegua del desierto, la ver\u00e1s disfrutar corriendo. Divertida, cari\u00f1osa, movimientos de infarto y coraz\u00f3n de oro.\",\"breadcrumb\":{\"@id\":\"https:\/\/adamile.com\/producto\/molinera\/#breadcrumb\"},\"inLanguage\":\"en-GB\",\"potentialAction\":[{\"@type\":\"ReadAction\",\"target\":[\"https:\/\/adamile.com\/producto\/molinera\/\"]}]},{\"@type\":\"BreadcrumbList\",\"@id\":\"https:\/\/adamile.com\/producto\/molinera\/#breadcrumb\",\"itemListElement\":[{\"@type\":\"ListItem\",\"position\":1,\"name\":\"Portada\",\"item\":\"https:\/\/adamile.com\/\"},{\"@type\":\"ListItem\",\"position\":2,\"name\":\"Productos\",\"item\":\"https:\/\/adamile.com\/shop\/\"},{\"@type\":\"ListItem\",\"position\":3,\"name\":\"Molinera\"}]},{\"@type\":\"WebSite\",\"@id\":\"https:\/\/adamile.com\/#website\",\"url\":\"https:\/\/adamile.com\/\",\"name\":\"Adamile\",\"description\":\"Entrenamiento de caballos para raid\",\"publisher\":{\"@id\":\"https:\/\/adamile.com\/#organization\"},\"potentialAction\":[{\"@type\":\"SearchAction\",\"target\":{\"@type\":\"EntryPoint\",\"urlTemplate\":\"https:\/\/adamile.com\/?s={search_term_string}\"},\"query-input\":\"required name=search_term_string\"}],\"inLanguage\":\"en-GB\"},{\"@type\":\"Organization\",\"@id\":\"https:\/\/adamile.com\/#organization\",\"name\":\"ADAMILE\",\"url\":\"https:\/\/adamile.com\/\",\"sameAs\":[\"https:\/\/www.instagram.com\/_adamile\/\",\"https:\/\/www.facebook.com\/ada.kyouyama\"],\"logo\":{\"@type\":\"ImageObject\",\"inLanguage\":\"en-GB\",\"@id\":\"https:\/\/adamile.com\/#\/schema\/logo\/image\/\",\"url\":\"https:\/\/adamile.com\/wp-content\/uploads\/ada_logomail.png\",\"contentUrl\":\"https:\/\/adamile.com\/wp-content\/uploads\/ada_logomail.png\",\"width\":320,\"height\":298,\"caption\":\"ADAMILE\"},\"image\":{\"@id\":\"https:\/\/adamile.com\/#\/schema\/logo\/image\/\"}}]}<\/script>\n<!-- \/ Yoast SEO plugin. -->","yoast_head_json":{"title":"Molinera - Adamile","description":"Molinera es una aut\u00e9ntica yegua del desierto, la ver\u00e1s disfrutar corriendo. Divertida, cari\u00f1osa, movimientos de infarto y coraz\u00f3n de oro.","robots":{"index":"index","follow":"follow","max-snippet":"max-snippet:-1","max-image-preview":"max-image-preview:large","max-video-preview":"max-video-preview:-1"},"canonical":"https:\/\/adamile.com\/en\/product\/molinera\/","og_locale":"en_GB","og_type":"article","og_title":"Molinera - Adamile","og_description":"Molinera es una aut\u00e9ntica yegua del desierto, la ver\u00e1s disfrutar corriendo. Divertida, cari\u00f1osa, movimientos de infarto y coraz\u00f3n de oro.","og_url":"https:\/\/adamile.com\/en\/product\/molinera\/","og_site_name":"Adamile","article_publisher":"https:\/\/www.facebook.com\/ada.kyouyama","article_modified_time":"2025-05-10T13:57:55+00:00","og_image":[{"width":822,"height":713,"url":"https:\/\/adamile.com\/wp-content\/uploads\/Molinera-vendida.jpg","type":"image\/jpeg"}],"twitter_card":"summary_large_image","twitter_misc":{"Estimated reading time":"3 minutes"},"schema":{"@context":"https:\/\/schema.org","@graph":[{"@type":"WebPage","@id":"https:\/\/adamile.com\/producto\/molinera\/","url":"https:\/\/adamile.com\/producto\/molinera\/","name":"Molinera - Adamile","isPartOf":{"@id":"https:\/\/adamile.com\/#website"},"datePublished":"2020-04-24T18:52:33+00:00","dateModified":"2025-05-10T13:57:55+00:00","description":"Molinera es una aut\u00e9ntica yegua del desierto, la ver\u00e1s disfrutar corriendo. Divertida, cari\u00f1osa, movimientos de infarto y coraz\u00f3n de oro.","breadcrumb":{"@id":"https:\/\/adamile.com\/producto\/molinera\/#breadcrumb"},"inLanguage":"en-GB","potentialAction":[{"@type":"ReadAction","target":["https:\/\/adamile.com\/producto\/molinera\/"]}]},{"@type":"BreadcrumbList","@id":"https:\/\/adamile.com\/producto\/molinera\/#breadcrumb","itemListElement":[{"@type":"ListItem","position":1,"name":"Portada","item":"https:\/\/adamile.com\/"},{"@type":"ListItem","position":2,"name":"Productos","item":"https:\/\/adamile.com\/shop\/"},{"@type":"ListItem","position":3,"name":"Molinera"}]},{"@type":"WebSite","@id":"https:\/\/adamile.com\/#website","url":"https:\/\/adamile.com\/","name":"Adamile","description":"Entrenamiento de caballos para raid","publisher":{"@id":"https:\/\/adamile.com\/#organization"},"potentialAction":[{"@type":"SearchAction","target":{"@type":"EntryPoint","urlTemplate":"https:\/\/adamile.com\/?s={search_term_string}"},"query-input":"required name=search_term_string"}],"inLanguage":"en-GB"},{"@type":"Organization","@id":"https:\/\/adamile.com\/#organization","name":"ADAMILE","url":"https:\/\/adamile.com\/","sameAs":["https:\/\/www.instagram.com\/_adamile\/","https:\/\/www.facebook.com\/ada.kyouyama"],"logo":{"@type":"ImageObject","inLanguage":"en-GB","@id":"https:\/\/adamile.com\/#\/schema\/logo\/image\/","url":"https:\/\/adamile.com\/wp-content\/uploads\/ada_logomail.png","contentUrl":"https:\/\/adamile.com\/wp-content\/uploads\/ada_logomail.png","width":320,"height":298,"caption":"ADAMILE"},"image":{"@id":"https:\/\/adamile.com\/#\/schema\/logo\/image\/"}}]}},"_links":{"self":[{"href":"https:\/\/adamile.com\/en\/wp-json\/wp\/v2\/product\/609"}],"collection":[{"href":"https:\/\/adamile.com\/en\/wp-json\/wp\/v2\/product"}],"about":[{"href":"https:\/\/adamile.com\/en\/wp-json\/wp\/v2\/types\/product"}],"replies":[{"embeddable":true,"href":"https:\/\/adamile.com\/en\/wp-json\/wp\/v2\/comments?post=609"}],"wp:featuredmedia":[{"embeddable":true,"href":"https:\/\/adamile.com\/en\/wp-json\/wp\/v2\/media\/967"}],"wp:attachment":[{"href":"https:\/\/adamile.com\/en\/wp-json\/wp\/v2\/media?parent=609"}],"wp:term":[{"taxonomy":"product_cat","embeddable":true,"href":"https:\/\/adamile.com\/en\/wp-json\/wp\/v2\/product_cat?post=609"},{"taxonomy":"product_tag","embeddable":true,"href":"https:\/\/adamile.com\/en\/wp-json\/wp\/v2\/product_tag?post=609"}],"curies":[{"name":"wp","href":"https:\/\/api.w.org\/{rel}","templated":true}]}}