{"id":881,"date":"2020-05-27T13:04:13","date_gmt":"2020-05-27T13:04:13","guid":{"rendered":"https:\/\/adamile.com\/?post_type=product&#038;p=881"},"modified":"2024-12-17T13:57:33","modified_gmt":"2024-12-17T13:57:33","slug":"clases-para-ninos","status":"publish","type":"product","link":"https:\/\/adamile.com\/en\/product\/clases-para-ninos\/","title":{"rendered":"Clases para ni\u00f1os"},"content":{"rendered":"<p>&nbsp;<\/p>\n<p>Clases individuales de montar a caballo para ni\u00f1os menores de 12 a\u00f1os.<\/p>\n<p>Profesional titulada al cargo. El precio incluye seguro de responsabilidad civil frente a cualquier tipo de accidente durante la actividad.<\/p>\n<p>Tendr\u00e1n una duraci\u00f3n de 40 minutos. Todos los niveles. Destinado a ni\u00f1os a partir de 4 a\u00f1os y hasta 12, tambi\u00e9n se ofrecen paseos a ni\u00f1os menores de 4 a\u00f1os.<\/p>\n<p>Beneficioso para la concentraci\u00f3n, adquieren sensibilidad con el entorno y el medio ambiente, se mejora la propiocepci\u00f3n y estimula todos los sentidos.<\/p>\n<p>\u00a1Aprovecha esta oferta para iniciarlos en equitaci\u00f3n!<\/p>","protected":false},"excerpt":{"rendered":"<p>Clases de montar a caballo para ni\u00f1os menores de 12 a\u00f1os. \u00a1Aprovecha esta oferta para iniciarlos en equitaci\u00f3n!<\/p>","protected":false},"featured_media":882,"comment_status":"open","ping_status":"closed","template":"","meta":[],"product_cat":[75],"product_tag":[],"yoast_head":"<!-- This site is optimized with the Yoast SEO plugin v19.7.1 - https:\/\/yoast.com\/wordpress\/plugins\/seo\/ -->\n<title>Clases para ni\u00f1os - Adamile<\/title>\n<meta name=\"description\" content=\"Clases individuales de montar a caballo para ni\u00f1os menores de 12 a\u00f1os. \u00a1Aprovecha esta oferta para iniciarlos en equitaci\u00f3n!\" \/>\n<meta name=\"robots\" content=\"index, follow, max-snippet:-1, max-image-preview:large, max-video-preview:-1\" \/>\n<link rel=\"canonical\" href=\"https:\/\/adamile.com\/en\/product\/clases-para-ninos\/\" \/>\n<meta property=\"og:locale\" content=\"en_GB\" \/>\n<meta property=\"og:type\" content=\"article\" \/>\n<meta property=\"og:title\" content=\"Clases para ni\u00f1os - Adamile\" \/>\n<meta property=\"og:description\" content=\"Clases individuales de montar a caballo para ni\u00f1os menores de 12 a\u00f1os. \u00a1Aprovecha esta oferta para iniciarlos en equitaci\u00f3n!\" \/>\n<meta property=\"og:url\" content=\"https:\/\/adamile.com\/en\/product\/clases-para-ninos\/\" \/>\n<meta property=\"og:site_name\" content=\"Adamile\" \/>\n<meta property=\"article:publisher\" content=\"https:\/\/www.facebook.com\/ada.kyouyama\" \/>\n<meta property=\"article:modified_time\" content=\"2024-12-17T13:57:33+00:00\" \/>\n<meta property=\"og:image\" content=\"https:\/\/adamile.com\/wp-content\/uploads\/IMG_20200125_212623-scaled.jpg\" \/>\n\t<meta property=\"og:image:width\" content=\"2560\" \/>\n\t<meta property=\"og:image:height\" content=\"1835\" \/>\n\t<meta property=\"og:image:type\" content=\"image\/jpeg\" \/>\n<meta name=\"twitter:card\" content=\"summary_large_image\" \/>\n<meta name=\"twitter:label1\" content=\"Estimated reading time\" \/>\n\t<meta name=\"twitter:data1\" content=\"1 minute\" \/>\n<script type=\"application\/ld+json\" class=\"yoast-schema-graph\">{\"@context\":\"https:\/\/schema.org\",\"@graph\":[{\"@type\":\"WebPage\",\"@id\":\"https:\/\/adamile.com\/producto\/clases-para-ninos\/\",\"url\":\"https:\/\/adamile.com\/producto\/clases-para-ninos\/\",\"name\":\"Clases para ni\u00f1os - Adamile\",\"isPartOf\":{\"@id\":\"https:\/\/adamile.com\/#website\"},\"datePublished\":\"2020-05-27T13:04:13+00:00\",\"dateModified\":\"2024-12-17T13:57:33+00:00\",\"description\":\"Clases individuales de montar a caballo para ni\u00f1os menores de 12 a\u00f1os. \u00a1Aprovecha esta oferta para iniciarlos en equitaci\u00f3n!\",\"breadcrumb\":{\"@id\":\"https:\/\/adamile.com\/producto\/clases-para-ninos\/#breadcrumb\"},\"inLanguage\":\"en-GB\",\"potentialAction\":[{\"@type\":\"ReadAction\",\"target\":[\"https:\/\/adamile.com\/producto\/clases-para-ninos\/\"]}]},{\"@type\":\"BreadcrumbList\",\"@id\":\"https:\/\/adamile.com\/producto\/clases-para-ninos\/#breadcrumb\",\"itemListElement\":[{\"@type\":\"ListItem\",\"position\":1,\"name\":\"Portada\",\"item\":\"https:\/\/adamile.com\/\"},{\"@type\":\"ListItem\",\"position\":2,\"name\":\"Productos\",\"item\":\"https:\/\/adamile.com\/shop\/\"},{\"@type\":\"ListItem\",\"position\":3,\"name\":\"Clases para ni\u00f1os\"}]},{\"@type\":\"WebSite\",\"@id\":\"https:\/\/adamile.com\/#website\",\"url\":\"https:\/\/adamile.com\/\",\"name\":\"Adamile\",\"description\":\"Entrenamiento de caballos para raid\",\"publisher\":{\"@id\":\"https:\/\/adamile.com\/#organization\"},\"potentialAction\":[{\"@type\":\"SearchAction\",\"target\":{\"@type\":\"EntryPoint\",\"urlTemplate\":\"https:\/\/adamile.com\/?s={search_term_string}\"},\"query-input\":\"required name=search_term_string\"}],\"inLanguage\":\"en-GB\"},{\"@type\":\"Organization\",\"@id\":\"https:\/\/adamile.com\/#organization\",\"name\":\"ADAMILE\",\"url\":\"https:\/\/adamile.com\/\",\"sameAs\":[\"https:\/\/www.instagram.com\/_adamile\/\",\"https:\/\/www.facebook.com\/ada.kyouyama\"],\"logo\":{\"@type\":\"ImageObject\",\"inLanguage\":\"en-GB\",\"@id\":\"https:\/\/adamile.com\/#\/schema\/logo\/image\/\",\"url\":\"https:\/\/adamile.com\/wp-content\/uploads\/ada_logomail.png\",\"contentUrl\":\"https:\/\/adamile.com\/wp-content\/uploads\/ada_logomail.png\",\"width\":320,\"height\":298,\"caption\":\"ADAMILE\"},\"image\":{\"@id\":\"https:\/\/adamile.com\/#\/schema\/logo\/image\/\"}}]}<\/script>\n<!-- \/ Yoast SEO plugin. -->","yoast_head_json":{"title":"Clases para ni\u00f1os - Adamile","description":"Clases individuales de montar a caballo para ni\u00f1os menores de 12 a\u00f1os. \u00a1Aprovecha esta oferta para iniciarlos en equitaci\u00f3n!","robots":{"index":"index","follow":"follow","max-snippet":"max-snippet:-1","max-image-preview":"max-image-preview:large","max-video-preview":"max-video-preview:-1"},"canonical":"https:\/\/adamile.com\/en\/product\/clases-para-ninos\/","og_locale":"en_GB","og_type":"article","og_title":"Clases para ni\u00f1os - Adamile","og_description":"Clases individuales de montar a caballo para ni\u00f1os menores de 12 a\u00f1os. \u00a1Aprovecha esta oferta para iniciarlos en equitaci\u00f3n!","og_url":"https:\/\/adamile.com\/en\/product\/clases-para-ninos\/","og_site_name":"Adamile","article_publisher":"https:\/\/www.facebook.com\/ada.kyouyama","article_modified_time":"2024-12-17T13:57:33+00:00","og_image":[{"width":2560,"height":1835,"url":"https:\/\/adamile.com\/wp-content\/uploads\/IMG_20200125_212623-scaled.jpg","type":"image\/jpeg"}],"twitter_card":"summary_large_image","twitter_misc":{"Estimated reading time":"1 minute"},"schema":{"@context":"https:\/\/schema.org","@graph":[{"@type":"WebPage","@id":"https:\/\/adamile.com\/producto\/clases-para-ninos\/","url":"https:\/\/adamile.com\/producto\/clases-para-ninos\/","name":"Clases para ni\u00f1os - Adamile","isPartOf":{"@id":"https:\/\/adamile.com\/#website"},"datePublished":"2020-05-27T13:04:13+00:00","dateModified":"2024-12-17T13:57:33+00:00","description":"Clases individuales de montar a caballo para ni\u00f1os menores de 12 a\u00f1os. \u00a1Aprovecha esta oferta para iniciarlos en equitaci\u00f3n!","breadcrumb":{"@id":"https:\/\/adamile.com\/producto\/clases-para-ninos\/#breadcrumb"},"inLanguage":"en-GB","potentialAction":[{"@type":"ReadAction","target":["https:\/\/adamile.com\/producto\/clases-para-ninos\/"]}]},{"@type":"BreadcrumbList","@id":"https:\/\/adamile.com\/producto\/clases-para-ninos\/#breadcrumb","itemListElement":[{"@type":"ListItem","position":1,"name":"Portada","item":"https:\/\/adamile.com\/"},{"@type":"ListItem","position":2,"name":"Productos","item":"https:\/\/adamile.com\/shop\/"},{"@type":"ListItem","position":3,"name":"Clases para ni\u00f1os"}]},{"@type":"WebSite","@id":"https:\/\/adamile.com\/#website","url":"https:\/\/adamile.com\/","name":"Adamile","description":"Entrenamiento de caballos para raid","publisher":{"@id":"https:\/\/adamile.com\/#organization"},"potentialAction":[{"@type":"SearchAction","target":{"@type":"EntryPoint","urlTemplate":"https:\/\/adamile.com\/?s={search_term_string}"},"query-input":"required name=search_term_string"}],"inLanguage":"en-GB"},{"@type":"Organization","@id":"https:\/\/adamile.com\/#organization","name":"ADAMILE","url":"https:\/\/adamile.com\/","sameAs":["https:\/\/www.instagram.com\/_adamile\/","https:\/\/www.facebook.com\/ada.kyouyama"],"logo":{"@type":"ImageObject","inLanguage":"en-GB","@id":"https:\/\/adamile.com\/#\/schema\/logo\/image\/","url":"https:\/\/adamile.com\/wp-content\/uploads\/ada_logomail.png","contentUrl":"https:\/\/adamile.com\/wp-content\/uploads\/ada_logomail.png","width":320,"height":298,"caption":"ADAMILE"},"image":{"@id":"https:\/\/adamile.com\/#\/schema\/logo\/image\/"}}]}},"_links":{"self":[{"href":"https:\/\/adamile.com\/en\/wp-json\/wp\/v2\/product\/881"}],"collection":[{"href":"https:\/\/adamile.com\/en\/wp-json\/wp\/v2\/product"}],"about":[{"href":"https:\/\/adamile.com\/en\/wp-json\/wp\/v2\/types\/product"}],"replies":[{"embeddable":true,"href":"https:\/\/adamile.com\/en\/wp-json\/wp\/v2\/comments?post=881"}],"wp:featuredmedia":[{"embeddable":true,"href":"https:\/\/adamile.com\/en\/wp-json\/wp\/v2\/media\/882"}],"wp:attachment":[{"href":"https:\/\/adamile.com\/en\/wp-json\/wp\/v2\/media?parent=881"}],"wp:term":[{"taxonomy":"product_cat","embeddable":true,"href":"https:\/\/adamile.com\/en\/wp-json\/wp\/v2\/product_cat?post=881"},{"taxonomy":"product_tag","embeddable":true,"href":"https:\/\/adamile.com\/en\/wp-json\/wp\/v2\/product_tag?post=881"}],"curies":[{"name":"wp","href":"https:\/\/api.w.org\/{rel}","templated":true}]}}