{"id":897,"date":"2020-06-25T14:09:47","date_gmt":"2020-06-25T14:09:47","guid":{"rendered":"https:\/\/adamile.com\/?post_type=product&#038;p=897"},"modified":"2024-09-11T12:46:26","modified_gmt":"2024-09-11T12:46:26","slug":"clases-a-domicilio","status":"publish","type":"product","link":"https:\/\/adamile.com\/en\/product\/clases-a-domicilio\/","title":{"rendered":"Clases a domicilio"},"content":{"rendered":"<p>Te ayudamos a llevaros a ti y a tu caballo a la perfecci\u00f3n como binomio en nuestras clases a domicilio.<\/p>\n<p>Tanto si quieres corregir problemas o modificar conductas, como si quieres preparar a tu caballo para salir, competir o simplemente disfrutar m\u00e1s de \u00e9l, esta es la soluci\u00f3n ideal.<\/p>\n<p>Sin moverte de casa, contrata a una profesional con experiencia para sacar el m\u00e1ximo rendimiento a tu caballo.<\/p>\n<p>Nos desplazamos a toda Galicia.<\/p>\n<p>El precio puede variar en funci\u00f3n del sitio, cuantos m\u00e1s caballos, \u00a1m\u00e1s barato!<\/p>","protected":false},"excerpt":{"rendered":"<p>Te ayudamos a llevaros a ti y a tu caballo a la perfecci\u00f3n como binomio en nuestras clases a domicilio. Tanto si quieres corregir problemas o modificar conductas, como si quieres preparar a tu caballo para salir, competir o simplemente disfrutar m\u00e1s de \u00e9l, esta es la soluci\u00f3n ideal. Sin moverte de casa, contrata a [&hellip;]<\/p>","protected":false},"featured_media":898,"comment_status":"open","ping_status":"closed","template":"","meta":[],"product_cat":[75],"product_tag":[],"yoast_head":"<!-- This site is optimized with the Yoast SEO plugin v19.7.1 - https:\/\/yoast.com\/wordpress\/plugins\/seo\/ -->\n<title>Clases a domicilio - Adamile<\/title>\n<meta name=\"description\" content=\"Clases a domicilio. Tanto si quieres corregir problemas como preparar a tu caballo para salir, competir o simplemente disfrutar m\u00e1s de \u00e9l, te ayudar\u00e9.\" \/>\n<meta name=\"robots\" content=\"index, follow, max-snippet:-1, max-image-preview:large, max-video-preview:-1\" \/>\n<link rel=\"canonical\" href=\"https:\/\/adamile.com\/en\/product\/clases-a-domicilio\/\" \/>\n<meta property=\"og:locale\" content=\"en_GB\" \/>\n<meta property=\"og:type\" content=\"article\" \/>\n<meta property=\"og:title\" content=\"Clases a domicilio - Adamile\" \/>\n<meta property=\"og:description\" content=\"Clases a domicilio. Tanto si quieres corregir problemas como preparar a tu caballo para salir, competir o simplemente disfrutar m\u00e1s de \u00e9l, te ayudar\u00e9.\" \/>\n<meta property=\"og:url\" content=\"https:\/\/adamile.com\/en\/product\/clases-a-domicilio\/\" \/>\n<meta property=\"og:site_name\" content=\"Adamile\" \/>\n<meta property=\"article:publisher\" content=\"https:\/\/www.facebook.com\/ada.kyouyama\" \/>\n<meta property=\"article:modified_time\" content=\"2024-09-11T12:46:26+00:00\" \/>\n<meta property=\"og:image\" content=\"https:\/\/adamile.com\/wp-content\/uploads\/WhatsApp-Image-2020-06-23-at-00.11.38.jpeg\" \/>\n\t<meta property=\"og:image:width\" content=\"2048\" \/>\n\t<meta property=\"og:image:height\" content=\"1536\" \/>\n\t<meta property=\"og:image:type\" content=\"image\/jpeg\" \/>\n<meta name=\"twitter:card\" content=\"summary_large_image\" \/>\n<script type=\"application\/ld+json\" class=\"yoast-schema-graph\">{\"@context\":\"https:\/\/schema.org\",\"@graph\":[{\"@type\":\"WebPage\",\"@id\":\"https:\/\/adamile.com\/producto\/clases-a-domicilio\/\",\"url\":\"https:\/\/adamile.com\/producto\/clases-a-domicilio\/\",\"name\":\"Clases a domicilio - Adamile\",\"isPartOf\":{\"@id\":\"https:\/\/adamile.com\/#website\"},\"datePublished\":\"2020-06-25T14:09:47+00:00\",\"dateModified\":\"2024-09-11T12:46:26+00:00\",\"description\":\"Clases a domicilio. Tanto si quieres corregir problemas como preparar a tu caballo para salir, competir o simplemente disfrutar m\u00e1s de \u00e9l, te ayudar\u00e9.\",\"breadcrumb\":{\"@id\":\"https:\/\/adamile.com\/producto\/clases-a-domicilio\/#breadcrumb\"},\"inLanguage\":\"en-GB\",\"potentialAction\":[{\"@type\":\"ReadAction\",\"target\":[\"https:\/\/adamile.com\/producto\/clases-a-domicilio\/\"]}]},{\"@type\":\"BreadcrumbList\",\"@id\":\"https:\/\/adamile.com\/producto\/clases-a-domicilio\/#breadcrumb\",\"itemListElement\":[{\"@type\":\"ListItem\",\"position\":1,\"name\":\"Portada\",\"item\":\"https:\/\/adamile.com\/\"},{\"@type\":\"ListItem\",\"position\":2,\"name\":\"Productos\",\"item\":\"https:\/\/adamile.com\/shop\/\"},{\"@type\":\"ListItem\",\"position\":3,\"name\":\"Clases a domicilio\"}]},{\"@type\":\"WebSite\",\"@id\":\"https:\/\/adamile.com\/#website\",\"url\":\"https:\/\/adamile.com\/\",\"name\":\"Adamile\",\"description\":\"Entrenamiento de caballos para raid\",\"publisher\":{\"@id\":\"https:\/\/adamile.com\/#organization\"},\"potentialAction\":[{\"@type\":\"SearchAction\",\"target\":{\"@type\":\"EntryPoint\",\"urlTemplate\":\"https:\/\/adamile.com\/?s={search_term_string}\"},\"query-input\":\"required name=search_term_string\"}],\"inLanguage\":\"en-GB\"},{\"@type\":\"Organization\",\"@id\":\"https:\/\/adamile.com\/#organization\",\"name\":\"ADAMILE\",\"url\":\"https:\/\/adamile.com\/\",\"sameAs\":[\"https:\/\/www.instagram.com\/_adamile\/\",\"https:\/\/www.facebook.com\/ada.kyouyama\"],\"logo\":{\"@type\":\"ImageObject\",\"inLanguage\":\"en-GB\",\"@id\":\"https:\/\/adamile.com\/#\/schema\/logo\/image\/\",\"url\":\"https:\/\/adamile.com\/wp-content\/uploads\/ada_logomail.png\",\"contentUrl\":\"https:\/\/adamile.com\/wp-content\/uploads\/ada_logomail.png\",\"width\":320,\"height\":298,\"caption\":\"ADAMILE\"},\"image\":{\"@id\":\"https:\/\/adamile.com\/#\/schema\/logo\/image\/\"}}]}<\/script>\n<!-- \/ Yoast SEO plugin. -->","yoast_head_json":{"title":"Clases a domicilio - Adamile","description":"Clases a domicilio. Tanto si quieres corregir problemas como preparar a tu caballo para salir, competir o simplemente disfrutar m\u00e1s de \u00e9l, te ayudar\u00e9.","robots":{"index":"index","follow":"follow","max-snippet":"max-snippet:-1","max-image-preview":"max-image-preview:large","max-video-preview":"max-video-preview:-1"},"canonical":"https:\/\/adamile.com\/en\/product\/clases-a-domicilio\/","og_locale":"en_GB","og_type":"article","og_title":"Clases a domicilio - Adamile","og_description":"Clases a domicilio. Tanto si quieres corregir problemas como preparar a tu caballo para salir, competir o simplemente disfrutar m\u00e1s de \u00e9l, te ayudar\u00e9.","og_url":"https:\/\/adamile.com\/en\/product\/clases-a-domicilio\/","og_site_name":"Adamile","article_publisher":"https:\/\/www.facebook.com\/ada.kyouyama","article_modified_time":"2024-09-11T12:46:26+00:00","og_image":[{"width":2048,"height":1536,"url":"https:\/\/adamile.com\/wp-content\/uploads\/WhatsApp-Image-2020-06-23-at-00.11.38.jpeg","type":"image\/jpeg"}],"twitter_card":"summary_large_image","schema":{"@context":"https:\/\/schema.org","@graph":[{"@type":"WebPage","@id":"https:\/\/adamile.com\/producto\/clases-a-domicilio\/","url":"https:\/\/adamile.com\/producto\/clases-a-domicilio\/","name":"Clases a domicilio - Adamile","isPartOf":{"@id":"https:\/\/adamile.com\/#website"},"datePublished":"2020-06-25T14:09:47+00:00","dateModified":"2024-09-11T12:46:26+00:00","description":"Clases a domicilio. Tanto si quieres corregir problemas como preparar a tu caballo para salir, competir o simplemente disfrutar m\u00e1s de \u00e9l, te ayudar\u00e9.","breadcrumb":{"@id":"https:\/\/adamile.com\/producto\/clases-a-domicilio\/#breadcrumb"},"inLanguage":"en-GB","potentialAction":[{"@type":"ReadAction","target":["https:\/\/adamile.com\/producto\/clases-a-domicilio\/"]}]},{"@type":"BreadcrumbList","@id":"https:\/\/adamile.com\/producto\/clases-a-domicilio\/#breadcrumb","itemListElement":[{"@type":"ListItem","position":1,"name":"Portada","item":"https:\/\/adamile.com\/"},{"@type":"ListItem","position":2,"name":"Productos","item":"https:\/\/adamile.com\/shop\/"},{"@type":"ListItem","position":3,"name":"Clases a domicilio"}]},{"@type":"WebSite","@id":"https:\/\/adamile.com\/#website","url":"https:\/\/adamile.com\/","name":"Adamile","description":"Entrenamiento de caballos para raid","publisher":{"@id":"https:\/\/adamile.com\/#organization"},"potentialAction":[{"@type":"SearchAction","target":{"@type":"EntryPoint","urlTemplate":"https:\/\/adamile.com\/?s={search_term_string}"},"query-input":"required name=search_term_string"}],"inLanguage":"en-GB"},{"@type":"Organization","@id":"https:\/\/adamile.com\/#organization","name":"ADAMILE","url":"https:\/\/adamile.com\/","sameAs":["https:\/\/www.instagram.com\/_adamile\/","https:\/\/www.facebook.com\/ada.kyouyama"],"logo":{"@type":"ImageObject","inLanguage":"en-GB","@id":"https:\/\/adamile.com\/#\/schema\/logo\/image\/","url":"https:\/\/adamile.com\/wp-content\/uploads\/ada_logomail.png","contentUrl":"https:\/\/adamile.com\/wp-content\/uploads\/ada_logomail.png","width":320,"height":298,"caption":"ADAMILE"},"image":{"@id":"https:\/\/adamile.com\/#\/schema\/logo\/image\/"}}]}},"_links":{"self":[{"href":"https:\/\/adamile.com\/en\/wp-json\/wp\/v2\/product\/897"}],"collection":[{"href":"https:\/\/adamile.com\/en\/wp-json\/wp\/v2\/product"}],"about":[{"href":"https:\/\/adamile.com\/en\/wp-json\/wp\/v2\/types\/product"}],"replies":[{"embeddable":true,"href":"https:\/\/adamile.com\/en\/wp-json\/wp\/v2\/comments?post=897"}],"wp:featuredmedia":[{"embeddable":true,"href":"https:\/\/adamile.com\/en\/wp-json\/wp\/v2\/media\/898"}],"wp:attachment":[{"href":"https:\/\/adamile.com\/en\/wp-json\/wp\/v2\/media?parent=897"}],"wp:term":[{"taxonomy":"product_cat","embeddable":true,"href":"https:\/\/adamile.com\/en\/wp-json\/wp\/v2\/product_cat?post=897"},{"taxonomy":"product_tag","embeddable":true,"href":"https:\/\/adamile.com\/en\/wp-json\/wp\/v2\/product_tag?post=897"}],"curies":[{"name":"wp","href":"https:\/\/api.w.org\/{rel}","templated":true}]}}